{"id":1033,"date":"2011-05-12T12:37:56","date_gmt":"2011-05-12T12:37:56","guid":{"rendered":"http:\/\/compagnietewhoola.wordpress.com\/?page_id=1033"},"modified":"2020-09-17T21:36:51","modified_gmt":"2020-09-17T20:36:51","slug":"1-2","status":"publish","type":"page","link":"https:\/\/www.tewhoola.com\/accueil\/numeros-2\/1-2\/","title":{"rendered":"Spectacle Carbone V"},"content":{"rendered":"<p>Spectacle lumineux, musical, \u00e9tonnant, plein de magie et de po\u00e9sie, qui offre au public un voyage sans paroles.<\/p>\n<p><span style=\"color: #000000;\"><strong>&#8220;Le carbone V&#8221; a fait sa premi\u00e8re publique \u00a0en version \u00a0courte sous forme de num\u00e9ro au festival des arts de la rue d&#8217;Enghien Les Bains en 2011&#8230; tr\u00e8s beau succ\u00e8s public et 2\u00e8me prix d\u00e9cern\u00e9 par le jury du festival!<\/strong><\/span><\/p>\n<p><span style=\"color: #000000;\"><strong>\u00a0<\/strong><\/span><\/p>\n<p><span style=\"color: #000000;\"><strong>D&#8217;une forme extr\u00eamement sobre, le portique de fibre de carbone est un v\u00e9ritable d\u00e9fi technique et artistique: sous les yeux du public, sorti d&#8217;un sac, il prend forme en 5 minutes et appara\u00eet une fine et \u00e9l\u00e9gante structure de 9 m\u00e8tres de hauteur, sur laquelle les acrobates a\u00e9riens vont \u00e9voluer \u00a0(tissu, corde, cercle&#8230;). A peine le voltigeur a-t il pos\u00e9 le pied au sol, que le portique dispara\u00eet litt\u00e9ralement, en 2 minutes, ne laissant dans l&#8217;air que le souvenir d&#8217;une danse a\u00e9rienne.<\/strong><\/span><\/p>\n<p><strong>*<\/strong><\/p>\n<p><strong>Portique de fibre de carbone, l\u00e9ger, ne n\u00e9cessitant aucun ancrage au sol. Hauteur r\u00e9glable, de 4,50 \u00a0jusqu&#8217;\u00e0 9 m\u00e8tres. Surface au sol: un cercle de 8 m\u00e8tres de diam\u00e8tre. Se monte en int\u00e9rieur comme en ext\u00e9rieur par deux personnes, sur un sol plat.<\/strong><\/p>\n\n\t\t<style type=\"text\/css\">\n\t\t\t#gallery-1 {\n\t\t\t\tmargin: auto;\n\t\t\t}\n\t\t\t#gallery-1 .gallery-item {\n\t\t\t\tfloat: left;\n\t\t\t\tmargin-top: 10px;\n\t\t\t\ttext-align: center;\n\t\t\t\twidth: 33%;\n\t\t\t}\n\t\t\t#gallery-1 img {\n\t\t\t\tborder: 2px solid #cfcfcf;\n\t\t\t}\n\t\t\t#gallery-1 .gallery-caption {\n\t\t\t\tmargin-left: 0;\n\t\t\t}\n\t\t\t\/* see gallery_shortcode() in wp-includes\/media.php *\/\n\t\t<\/style>\n\t\t<div id='gallery-1' class='gallery galleryid-1033 gallery-columns-3 gallery-size-thumbnail'><dl class='gallery-item'>\n\t\t\t<dt class='gallery-icon portrait'>\n\t\t\t\t<a href='https:\/\/www.tewhoola.com\/wp-content\/uploads\/2011\/10\/dsc_0601.jpg'><img loading=\"lazy\" decoding=\"async\" width=\"150\" height=\"150\" src=\"https:\/\/www.tewhoola.com\/wp-content\/uploads\/2011\/10\/dsc_0601-150x150.jpg\" class=\"attachment-thumbnail size-thumbnail\" alt=\"LED stilt walkers\" \/><\/a>\n\t\t\t<\/dt><\/dl><dl class='gallery-item'>\n\t\t\t<dt class='gallery-icon portrait'>\n\t\t\t\t<a href='https:\/\/www.tewhoola.com\/wp-content\/uploads\/2011\/05\/tissu-portique-carbone-15.jpg'><img loading=\"lazy\" decoding=\"async\" width=\"150\" height=\"150\" src=\"https:\/\/www.tewhoola.com\/wp-content\/uploads\/2011\/05\/tissu-portique-carbone-15-150x150.jpg\" class=\"attachment-thumbnail size-thumbnail\" alt=\"\" \/><\/a>\n\t\t\t<\/dt><\/dl><dl class='gallery-item'>\n\t\t\t<dt class='gallery-icon portrait'>\n\t\t\t\t<a href='https:\/\/www.tewhoola.com\/wp-content\/uploads\/2011\/05\/tissu-portique-carbone-281.jpg'><img loading=\"lazy\" decoding=\"async\" width=\"150\" height=\"150\" src=\"https:\/\/www.tewhoola.com\/wp-content\/uploads\/2011\/05\/tissu-portique-carbone-281-150x150.jpg\" class=\"attachment-thumbnail size-thumbnail\" alt=\"\" \/><\/a>\n\t\t\t<\/dt><\/dl><br style=\"clear: both\" \/><dl class='gallery-item'>\n\t\t\t<dt class='gallery-icon landscape'>\n\t\t\t\t<a href='https:\/\/www.tewhoola.com\/wp-content\/uploads\/2011\/10\/dsc_0543.jpg'><img loading=\"lazy\" decoding=\"async\" width=\"150\" height=\"150\" src=\"https:\/\/www.tewhoola.com\/wp-content\/uploads\/2011\/10\/dsc_0543-150x150.jpg\" class=\"attachment-thumbnail size-thumbnail\" alt=\"\" aria-describedby=\"gallery-1-1534\" \/><\/a>\n\t\t\t<\/dt>\n\t\t\t\t<dd class='wp-caption-text gallery-caption' id='gallery-1-1534'>\n\t\t\t\techassiers lumineux\n\t\t\t\t<\/dd><\/dl><dl class='gallery-item'>\n\t\t\t<dt class='gallery-icon portrait'>\n\t\t\t\t<a href='https:\/\/www.tewhoola.com\/wp-content\/uploads\/2011\/05\/img_4155.jpg'><img loading=\"lazy\" decoding=\"async\" width=\"150\" height=\"150\" src=\"https:\/\/www.tewhoola.com\/wp-content\/uploads\/2011\/05\/img_4155-150x150.jpg\" class=\"attachment-thumbnail size-thumbnail\" alt=\"\" \/><\/a>\n\t\t\t<\/dt><\/dl><dl class='gallery-item'>\n\t\t\t<dt class='gallery-icon portrait'>\n\t\t\t\t<a href='https:\/\/www.tewhoola.com\/wp-content\/uploads\/2011\/05\/portique-fibre-de-carbone-1.jpg'><img loading=\"lazy\" decoding=\"async\" width=\"150\" height=\"150\" src=\"https:\/\/www.tewhoola.com\/wp-content\/uploads\/2011\/05\/portique-fibre-de-carbone-1-150x150.jpg\" class=\"attachment-thumbnail size-thumbnail\" alt=\"\" \/><\/a>\n\t\t\t<\/dt><\/dl><br style=\"clear: both\" \/><dl class='gallery-item'>\n\t\t\t<dt class='gallery-icon portrait'>\n\t\t\t\t<a href='https:\/\/www.tewhoola.com\/wp-content\/uploads\/2011\/05\/img_4304.jpg'><img loading=\"lazy\" decoding=\"async\" width=\"150\" height=\"150\" src=\"https:\/\/www.tewhoola.com\/wp-content\/uploads\/2011\/05\/img_4304-150x150.jpg\" class=\"attachment-thumbnail size-thumbnail\" alt=\"\" \/><\/a>\n\t\t\t<\/dt><\/dl><dl class='gallery-item'>\n\t\t\t<dt class='gallery-icon portrait'>\n\t\t\t\t<a href='https:\/\/www.tewhoola.com\/wp-content\/uploads\/2011\/05\/img_4097.jpg'><img loading=\"lazy\" decoding=\"async\" width=\"150\" height=\"150\" src=\"https:\/\/www.tewhoola.com\/wp-content\/uploads\/2011\/05\/img_4097-150x150.jpg\" class=\"attachment-thumbnail size-thumbnail\" alt=\"\" \/><\/a>\n\t\t\t<\/dt><\/dl><dl class='gallery-item'>\n\t\t\t<dt class='gallery-icon landscape'>\n\t\t\t\t<a href='https:\/\/www.tewhoola.com\/wp-content\/uploads\/2012\/01\/dsc_0968.jpg'><img loading=\"lazy\" decoding=\"async\" width=\"150\" height=\"150\" src=\"https:\/\/www.tewhoola.com\/wp-content\/uploads\/2012\/01\/dsc_0968-150x150.jpg\" class=\"attachment-thumbnail size-thumbnail\" alt=\"Sara Paone, chanteuse lyrique\" \/><\/a>\n\t\t\t<\/dt><\/dl><br style=\"clear: both\" \/><dl class='gallery-item'>\n\t\t\t<dt class='gallery-icon portrait'>\n\t\t\t\t<a href='https:\/\/www.tewhoola.com\/wp-content\/uploads\/2011\/05\/img_4284.jpg'><img loading=\"lazy\" decoding=\"async\" width=\"150\" height=\"150\" src=\"https:\/\/www.tewhoola.com\/wp-content\/uploads\/2011\/05\/img_4284-150x150.jpg\" class=\"attachment-thumbnail size-thumbnail\" alt=\"\" \/><\/a>\n\t\t\t<\/dt><\/dl><dl class='gallery-item'>\n\t\t\t<dt class='gallery-icon portrait'>\n\t\t\t\t<a href='https:\/\/www.tewhoola.com\/wp-content\/uploads\/2011\/10\/dsc_0576.jpg'><img loading=\"lazy\" decoding=\"async\" width=\"150\" height=\"150\" src=\"https:\/\/www.tewhoola.com\/wp-content\/uploads\/2011\/10\/dsc_0576-150x150.jpg\" class=\"attachment-thumbnail size-thumbnail\" alt=\"\" \/><\/a>\n\t\t\t<\/dt><\/dl><dl class='gallery-item'>\n\t\t\t<dt class='gallery-icon portrait'>\n\t\t\t\t<a href='https:\/\/www.tewhoola.com\/wp-content\/uploads\/2011\/05\/img_4068.jpg'><img loading=\"lazy\" decoding=\"async\" width=\"150\" height=\"150\" src=\"https:\/\/www.tewhoola.com\/wp-content\/uploads\/2011\/05\/img_4068-150x150.jpg\" class=\"attachment-thumbnail size-thumbnail\" alt=\"\" \/><\/a>\n\t\t\t<\/dt><\/dl><br style=\"clear: both\" \/><dl class='gallery-item'>\n\t\t\t<dt class='gallery-icon portrait'>\n\t\t\t\t<a href='https:\/\/www.tewhoola.com\/wp-content\/uploads\/2011\/05\/img_4111.jpg'><img loading=\"lazy\" decoding=\"async\" width=\"150\" height=\"150\" src=\"https:\/\/www.tewhoola.com\/wp-content\/uploads\/2011\/05\/img_4111-150x150.jpg\" class=\"attachment-thumbnail size-thumbnail\" alt=\"\" \/><\/a>\n\t\t\t<\/dt><\/dl><dl class='gallery-item'>\n\t\t\t<dt class='gallery-icon landscape'>\n\t\t\t\t<a href='https:\/\/www.tewhoola.com\/wp-content\/uploads\/2011\/10\/dsc_0564.jpg'><img loading=\"lazy\" decoding=\"async\" width=\"150\" height=\"150\" src=\"https:\/\/www.tewhoola.com\/wp-content\/uploads\/2011\/10\/dsc_0564-150x150.jpg\" class=\"attachment-thumbnail size-thumbnail\" alt=\"\" \/><\/a>\n\t\t\t<\/dt><\/dl>\n\t\t\t<br style='clear: both' \/>\n\t\t<\/div>\n\n<p><span style=\"font-size: small;\"><span style=\"color: #000000;\"><strong><em>Lien vers le clip video du spectacle: \u00a0\u00a0<a href=\"http:\/\/www.youtube.com\/watch?v=YMwbA2JcfOQ\">http:\/\/www.youtube.com\/watch?v=YMwbA2JcfOQ<\/a><br \/>\n<\/em><\/strong><\/span><\/span><\/p>\n<p>Le portique peut \u00eatre port\u00e9 par des \u00e9chassiers sous certaines conditions techniques: sol, surface de jeu, hauteur sous plafond, absence d&#8217;obstacles a\u00e9riens (arbres&#8230;)<\/p>\n<p><span style=\"color: #cc99ff;\"><span style=\"color: #000000;\"><em>Cr\u00e9dits photographiques: <a href=\"http:\/\/www.monomondo.com\/\">Cormac Hanley<\/a>\u00a0, Sandrine Roch Dupland\u00a0<\/em><\/span><\/span><\/p>\n<p><span style=\"color: #cc99ff;\"><span style=\"color: #000000;\"><em> Avec la participation de Cormac Hanley, Lara, Sara, Alex, Valentin&#8230; qu&#8217;ils en soient remerci\u00e9s.\u00a0<\/em><\/span><\/span><\/p>\n","protected":false},"excerpt":{"rendered":"<p>Spectacle lumineux, musical, \u00e9tonnant, plein de magie et de po\u00e9sie, qui offre au public un voyage sans paroles. &#8220;Le carbone V&#8221; a fait sa premi\u00e8re publique \u00a0en version \u00a0courte sous forme de num\u00e9ro au festival des arts de la rue d&#8217;Enghien Les Bains en 2011&#8230; tr\u00e8s beau succ\u00e8s public et 2\u00e8me prix d\u00e9cern\u00e9 par le [&hellip;]<\/p>\n","protected":false},"author":1,"featured_media":0,"parent":427,"menu_order":1,"comment_status":"closed","ping_status":"open","template":"","meta":{"footnotes":""},"class_list":["post-1033","page","type-page","status-publish","hentry"],"_links":{"self":[{"href":"https:\/\/www.tewhoola.com\/accueil\/wp-json\/wp\/v2\/pages\/1033"}],"collection":[{"href":"https:\/\/www.tewhoola.com\/accueil\/wp-json\/wp\/v2\/pages"}],"about":[{"href":"https:\/\/www.tewhoola.com\/accueil\/wp-json\/wp\/v2\/types\/page"}],"author":[{"embeddable":true,"href":"https:\/\/www.tewhoola.com\/accueil\/wp-json\/wp\/v2\/users\/1"}],"replies":[{"embeddable":true,"href":"https:\/\/www.tewhoola.com\/accueil\/wp-json\/wp\/v2\/comments?post=1033"}],"version-history":[{"count":2,"href":"https:\/\/www.tewhoola.com\/accueil\/wp-json\/wp\/v2\/pages\/1033\/revisions"}],"predecessor-version":[{"id":11424,"href":"https:\/\/www.tewhoola.com\/accueil\/wp-json\/wp\/v2\/pages\/1033\/revisions\/11424"}],"up":[{"embeddable":true,"href":"https:\/\/www.tewhoola.com\/accueil\/wp-json\/wp\/v2\/pages\/427"}],"wp:attachment":[{"href":"https:\/\/www.tewhoola.com\/accueil\/wp-json\/wp\/v2\/media?parent=1033"}],"curies":[{"name":"wp","href":"https:\/\/api.w.org\/{rel}","templated":true}]}}