{"id":10849,"date":"2020-08-19T15:27:34","date_gmt":"2020-08-19T14:27:34","guid":{"rendered":"https:\/\/www.tewhoola.com\/accueil\/?page_id=10849"},"modified":"2020-08-19T16:45:29","modified_gmt":"2020-08-19T15:45:29","slug":"echauffement-jonglage","status":"publish","type":"page","link":"https:\/\/www.tewhoola.com\/accueil\/ecole-de-cirque-tewhoola\/jonglage-diego\/echauffement-jonglage\/","title":{"rendered":"Echauffement jonglage"},"content":{"rendered":"\n<h2 class=\"wp-block-heading\"><span style=\"color:#010a0e\" class=\"has-inline-color\">Apr\u00e8s un petit \u00e9chauffement physique&#8230;<\/span><\/h2>\n\n\n\n<figure class=\"wp-block-image size-large\"><img loading=\"lazy\" decoding=\"async\" width=\"498\" height=\"498\" src=\"https:\/\/www.tewhoola.com\/wp-content\/uploads\/2020\/08\/PPG.gif\" alt=\"\" class=\"wp-image-10904\"\/><\/figure>\n\n\n\n<div style=\"height:100px\" aria-hidden=\"true\" class=\"wp-block-spacer\"><\/div>\n\n\n\n\n<table id=\"tablepress-12\" class=\"tablepress tablepress-id-12\">\n<thead>\n<tr class=\"row-1 odd\">\n\t<th class=\"column-1\"><\/th><th class=\"column-2\"><\/th><th class=\"column-3\"><\/th>\n<\/tr>\n<\/thead>\n<tbody class=\"row-hover\">\n<tr class=\"row-2 even\">\n\t<td colspan=\"2\" class=\"column-1\">EXERCICES D'ECHAUFFEMENT JONGLAGE<\/td><td class=\"column-3\"><\/td>\n<\/tr>\n<tr class=\"row-3 odd\">\n\t<td class=\"column-1\">N\u00b0<strong><\/td><td class=\"column-2\">Nombre de balles<\/strong><\/td><td class=\"column-3\">Exercices<strong><\/td>\n<\/tr>\n<tr class=\"row-4 even\">\n\t<td class=\"column-1\">1<\/td><td class=\"column-2\">1<\/td><td class=\"column-3\">ramassage de balle avec le pied (droit et gauche).<\/td>\n<\/tr>\n<tr class=\"row-5 odd\">\n\t<td class=\"column-1\">2<\/td><td class=\"column-2\">1<\/td><td class=\"column-3\">ramassage de balle avec le pied (droit et gauche) sans regarder la balle.<\/td>\n<\/tr>\n<tr class=\"row-6 even\">\n\t<td class=\"column-1\">3<\/td><td class=\"column-2\">1<\/td><td class=\"column-3\">\u00e9veil sensoriel du corps:<br \/>\na. baillement<br \/>\nb. tapoter avec la main sur tout le corps<br \/>\nc. tapoter sur tout le corps avec la balle (enchainements)<br \/>\nd. balle en \u00e9quilibre sur une partie du corps et pr\u00eat \u00e0 rattraper la balle<\/td>\n<\/tr>\n<tr class=\"row-7 odd\">\n\t<td class=\"column-1\">4<\/td><td class=\"column-2\">1 puis 2<\/td><td class=\"column-3\">faire rouler une balle dans la paume de la main (sans la lancer), la m\u00eame chose avec 2 balles.<\/td>\n<\/tr>\n<tr class=\"row-8 even\">\n\t<td class=\"column-1\">5<\/td><td class=\"column-2\">1<\/td><td class=\"column-3\">\u00e9veil sensoriel des mains<br \/>\nMains ouverte tremblement des mains c\u00f4t\u00e9 \u00e0 c\u00f4t\u00e9<br \/>\nTrampoline main<br \/>\nVoyage sur le dos de la main<br \/>\nD\u2019une main \u00e0 l\u2019autre main passant partout (la balle tourne sur elle-m\u00eame)<br \/>\nLe m\u00eame exercice plus contorsionniste<br \/>\nLe m\u00eame exercice avec les yeux ferm\u00e9s<br \/>\nLe m\u00eame exercice au rythme de la musique<\/td>\n<\/tr>\n<tr class=\"row-9 odd\">\n\t<td class=\"column-1\">6<\/td><td class=\"column-2\">1<\/td><td class=\"column-3\">passage d\u20191 balle d\u2019une main \u00e0 l\u2019autre en horizontal, en vertical et dans les 2 diagonales. Faire varier la vitesse des lancers et l\u2019\u00e9cartement des mains.<\/td>\n<\/tr>\n<tr class=\"row-10 even\">\n\t<td class=\"column-1\">7<\/td><td class=\"column-2\">1<\/td><td class=\"column-3\">Lancer-rattraper la balle au rythme de la musique<\/td>\n<\/tr>\n<tr class=\"row-11 odd\">\n\t<td class=\"column-1\">8<\/td><td class=\"column-2\">1 puis 2<\/td><td class=\"column-3\">Exercice du trampoline sur la paume de la main. Alterner rebondir\/attraper. 1 balle puis 2 balles.<\/td>\n<\/tr>\n<tr class=\"row-12 even\">\n\t<td class=\"column-1\">9<\/td><td class=\"column-2\">1 puis 2<\/td><td class=\"column-3\">trampoline sur le dos de la main. Alterner rebondir\/attraper. La m\u00eame chose avec 2 balles.<\/td>\n<\/tr>\n<tr class=\"row-13 odd\">\n\t<td class=\"column-1\">10<\/td><td class=\"column-2\">1<\/td><td class=\"column-3\">1 balle sur le dos de la main, passage d\u2019une main \u00e0 l\u2019autre. Passage d\u2019une main \u00e0 l\u2019autre en croisant une main par dessus l\u2019autre.<\/td>\n<\/tr>\n<tr class=\"row-14 even\">\n\t<td class=\"column-1\">11<\/td><td class=\"column-2\">2<\/td><td class=\"column-3\">la bo\u00eete \u00e0 2 balles: lancer vertical d\u2019une balle et pendant quelle est en l\u2019air, faire un aller-retour horizontal de la deuxi\u00e8me balle entre les 2 mains.<\/td>\n<\/tr>\n<tr class=\"row-15 odd\">\n\t<td class=\"column-1\">12<\/td><td class=\"column-2\">1<\/td><td class=\"column-3\">lancer-rattraper une balle en cloche d\u2019une main vers l\u2019autre, sous la jambe, sous l\u2019autre main en croisant, dans le dos.<\/td>\n<\/tr>\n<tr class=\"row-16 even\">\n\t<td class=\"column-1\">13<\/td><td class=\"column-2\">2<\/td><td class=\"column-3\">M\u00eame s\u00e9rie d'exercices avec 2 balles.<\/td>\n<\/tr>\n<tr class=\"row-17 odd\">\n\t<td class=\"column-1\">14<\/td><td class=\"column-2\">1<\/td><td class=\"column-3\">Lancer 1 balle par dessus l'\u00e9paule (m\u00eame c\u00f4t\u00e9), rattraper dans le dos avec l'autre main. <\/td>\n<\/tr>\n<tr class=\"row-18 even\">\n\t<td class=\"column-1\">15<\/td><td class=\"column-2\">2<\/td><td class=\"column-3\">Lancer les 2 balles en m\u00eame temps avec une seule main. les rattraper chacune dans une main.<\/td>\n<\/tr>\n<tr class=\"row-19 odd\">\n\t<td class=\"column-1\"><\/td><td class=\"column-2\"><\/td><td class=\"column-3\"><\/td>\n<\/tr>\n<tr class=\"row-20 even\">\n\t<td class=\"column-1\"><\/td><td class=\"column-2\"><\/td><td class=\"column-3\"><\/td>\n<\/tr>\n<\/tbody>\n<\/table>\n<!-- #tablepress-12 from cache -->\n","protected":false},"excerpt":{"rendered":"<p>Apr\u00e8s un petit \u00e9chauffement physique&#8230;<\/p>\n","protected":false},"author":1,"featured_media":0,"parent":9037,"menu_order":0,"comment_status":"closed","ping_status":"closed","template":"","meta":{"footnotes":""},"class_list":["post-10849","page","type-page","status-publish","hentry"],"_links":{"self":[{"href":"https:\/\/www.tewhoola.com\/accueil\/wp-json\/wp\/v2\/pages\/10849"}],"collection":[{"href":"https:\/\/www.tewhoola.com\/accueil\/wp-json\/wp\/v2\/pages"}],"about":[{"href":"https:\/\/www.tewhoola.com\/accueil\/wp-json\/wp\/v2\/types\/page"}],"author":[{"embeddable":true,"href":"https:\/\/www.tewhoola.com\/accueil\/wp-json\/wp\/v2\/users\/1"}],"replies":[{"embeddable":true,"href":"https:\/\/www.tewhoola.com\/accueil\/wp-json\/wp\/v2\/comments?post=10849"}],"version-history":[{"count":4,"href":"https:\/\/www.tewhoola.com\/accueil\/wp-json\/wp\/v2\/pages\/10849\/revisions"}],"predecessor-version":[{"id":10911,"href":"https:\/\/www.tewhoola.com\/accueil\/wp-json\/wp\/v2\/pages\/10849\/revisions\/10911"}],"up":[{"embeddable":true,"href":"https:\/\/www.tewhoola.com\/accueil\/wp-json\/wp\/v2\/pages\/9037"}],"wp:attachment":[{"href":"https:\/\/www.tewhoola.com\/accueil\/wp-json\/wp\/v2\/media?parent=10849"}],"curies":[{"name":"wp","href":"https:\/\/api.w.org\/{rel}","templated":true}]}}