{"id":10862,"date":"2020-08-19T15:41:29","date_gmt":"2020-08-19T14:41:29","guid":{"rendered":"https:\/\/www.tewhoola.com\/accueil\/?page_id=10862"},"modified":"2020-11-04T19:33:16","modified_gmt":"2020-11-04T18:33:16","slug":"methode-de-jonglage","status":"publish","type":"page","link":"https:\/\/www.tewhoola.com\/accueil\/ecole-de-cirque-tewhoola\/jonglage-diego\/methode-de-jonglage\/","title":{"rendered":"M\u00e9thode de jonglage"},"content":{"rendered":"\n<div style=\"height:57px\" aria-hidden=\"true\" class=\"wp-block-spacer\"><\/div>\n\n\n\n<div class=\"wp-block-group\"><div class=\"wp-block-group__inner-container is-layout-flow wp-block-group-is-layout-flow\">\n<div class=\"wp-block-group\"><div class=\"wp-block-group__inner-container is-layout-flow wp-block-group-is-layout-flow\">\n<h2 class=\"has-text-align-center wp-block-heading\"><span class=\"has-inline-color has-black-color\">Cours de jonglage en ligne  avec et pour des \u00e9l\u00e8ves de tous \u00e2ges et de tous niveau<\/span><span style=\"color:#020d12\" class=\"has-inline-color\">x<\/span><\/h2>\n<\/div><\/div>\n\n\n\n<p><\/p>\n<\/div><\/div>\n\n\n\n<div style=\"height:50px\" aria-hidden=\"true\" class=\"wp-block-spacer\"><\/div>\n\n\n\n<div class=\"wp-block-group\"><div class=\"wp-block-group__inner-container is-layout-flow wp-block-group-is-layout-flow\">\n<div class=\"wp-block-group\"><div class=\"wp-block-group__inner-container is-layout-flow wp-block-group-is-layout-flow\">\n<div class=\"wp-block-columns has-vivid-red-background-color has-background is-layout-flex wp-container-core-columns-is-layout-1 wp-block-columns-is-layout-flex\">\n<div class=\"wp-block-column is-layout-flow wp-block-column-is-layout-flow\">\n<figure class=\"wp-block-image size-large is-resized\"><img loading=\"lazy\" decoding=\"async\" src=\"https:\/\/www.tewhoola.com\/wp-content\/uploads\/2020\/08\/massues-1.jpg\" alt=\"\" class=\"wp-image-10868\" width=\"218\" height=\"175\" srcset=\"https:\/\/www.tewhoola.com\/wp-content\/uploads\/2020\/08\/massues-1.jpg 474w, https:\/\/www.tewhoola.com\/wp-content\/uploads\/2020\/08\/massues-1-300x242.jpg 300w\" sizes=\"(max-width: 218px) 100vw, 218px\" \/><\/figure>\n<\/div>\n\n\n\n<div class=\"wp-block-column is-layout-flow wp-block-column-is-layout-flow\">\n<figure class=\"wp-block-image size-large is-resized\"><img loading=\"lazy\" decoding=\"async\" src=\"https:\/\/www.tewhoola.com\/wp-content\/uploads\/2020\/08\/felix.gif\" alt=\"\" class=\"wp-image-10863\" width=\"412\" height=\"178\"\/><\/figure>\n<\/div>\n\n\n\n<div class=\"wp-block-column is-layout-flow wp-block-column-is-layout-flow\">\n<div class=\"wp-block-image\"><figure class=\"alignright size-large is-resized\"><img loading=\"lazy\" decoding=\"async\" src=\"https:\/\/www.tewhoola.com\/wp-content\/uploads\/2020\/08\/balles-3.jpg\" alt=\"\" class=\"wp-image-10867\" width=\"175\" height=\"175\" srcset=\"https:\/\/www.tewhoola.com\/wp-content\/uploads\/2020\/08\/balles-3.jpg 474w, https:\/\/www.tewhoola.com\/wp-content\/uploads\/2020\/08\/balles-3-300x300.jpg 300w, https:\/\/www.tewhoola.com\/wp-content\/uploads\/2020\/08\/balles-3-150x150.jpg 150w\" sizes=\"(max-width: 175px) 100vw, 175px\" \/><\/figure><\/div>\n<\/div>\n<\/div>\n<\/div><\/div>\n<\/div><\/div>\n\n\n\n<div style=\"height:50px\" aria-hidden=\"true\" class=\"wp-block-spacer\"><\/div>\n\n\n\n<h2 class=\"wp-block-heading\"><span style=\"color:#010a0e\" class=\"has-inline-color\"> Les s\u00e9ances sont \u00e0 mi-chemin entre un cours et une<\/span> <a rel=\"noreferrer noopener\" href=\"https:\/\/fr.wikipedia.org\/wiki\/Convention_de_jonglerie\" target=\"_blank\">convention de jonglerie<\/a>.<\/h2>\n\n\n\n<h2 class=\"wp-block-heading\"><span class=\"has-inline-color has-black-color\">La s\u00e9ance commence par un \u00e9chauffement collectif puis on passe \u00e0 la technique de jonglage. <\/span><\/h2>\n\n\n\n<h2 class=\"wp-block-heading\"><span style=\"color:#010a0e\" class=\"has-inline-color\">Chacun, quel que soit son niveau de jonglage, travaille <\/span><span style=\"color:#021017\" class=\"has-inline-color\">les exercices et qu&#8217;il a d\u00e9finis lui-m\u00eame.<\/span><\/h2>\n\n\n\n<h2 class=\"wp-block-heading\"><span class=\"has-inline-color has-black-color\">Ils sont organis\u00e9s <\/span><span style=\"color:#021017\" class=\"has-inline-color\">dans ses tableaux personnels. Cela permet que chaque jongleur s&#8217;exerce \u00e0 son niveau, en profitant d&#8217;une \u00e9nergie collective et d&#8217;un cadre structurant. <\/span><\/h2>\n\n\n\n<div style=\"height:56px\" aria-hidden=\"true\" class=\"wp-block-spacer\"><\/div>\n\n\n\n<h2 class=\"wp-block-heading\"><span class=\"has-inline-color has-black-color\">En panne d&#8217;id\u00e9es? Voic<\/span><span style=\"color:#01080a\" class=\"has-inline-color\">i des exemples de tableaux que pourrait \u00e9tablir un \u00e9l\u00e8ve jongleur:<\/span><\/h2>\n\n\n\n<div style=\"height:36px\" aria-hidden=\"true\" class=\"wp-block-spacer\"><\/div>\n\n\n\n<h2 id=\"tablepress-5-name\" class=\"tablepress-table-name tablepress-table-name-id-5\">Exemple tableau jonglage n\u00b01: figures ma\u00eetris\u00e9es<\/h2>\n\n<table id=\"tablepress-5\" class=\"tablepress tablepress-id-5\" aria-labelledby=\"tablepress-5-name\">\n<thead>\n<tr class=\"row-1 odd\">\n\t<th class=\"column-1\">N\u00b0<strong><\/th><th class=\"column-2\">description de la figure<\/strong><\/th>\n<\/tr>\n<\/thead>\n<tbody class=\"row-hover\">\n<tr class=\"row-2 even\">\n\t<td class=\"column-1\">1<\/td><td class=\"column-2\">Lancer frapper rattraper 1 balle<\/td>\n<\/tr>\n<tr class=\"row-3 odd\">\n\t<td class=\"column-1\">2<\/td><td class=\"column-2\">2 balles dans une main<\/td>\n<\/tr>\n<tr class=\"row-4 even\">\n\t<td class=\"column-1\">3<\/td><td class=\"column-2\">Balle sur le dos de la main<\/td>\n<\/tr>\n<tr class=\"row-5 odd\">\n\t<td class=\"column-1\">4<\/td><td class=\"column-2\">Ramasser la balle avec le pied<\/td>\n<\/tr>\n<tr class=\"row-6 even\">\n\t<td class=\"column-1\">5<\/td><td class=\"column-2\">Lancer dans le dos<\/td>\n<\/tr>\n<tr class=\"row-7 odd\">\n\t<td class=\"column-1\"><\/td><td class=\"column-2\"><\/td>\n<\/tr>\n<tr class=\"row-8 even\">\n\t<td class=\"column-1\"><\/td><td class=\"column-2\"><\/td>\n<\/tr>\n<\/tbody>\n<\/table>\n<!-- #tablepress-5 from cache -->\n\n\n\n<div style=\"height:59px\" aria-hidden=\"true\" class=\"wp-block-spacer\"><\/div>\n\n\n\n<h2 id=\"tablepress-7-name\" class=\"tablepress-table-name tablepress-table-name-id-7\">Exemple tableau jonglage n\u00b02: figures r\u00eav\u00e9es<\/h2>\n\n<table id=\"tablepress-7\" class=\"tablepress tablepress-id-7\" aria-labelledby=\"tablepress-7-name\">\n<thead>\n<tr class=\"row-1 odd\">\n\t<th class=\"column-1\">N\u00b0<strong><\/th><th class=\"column-2\">Description de la figure<\/strong><\/th>\n<\/tr>\n<\/thead>\n<tbody class=\"row-hover\">\n<tr class=\"row-2 even\">\n\t<td class=\"column-1\">1<\/td><td class=\"column-2\">Cascade 3 balles<\/td>\n<\/tr>\n<tr class=\"row-3 odd\">\n\t<td class=\"column-1\">2<\/td><td class=\"column-2\">Lancer 2 balles dans le dos<\/td>\n<\/tr>\n<tr class=\"row-4 even\">\n\t<td class=\"column-1\">3<\/td><td class=\"column-2\">30 colonnes 2 balles dans chaque main<\/td>\n<\/tr>\n<tr class=\"row-5 odd\">\n\t<td class=\"column-1\">4<\/td><td class=\"column-2\">douche<\/td>\n<\/tr>\n<tr class=\"row-6 even\">\n\t<td class=\"column-1\">5<\/td><td class=\"column-2\">cascade 3 balles d\u00e9part  dos<\/td>\n<\/tr>\n<tr class=\"row-7 odd\">\n\t<td class=\"column-1\"><\/td><td class=\"column-2\"><\/td>\n<\/tr>\n<tr class=\"row-8 even\">\n\t<td class=\"column-1\"><\/td><td class=\"column-2\"><\/td>\n<\/tr>\n<\/tbody>\n<\/table>\n<!-- #tablepress-7 from cache -->\n\n\n\n<div style=\"height:59px\" aria-hidden=\"true\" class=\"wp-block-spacer\"><\/div>\n\n\n\n<h2 id=\"tablepress-21-name\" class=\"tablepress-table-name tablepress-table-name-id-21\">Exemple tableau n\u00b03: figures r\u00eav\u00e9es<\/h2>\n\n<table id=\"tablepress-21\" class=\"tablepress tablepress-id-21\" aria-labelledby=\"tablepress-21-name\">\n<thead>\n<tr class=\"row-1 odd\">\n\t<th class=\"column-1\">N\u00b0<strong><\/th><th class=\"column-2\">Description de la figure<\/strong><\/th><th class=\"column-3\">date<br \/>\n06\/07\/2020<strong><\/th><th class=\"column-4\">Date<br \/>\n08\/07\/2020<\/strong><\/th><th class=\"column-5\">date<br \/>\n14\/07\/2020<strong><\/th><th class=\"column-6\">etc...<\/th>\n<\/tr>\n<\/thead>\n<tbody class=\"row-hover\">\n<tr class=\"row-2 even\">\n\t<td class=\"column-1\">1<\/td><td class=\"column-2\">cascade 3 massues dans le dos<\/td><td class=\"column-3\">moyen<\/td><td class=\"column-4\">OK<\/td><td class=\"column-5\">OK<\/td><td class=\"column-6\">etc...<\/td>\n<\/tr>\n<tr class=\"row-3 odd\">\n\t<td class=\"column-1\">2<\/td><td class=\"column-2\">3 balles patte de chat<\/td><td class=\"column-3\">\u00e0 travailler<\/td><td class=\"column-4\">Moyen<\/td><td class=\"column-5\">Moyen<\/td><td class=\"column-6\"><\/td>\n<\/tr>\n<tr class=\"row-4 even\">\n\t<td class=\"column-1\">3<\/td><td class=\"column-2\">bo\u00eete 3 balles<\/td><td class=\"column-3\">Moyen<\/td><td class=\"column-4\">Ok<\/td><td class=\"column-5\">Moyen<\/td><td class=\"column-6\"><\/td>\n<\/tr>\n<tr class=\"row-5 odd\">\n\t<td class=\"column-1\">4<\/td><td class=\"column-2\">cascade invers\u00e9e<\/td><td class=\"column-3\">\u00e0 travailler<\/td><td class=\"column-4\">Moyen<\/td><td class=\"column-5\">Ok<\/td><td class=\"column-6\"><\/td>\n<\/tr>\n<tr class=\"row-6 even\">\n\t<td class=\"column-1\">5<\/td><td class=\"column-2\">robot<\/td><td class=\"column-3\">\u00e0 travailler<\/td><td class=\"column-4\">\u00e0 travailler<br \/>\n<br \/>\n<\/td><td class=\"column-5\">\u00e0 travailler<\/td><td class=\"column-6\"><\/td>\n<\/tr>\n<tr class=\"row-7 odd\">\n\t<td class=\"column-1\"><\/td><td class=\"column-2\"><\/td><td class=\"column-3\"><\/td><td class=\"column-4\"><\/td><td class=\"column-5\"><\/td><td class=\"column-6\"><\/td>\n<\/tr>\n<tr class=\"row-8 even\">\n\t<td class=\"column-1\"><\/td><td class=\"column-2\"><\/td><td class=\"column-3\"><\/td><td class=\"column-4\"><\/td><td class=\"column-5\"><\/td><td class=\"column-6\"><\/td>\n<\/tr>\n<\/tbody>\n<\/table>\n<!-- #tablepress-21 from cache -->\n\n\n\n<div style=\"height:100px\" aria-hidden=\"true\" class=\"wp-block-spacer\"><\/div>\n\n\n\n<h2 class=\"wp-block-heading\"><span style=\"color:#010d12\" class=\"has-inline-color\">A chaque ligne de tableau correspond une musique. <\/span><span class=\"has-inline-color has-black-color\">D\u00e8s que la musique change, chacun passe \u00e0 la figure qui correspond \u00e0 cette musique. Par exemple, si la musique est &#8220;Koffe&#8221;, alors tout le monde fait la figure n\u00b0 2 de son tableau 1, chacun travaille donc la figure qui correspond \u00e0 son niveau.   <\/span><\/h2>\n\n\n\n<div style=\"height:32px\" aria-hidden=\"true\" class=\"wp-block-spacer\"><\/div>\n\n\n\n<h2 class=\"wp-block-heading\"><span style=\"color:#01090c\" class=\"has-inline-color\">Tableau 1<\/span>: <span class=\"has-inline-color has-black-color\">figures ma\u00eetris\u00e9es<\/span><\/h2>\n\n\n\n<div style=\"height:20px\" aria-hidden=\"true\" class=\"wp-block-spacer\"><\/div>\n\n\n\n<h2 class=\"wp-block-heading\">\n<table id=\"tablepress-18\" class=\"tablepress tablepress-id-18\">\n<thead>\n<tr class=\"row-1 odd\">\n\t<th class=\"column-1\">N\u00b0 des figures de jonglage<\/th><th class=\"column-2\">Musique<\/th>\n<\/tr>\n<\/thead>\n<tbody class=\"row-hover\">\n<tr class=\"row-2 even\">\n\t<td class=\"column-1\">1<\/td><td class=\"column-2\"><a href=\"https:\/\/youtu.be\/Lc2lvl_yYLg?list=WL\" rel=\"noopener noreferrer\" target=\"_blank\">Lettre \u00e0 Karlise (remix)<\/a><\/td>\n<\/tr>\n<tr class=\"row-3 odd\">\n\t<td class=\"column-1\">2<\/td><td class=\"column-2\"><a href=\"https:\/\/youtu.be\/oSzv3K3Keyg\" rel=\"noopener noreferrer\" target=\"_blank\">Lockdown<\/a><\/td>\n<\/tr>\n<tr class=\"row-4 even\">\n\t<td class=\"column-1\">3<\/td><td class=\"column-2\"><a href=\"https:\/\/youtu.be\/rcIqTd0svYc\" rel=\"noopener noreferrer\" target=\"_blank\">Dance monkey<\/a><\/td>\n<\/tr>\n<tr class=\"row-5 odd\">\n\t<td class=\"column-1\">4<\/td><td class=\"column-2\"><a href=\"https:\/\/youtu.be\/4xcuKEwCDWg\" rel=\"noopener noreferrer\" target=\"_blank\">It ain't Me<\/a><\/td>\n<\/tr>\n<tr class=\"row-6 even\">\n\t<td class=\"column-1\">5<\/td><td class=\"column-2\"><a href=\"https:\/\/www.tewhoola.com\/wp-content\/uploads\/2020\/08\/Reggae-no-woman-no-cry-.mp3\" rel=\"noopener noreferrer\" target=\"_blank\">No woman no Cry<\/a><\/td>\n<\/tr>\n<tr class=\"row-7 odd\">\n\t<td class=\"column-1\">6 (Bonus)<\/td><td class=\"column-2\"><a href=\"https:\/\/www.youtube.com\/watch?v=mYPD6-pEoMA\" rel=\"noopener noreferrer\" target=\"_blank\">coquette<\/a><\/td>\n<\/tr>\n<\/tbody>\n<\/table>\n<!-- #tablepress-18 from cache --><\/h2>\n\n\n\n<div style=\"height:39px\" aria-hidden=\"true\" class=\"wp-block-spacer\"><\/div>\n\n\n\n<h2 class=\"wp-block-heading\"><span style=\"color:#010a0e\" class=\"has-inline-color\">Tableau 1 b (= variantes des figures du tableau 1)<\/span><\/h2>\n\n\n\n<h2 class=\"wp-block-heading\">\n<table id=\"tablepress-23\" class=\"tablepress tablepress-id-23\">\n<thead>\n<tr class=\"row-1 odd\">\n\t<th class=\"column-1\">N\u00b0 des figures de jonglage<\/th><th class=\"column-2\">Musique<\/th>\n<\/tr>\n<\/thead>\n<tbody class=\"row-hover\">\n<tr class=\"row-2 even\">\n\t<td class=\"column-1\">1<\/td><td class=\"column-2\"><a href=\"https:\/\/www.tewhoola.com\/wp-content\/uploads\/2020\/08\/ENCHOCHADO-DE-TI.mp3\" rel=\"noopener noreferrer\" target=\"_blank\">enchochado de ti<\/a><\/td>\n<\/tr>\n<tr class=\"row-3 odd\">\n\t<td class=\"column-1\">2<\/td><td class=\"column-2\"><a href=\"https:\/\/www.tewhoola.com\/wp-content\/uploads\/2020\/08\/jumping-the-line.mp3\" rel=\"noopener noreferrer\" target=\"_blank\">le camping de Line<\/a><\/td>\n<\/tr>\n<tr class=\"row-4 even\">\n\t<td class=\"column-1\">3<\/td><td class=\"column-2\"><a href=\"https:\/\/www.tewhoola.com\/wp-content\/uploads\/2020\/08\/LA-BAMBA.mp3\" rel=\"noopener noreferrer\" target=\"_blank\">La Bamba<\/a><\/td>\n<\/tr>\n<tr class=\"row-5 odd\">\n\t<td class=\"column-1\">4<\/td><td class=\"column-2\"><a href=\"https:\/\/www.tewhoola.com\/wp-content\/uploads\/2020\/08\/HIP-HOP-crocodiles.mp3\" rel=\"noopener noreferrer\" target=\"_blank\">Crocodiles<\/a><\/td>\n<\/tr>\n<tr class=\"row-6 even\">\n\t<td class=\"column-1\">5<\/td><td class=\"column-2\"><a href=\"https:\/\/www.tewhoola.com\/wp-content\/uploads\/2020\/08\/Peter-Bence-Sia.mp3\" rel=\"noopener noreferrer\" target=\"_blank\">Peter Bence Sia<\/a><\/td>\n<\/tr>\n<\/tbody>\n<\/table>\n<!-- #tablepress-23 from cache --><\/h2>\n\n\n\n<p><\/p>\n\n\n\n<h2 class=\"wp-block-heading\"><span style=\"color:#031118\" class=\"has-inline-color\">Tableau 2<\/span>:<span class=\"has-inline-color has-black-color\"> figures r\u00eav\u00e9es<\/span><\/h2>\n\n\n\n<div style=\"height:20px\" aria-hidden=\"true\" class=\"wp-block-spacer\"><\/div>\n\n\n\n<h2 class=\"wp-block-heading\">\n<table id=\"tablepress-20\" class=\"tablepress tablepress-id-20\">\n<thead>\n<tr class=\"row-1 odd\">\n\t<th class=\"column-1\">N\u00b0 des figures de jonglage<\/th><th class=\"column-2\">Musique<\/th>\n<\/tr>\n<\/thead>\n<tbody class=\"row-hover\">\n<tr class=\"row-2 even\">\n\t<td class=\"column-1\">1<\/td><td class=\"column-2\"><a href=\"https:\/\/www.youtube.com\/watch?v=QPtrghsEE2A\" rel=\"noopener noreferrer\" target=\"_blank\">Coach<\/a><\/td>\n<\/tr>\n<tr class=\"row-3 odd\">\n\t<td class=\"column-1\">2<\/td><td class=\"column-2\"><a href=\"https:\/\/www.youtube.com\/watch?v=hdcTmpvDO0I\" rel=\"noopener noreferrer\" target=\"_blank\">I like to move it (Madagascar)<\/a><\/td>\n<\/tr>\n<tr class=\"row-4 even\">\n\t<td class=\"column-1\">3<\/td><td class=\"column-2\"><a href=\"https:\/\/www.youtube.com\/watch?v=0CjxDA91pMA\" rel=\"noopener noreferrer\" target=\"_blank\">La vaca loca<\/a><\/td>\n<\/tr>\n<tr class=\"row-5 odd\">\n\t<td class=\"column-1\">4<\/td><td class=\"column-2\"><a href=\"https:\/\/www.youtube.com\/watch?v=kJQP7kiw5Fk&amp;list=RDkJQP7kiw5Fk&amp;start_radio=1&amp;t=36\" rel=\"noopener noreferrer\" target=\"_blank\">Despacito<\/a><\/td>\n<\/tr>\n<tr class=\"row-6 even\">\n\t<td class=\"column-1\">5<\/td><td class=\"column-2\"><a href=\"https:\/\/www.youtube.com\/watch?v=-SufUq4M0EY\" rel=\"noopener noreferrer\" target=\"_blank\">zum zum zum<\/a><\/td>\n<\/tr>\n<\/tbody>\n<\/table>\n<!-- #tablepress-20 from cache --><\/h2>\n\n\n\n<div style=\"height:20px\" aria-hidden=\"true\" class=\"wp-block-spacer\"><\/div>\n\n\n\n<h2 class=\"wp-block-heading\"><span style=\"color:#020d12\" class=\"has-inline-color\">Tableau 3<\/span><span class=\"has-inline-color has-black-color\">: figures r\u00eav\u00e9es, la suite&#8230;<\/span><\/h2>\n\n\n\n<div style=\"height:20px\" aria-hidden=\"true\" class=\"wp-block-spacer\"><\/div>\n\n\n\n<h2 class=\"wp-block-heading\">\n<table id=\"tablepress-19\" class=\"tablepress tablepress-id-19\">\n<thead>\n<tr class=\"row-1 odd\">\n\t<th class=\"column-1\">N\u00b0 des figures de jonglage<\/th><th class=\"column-2\">Musique<\/th>\n<\/tr>\n<\/thead>\n<tbody class=\"row-hover\">\n<tr class=\"row-2 even\">\n\t<td class=\"column-1\">1<\/td><td class=\"column-2\"><a href=\"https:\/\/www.youtube.com\/watch?v=QLz9VaksClg\" rel=\"noopener noreferrer\" target=\"_blank\">Agua<\/a><\/td>\n<\/tr>\n<tr class=\"row-3 odd\">\n\t<td class=\"column-1\">2<\/td><td class=\"column-2\"><a href=\"https:\/\/www.youtube.com\/watch?v=vxIOUJ7by6U\" rel=\"noopener noreferrer\" target=\"_blank\">Electric<\/a><\/td>\n<\/tr>\n<tr class=\"row-4 even\">\n\t<td class=\"column-1\">3<\/td><td class=\"column-2\"><a href=\"https:\/\/www.youtube.com\/watch?v=hKn7pVF8O4c\" rel=\"noopener noreferrer\" target=\"_blank\">beautiful reggae<\/a><\/td>\n<\/tr>\n<tr class=\"row-5 odd\">\n\t<td class=\"column-1\">4<\/td><td class=\"column-2\"><a href=\"https:\/\/www.youtube.com\/watch?v=LPd_ry0zaKk\" rel=\"noopener noreferrer\" target=\"_blank\">Mapal\u00e9<\/a><\/td>\n<\/tr>\n<tr class=\"row-6 even\">\n\t<td class=\"column-1\">5<\/td><td class=\"column-2\"><a href=\"https:\/\/www.youtube.com\/watch?v=FhY0Mu0FV94\" rel=\"noopener noreferrer\" target=\"_blank\">country<\/a><\/td>\n<\/tr>\n<\/tbody>\n<\/table>\n<!-- #tablepress-19 from cache --><\/h2>\n\n\n\n<div style=\"height:41px\" aria-hidden=\"true\" class=\"wp-block-spacer\"><\/div>\n\n\n\n<div style=\"height:55px\" aria-hidden=\"true\" class=\"wp-block-spacer\"><\/div>\n\n\n\n<h2 class=\"wp-block-heading\"><span style=\"color:#010a0e\" class=\"has-inline-color\">&#8211; Les samedis, travail de la technique<\/span><\/h2>\n\n\n\n<h2 class=\"wp-block-heading\"><span style=\"color:#020e13\" class=\"has-inline-color\">&#8211; Les dimanches en fin de s\u00e9ance, on s&#8217;\u00e9change astuces, exercices et  id\u00e9es<\/span><\/h2>\n\n\n\n<h2 class=\"wp-block-heading\">&#8211; l<span style=\"color:#020e14\" class=\"has-inline-color\">es lundis en fin de s\u00e9ance, on fait un bilan de la semaine de jonglage et on visionne parfois une vid\u00e9o envoy\u00e9e par un participant \u00e0 notre m\u00e9diath\u00e8que <a rel=\"noreferrer noopener\" href=\"https:\/\/www.tewhoola.com\/accueil\/ecole-de-cirque-tewhoola\/cirquecole-en-ligne\/jonglage-diego\/wiki-juggling\/\" target=\"_blank\">Wiki juggling<\/a><\/span><\/h2>\n\n\n\n<h2 class=\"wp-block-heading\"><span style=\"color:#02131b\" class=\"has-inline-color\">&#8230; les autres jours de la semaine, <\/span><span style=\"color:#020e13\" class=\"has-inline-color\">chacun jongle de son c\u00f4t\u00e9<\/span>!<\/h2>\n\n\n\n<div style=\"height:71px\" aria-hidden=\"true\" class=\"wp-block-spacer\"><\/div>\n\n\n\n<div style=\"height:100px\" aria-hidden=\"true\" class=\"wp-block-spacer\"><\/div>\n\n\n\n<h2 class=\"wp-block-heading\"><span class=\"has-inline-color has-black-color\">Pour s&#8217;inspirer, les \u00e9l\u00e8ves ont fait une liste de figures \u00e0 3 balles<\/span>:<\/h2>\n\n\n\n<div style=\"height:20px\" aria-hidden=\"true\" class=\"wp-block-spacer\"><\/div>\n\n\n\n<h3 class=\"wp-block-heading\"><span style=\"color:#010a0d\" class=\"has-inline-color\">\n<table id=\"tablepress-24\" class=\"tablepress tablepress-id-24\">\n<thead>\n<tr class=\"row-1 odd\">\n\t<th class=\"column-1\">1<\/th><th class=\"column-2\">cascade<\/th>\n<\/tr>\n<\/thead>\n<tbody class=\"row-hover\">\n<tr class=\"row-2 even\">\n\t<td class=\"column-1\">2<\/td><td class=\"column-2\">cascade invers\u00e9e<\/td>\n<\/tr>\n<tr class=\"row-3 odd\">\n\t<td class=\"column-1\">3<\/td><td class=\"column-2\">cascade passage sous la jambe<\/td>\n<\/tr>\n<tr class=\"row-4 even\">\n\t<td class=\"column-1\">4<\/td><td class=\"column-2\">cascade croisement des mains<\/td>\n<\/tr>\n<tr class=\"row-5 odd\">\n\t<td class=\"column-1\">5<\/td><td class=\"column-2\">haricot gauche<\/td>\n<\/tr>\n<tr class=\"row-6 even\">\n\t<td class=\"column-1\">6<\/td><td class=\"column-2\">haricot droit<\/td>\n<\/tr>\n<tr class=\"row-7 odd\">\n\t<td class=\"column-1\">7<\/td><td class=\"column-2\">cascade invers\u00e9e<\/td>\n<\/tr>\n<tr class=\"row-8 even\">\n\t<td class=\"column-1\">8<\/td><td class=\"column-2\">cascade d\u00e9part 2 balles<\/td>\n<\/tr>\n<tr class=\"row-9 odd\">\n\t<td class=\"column-1\">9<\/td><td class=\"column-2\">d\u00e9part 2 balles mains crois\u00e9es<\/td>\n<\/tr>\n<tr class=\"row-10 even\">\n\t<td class=\"column-1\">10<\/td><td class=\"column-2\">d\u00e9part 2 balles sous la jambe<\/td>\n<\/tr>\n<tr class=\"row-11 odd\">\n\t<td class=\"column-1\">11<\/td><td class=\"column-2\">d\u00e9part 2 balles dans le dos<\/td>\n<\/tr>\n<tr class=\"row-12 even\">\n\t<td class=\"column-1\">12<\/td><td class=\"column-2\">cascade \u00e9quilibre sur 2 doigts<\/td>\n<\/tr>\n<tr class=\"row-13 odd\">\n\t<td class=\"column-1\">13<\/td><td class=\"column-2\">d\u00e9part une balle au pied<\/td>\n<\/tr>\n<tr class=\"row-14 even\">\n\t<td class=\"column-1\">14<\/td><td class=\"column-2\">cascade 1 pirouette<\/td>\n<\/tr>\n<tr class=\"row-15 odd\">\n\t<td class=\"column-1\">15<\/td><td class=\"column-2\">bo\u00eete<\/td>\n<\/tr>\n<tr class=\"row-16 even\">\n\t<td class=\"column-1\">16<\/td><td class=\"column-2\">douche<\/td>\n<\/tr>\n<tr class=\"row-17 odd\">\n\t<td class=\"column-1\">17<\/td><td class=\"column-2\">ascenseur<\/td>\n<\/tr>\n<tr class=\"row-18 even\">\n\t<td class=\"column-1\">18<\/td><td class=\"column-2\">ascenseur lanc\u00e9<\/td>\n<\/tr>\n<tr class=\"row-19 odd\">\n\t<td class=\"column-1\">19<\/td><td class=\"column-2\">patte de chat<\/td>\n<\/tr>\n<tr class=\"row-20 even\">\n\t<td class=\"column-1\">20<\/td><td class=\"column-2\">cascade au dessus de la t\u00eate<\/td>\n<\/tr>\n<tr class=\"row-21 odd\">\n\t<td class=\"column-1\">21<\/td><td class=\"column-2\">cascade\/la balle rebondit sur le genou<\/td>\n<\/tr>\n<tr class=\"row-22 even\">\n\t<td class=\"column-1\">22<\/td><td class=\"column-2\"><\/td>\n<\/tr>\n<tr class=\"row-23 odd\">\n\t<td class=\"column-1\">23<\/td><td class=\"column-2\"><\/td>\n<\/tr>\n<tr class=\"row-24 even\">\n\t<td class=\"column-1\">24<\/td><td class=\"column-2\"><\/td>\n<\/tr>\n<tr class=\"row-25 odd\">\n\t<td class=\"column-1\">25<\/td><td class=\"column-2\"><\/td>\n<\/tr>\n<\/tbody>\n<\/table>\n<!-- #tablepress-24 from cache --><\/span><\/h3>\n\n\n\n<div style=\"height:29px\" aria-hidden=\"true\" class=\"wp-block-spacer\"><\/div>\n\n\n\n<h1 class=\"wp-block-heading\"><span class=\"has-inline-color has-black-color\">Beaucoup plus d&#8217;id\u00e9es, astuces, conseils et d\u00e9monstrations <a href=\"https:\/\/www.tewhoola.com\/accueil\/ecole-de-cirque-tewhoola\/cirquecole-en-ligne\/jonglage-diego\/wiki-juggling\/\" data-type=\"page\" data-id=\"9358\"> <\/a><\/span><strong><a href=\"https:\/\/www.tewhoola.com\/accueil\/ecole-de-cirque-tewhoola\/cirquecole-en-ligne\/jonglage-diego\/wiki-juggling\/\" data-type=\"page\" data-id=\"9358\" target=\"_blank\" rel=\"noreferrer noopener\"><span class=\"has-inline-color has-vivid-red-color\">ici<\/span><\/a><\/strong><\/h1>\n\n\n\n<div class=\"wp-block-image\"><figure class=\"aligncenter size-large is-resized\"><a href=\"https:\/\/www.tewhoola.com\/accueil\/ecole-de-cirque-tewhoola\/cirquecole-en-ligne\/jonglage-diego\/wiki-juggling\/\" target=\"_blank\" rel=\"noopener noreferrer\"><img loading=\"lazy\" decoding=\"async\" src=\"https:\/\/www.tewhoola.com\/wp-content\/uploads\/2020\/07\/\u00e9chassiers-lumineux-1-2.jpg\" alt=\"\" class=\"wp-image-10111\" width=\"270\" height=\"405\"\/><\/a><\/figure><\/div>\n\n\n\n<p><\/p>\n","protected":false},"excerpt":{"rendered":"<p>Cours de jonglage en ligne avec et pour des \u00e9l\u00e8ves de tous \u00e2ges et de tous niveaux Les s\u00e9ances sont \u00e0 mi-chemin entre un cours et une convention de jonglerie. La s\u00e9ance commence par un \u00e9chauffement collectif puis on passe \u00e0 la technique de jonglage. Chacun, quel que soit son niveau de jonglage, travaille les [&hellip;]<\/p>\n","protected":false},"author":1,"featured_media":0,"parent":9037,"menu_order":0,"comment_status":"closed","ping_status":"closed","template":"","meta":{"footnotes":""},"class_list":["post-10862","page","type-page","status-publish","hentry"],"_links":{"self":[{"href":"https:\/\/www.tewhoola.com\/accueil\/wp-json\/wp\/v2\/pages\/10862"}],"collection":[{"href":"https:\/\/www.tewhoola.com\/accueil\/wp-json\/wp\/v2\/pages"}],"about":[{"href":"https:\/\/www.tewhoola.com\/accueil\/wp-json\/wp\/v2\/types\/page"}],"author":[{"embeddable":true,"href":"https:\/\/www.tewhoola.com\/accueil\/wp-json\/wp\/v2\/users\/1"}],"replies":[{"embeddable":true,"href":"https:\/\/www.tewhoola.com\/accueil\/wp-json\/wp\/v2\/comments?post=10862"}],"version-history":[{"count":53,"href":"https:\/\/www.tewhoola.com\/accueil\/wp-json\/wp\/v2\/pages\/10862\/revisions"}],"predecessor-version":[{"id":12388,"href":"https:\/\/www.tewhoola.com\/accueil\/wp-json\/wp\/v2\/pages\/10862\/revisions\/12388"}],"up":[{"embeddable":true,"href":"https:\/\/www.tewhoola.com\/accueil\/wp-json\/wp\/v2\/pages\/9037"}],"wp:attachment":[{"href":"https:\/\/www.tewhoola.com\/accueil\/wp-json\/wp\/v2\/media?parent=10862"}],"curies":[{"name":"wp","href":"https:\/\/api.w.org\/{rel}","templated":true}]}}