{"id":11401,"date":"2020-09-17T17:50:46","date_gmt":"2020-09-17T16:50:46","guid":{"rendered":"https:\/\/www.tewhoola.com\/accueil\/?page_id=11401"},"modified":"2022-10-24T23:27:56","modified_gmt":"2022-10-24T22:27:56","slug":"nature-parade-vegetale","status":"publish","type":"page","link":"https:\/\/www.tewhoola.com\/accueil\/parades\/nature-parade-vegetale\/","title":{"rendered":"Nature, parade v\u00e9g\u00e9tale"},"content":{"rendered":"\n<div style=\"height:48px\" aria-hidden=\"true\" class=\"wp-block-spacer\"><\/div>\n\n\n\n<div class=\"wp-block-cover is-light\" style=\"min-height:419px;aspect-ratio:unset;\"><span aria-hidden=\"true\" class=\"wp-block-cover__background has-background-dim-0 has-background-dim\"><\/span><img loading=\"lazy\" decoding=\"async\" width=\"245\" height=\"245\" class=\"wp-block-cover__image-background wp-image-13840\" alt=\"\" src=\"https:\/\/www.tewhoola.com\/wp-content\/uploads\/2022\/10\/spectacle-fleurs.gif\" data-object-fit=\"cover\"\/><div class=\"wp-block-cover__inner-container is-layout-flow wp-block-cover-is-layout-flow\">\n<blockquote class=\"wp-block-quote has-large-font-size is-layout-flow wp-block-quote-is-layout-flow\"><p>En solo, en duo ou en bouquet de cinq fleurs, les \u00e9chassi\u00e8res nature ensoleillent l&#8217;\u00e9v\u00e8nement!<\/p><\/blockquote>\n<\/div><\/div>\n\n\n\n<div style=\"height:52px\" aria-hidden=\"true\" class=\"wp-block-spacer\"><\/div>\n\n\n<div id=\"metaslider-id-13393\" style=\"max-width: 901px;\" class=\"ml-slider-3-90-1 metaslider metaslider-flex metaslider-13393 ml-slider ms-theme-nivo-dark has-dots-nav\" role=\"region\" aria-roledescription=\"Slideshow\" aria-label=\"\u00e9chassiers nature\">\n    <div id=\"metaslider_container_13393\">\n        <div id=\"metaslider_13393\" class=\"flexslider\">\n            <ul class='slides'>\n                <li style=\"display: block; width: 100%;\" class=\"slide-13867 ms-image \" aria-roledescription=\"slide\" aria-label=\"slide-13867\"><img loading=\"lazy\" decoding=\"async\" src=\"https:\/\/www.tewhoola.com\/wp-content\/uploads\/2022\/10\/Echassieres-nature-15-scaled-901x600.jpg\" height=\"600\" width=\"901\" alt=\"\" class=\"slider-13393 slide-13867\" title=\"Echassieres-nature-15\" \/><\/li>\n                <li style=\"display: none; width: 100%;\" class=\"slide-13869 ms-image \" aria-roledescription=\"slide\" aria-label=\"slide-13869\"><img loading=\"lazy\" decoding=\"async\" src=\"https:\/\/www.tewhoola.com\/wp-content\/uploads\/2022\/10\/Echassieres-nature-6-scaled-901x600.jpg\" height=\"600\" width=\"901\" alt=\"\" class=\"slider-13393 slide-13869\" title=\"Echassieres-nature-6\" \/><\/li>\n                <li style=\"display: none; width: 100%;\" class=\"slide-13871 ms-image \" aria-roledescription=\"slide\" aria-label=\"slide-13871\"><img loading=\"lazy\" decoding=\"async\" src=\"https:\/\/www.tewhoola.com\/wp-content\/uploads\/2020\/09\/parade-v\u00e9g\u00e9tale-\u00e9chassiers-nature-4-901x600.jpg\" height=\"600\" width=\"901\" alt=\"\" class=\"slider-13393 slide-13871\" title=\"Zanqueros vegetales Naturaleza\" \/><\/li>\n                <li style=\"display: none; width: 100%;\" class=\"slide-13868 ms-image \" aria-roledescription=\"slide\" aria-label=\"slide-13868\"><img loading=\"lazy\" decoding=\"async\" src=\"https:\/\/www.tewhoola.com\/wp-content\/uploads\/2022\/10\/Echassieres-nature-10-scaled-901x600.jpg\" height=\"600\" width=\"901\" alt=\"\" class=\"slider-13393 slide-13868\" title=\"Echassieres-nature-10\" \/><\/li>\n                <li style=\"display: none; width: 100%;\" class=\"slide-13870 ms-image \" aria-roledescription=\"slide\" aria-label=\"slide-13870\"><img loading=\"lazy\" decoding=\"async\" src=\"https:\/\/www.tewhoola.com\/wp-content\/uploads\/2022\/10\/Echassieres-nature-5-scaled-901x600.jpg\" height=\"600\" width=\"901\" alt=\"\" class=\"slider-13393 slide-13870\" title=\"Echassieres-nature-5\" \/><\/li>\n                <li style=\"display: none; width: 100%;\" class=\"slide-13872 ms-image \" aria-roledescription=\"slide\" aria-label=\"slide-13872\"><img loading=\"lazy\" decoding=\"async\" src=\"https:\/\/www.tewhoola.com\/wp-content\/uploads\/2020\/09\/parade-v\u00e9g\u00e9tale-\u00e9chassiers-nature-1-901x600.jpg\" height=\"600\" width=\"901\" alt=\"\" class=\"slider-13393 slide-13872\" title=\"parade v\u00e9g\u00e9tale \u00e9chassiers nature (1)\" \/><\/li>\n            <\/ul>\n        <\/div>\n        \n    <\/div>\n<\/div>\n\n\n\n<div class=\"wp-block-group\"><div class=\"wp-block-group__inner-container is-layout-flow wp-block-group-is-layout-flow\"><\/div><\/div>\n\n\n\n\n\n<figure class=\"wp-block-image size-medium\"><img loading=\"lazy\" decoding=\"async\" width=\"200\" height=\"300\" src=\"https:\/\/www.tewhoola.com\/wp-content\/uploads\/2022\/10\/Echassieres-nature-14-200x300.jpg\" alt=\"\" class=\"wp-image-13857\" srcset=\"https:\/\/www.tewhoola.com\/wp-content\/uploads\/2022\/10\/Echassieres-nature-14-200x300.jpg 200w, https:\/\/www.tewhoola.com\/wp-content\/uploads\/2022\/10\/Echassieres-nature-14-681x1024.jpg 681w, https:\/\/www.tewhoola.com\/wp-content\/uploads\/2022\/10\/Echassieres-nature-14-1022x1536.jpg 1022w, https:\/\/www.tewhoola.com\/wp-content\/uploads\/2022\/10\/Echassieres-nature-14-1363x2048.jpg 1363w, https:\/\/www.tewhoola.com\/wp-content\/uploads\/2022\/10\/Echassieres-nature-14-719x1080.jpg 719w, https:\/\/www.tewhoola.com\/wp-content\/uploads\/2022\/10\/Echassieres-nature-14-scaled.jpg 1703w\" sizes=\"(max-width: 200px) 100vw, 200px\" \/><\/figure>\n\n\n\n<figure class=\"wp-block-image size-medium\"><img loading=\"lazy\" decoding=\"async\" width=\"199\" height=\"300\" src=\"https:\/\/www.tewhoola.com\/wp-content\/uploads\/2022\/10\/Echassieres-nature-9-199x300.jpg\" alt=\"\" class=\"wp-image-13854\" srcset=\"https:\/\/www.tewhoola.com\/wp-content\/uploads\/2022\/10\/Echassieres-nature-9-199x300.jpg 199w, https:\/\/www.tewhoola.com\/wp-content\/uploads\/2022\/10\/Echassieres-nature-9-680x1024.jpg 680w, https:\/\/www.tewhoola.com\/wp-content\/uploads\/2022\/10\/Echassieres-nature-9-1020x1536.jpg 1020w, https:\/\/www.tewhoola.com\/wp-content\/uploads\/2022\/10\/Echassieres-nature-9-1360x2048.jpg 1360w, https:\/\/www.tewhoola.com\/wp-content\/uploads\/2022\/10\/Echassieres-nature-9-717x1080.jpg 717w, https:\/\/www.tewhoola.com\/wp-content\/uploads\/2022\/10\/Echassieres-nature-9-scaled.jpg 1700w\" sizes=\"(max-width: 199px) 100vw, 199px\" \/><\/figure>\n\n\n\n<figure class=\"wp-block-image size-medium\"><img loading=\"lazy\" decoding=\"async\" width=\"200\" height=\"300\" src=\"https:\/\/www.tewhoola.com\/wp-content\/uploads\/2022\/10\/Echassieres-nature-4-200x300.jpg\" alt=\"\" class=\"wp-image-13851\" srcset=\"https:\/\/www.tewhoola.com\/wp-content\/uploads\/2022\/10\/Echassieres-nature-4-200x300.jpg 200w, https:\/\/www.tewhoola.com\/wp-content\/uploads\/2022\/10\/Echassieres-nature-4-681x1024.jpg 681w, https:\/\/www.tewhoola.com\/wp-content\/uploads\/2022\/10\/Echassieres-nature-4-1022x1536.jpg 1022w, https:\/\/www.tewhoola.com\/wp-content\/uploads\/2022\/10\/Echassieres-nature-4-1363x2048.jpg 1363w, https:\/\/www.tewhoola.com\/wp-content\/uploads\/2022\/10\/Echassieres-nature-4-719x1080.jpg 719w, https:\/\/www.tewhoola.com\/wp-content\/uploads\/2022\/10\/Echassieres-nature-4-scaled.jpg 1703w\" sizes=\"(max-width: 200px) 100vw, 200px\" \/><\/figure>\n\n\n\n<figure class=\"wp-block-image size-medium\"><img loading=\"lazy\" decoding=\"async\" width=\"200\" height=\"300\" src=\"https:\/\/www.tewhoola.com\/wp-content\/uploads\/2022\/10\/echassieres-fleurs-22-200x300.jpg\" alt=\"\" class=\"wp-image-13846\" srcset=\"https:\/\/www.tewhoola.com\/wp-content\/uploads\/2022\/10\/echassieres-fleurs-22-200x300.jpg 200w, https:\/\/www.tewhoola.com\/wp-content\/uploads\/2022\/10\/echassieres-fleurs-22-681x1024.jpg 681w, https:\/\/www.tewhoola.com\/wp-content\/uploads\/2022\/10\/echassieres-fleurs-22-1022x1536.jpg 1022w, https:\/\/www.tewhoola.com\/wp-content\/uploads\/2022\/10\/echassieres-fleurs-22-1363x2048.jpg 1363w, https:\/\/www.tewhoola.com\/wp-content\/uploads\/2022\/10\/echassieres-fleurs-22-719x1080.jpg 719w, https:\/\/www.tewhoola.com\/wp-content\/uploads\/2022\/10\/echassieres-fleurs-22-scaled.jpg 1703w\" sizes=\"(max-width: 200px) 100vw, 200px\" \/><\/figure>\n\n\n\n\n\n<figure class=\"wp-block-image size-medium\"><img loading=\"lazy\" decoding=\"async\" width=\"200\" height=\"300\" src=\"https:\/\/www.tewhoola.com\/wp-content\/uploads\/2022\/10\/Echassieres-nature-13-200x300.jpg\" alt=\"\" class=\"wp-image-13856\" srcset=\"https:\/\/www.tewhoola.com\/wp-content\/uploads\/2022\/10\/Echassieres-nature-13-200x300.jpg 200w, https:\/\/www.tewhoola.com\/wp-content\/uploads\/2022\/10\/Echassieres-nature-13-681x1024.jpg 681w, https:\/\/www.tewhoola.com\/wp-content\/uploads\/2022\/10\/Echassieres-nature-13-1022x1536.jpg 1022w, https:\/\/www.tewhoola.com\/wp-content\/uploads\/2022\/10\/Echassieres-nature-13-1363x2048.jpg 1363w, https:\/\/www.tewhoola.com\/wp-content\/uploads\/2022\/10\/Echassieres-nature-13-719x1080.jpg 719w, https:\/\/www.tewhoola.com\/wp-content\/uploads\/2022\/10\/Echassieres-nature-13-scaled.jpg 1703w\" sizes=\"(max-width: 200px) 100vw, 200px\" \/><\/figure>\n\n\n\n<figure class=\"wp-block-image size-medium\"><img loading=\"lazy\" decoding=\"async\" width=\"276\" height=\"300\" src=\"https:\/\/www.tewhoola.com\/wp-content\/uploads\/2020\/09\/parade-v\u00e9g\u00e9tale-\u00e9chassiers-nature-3-276x300.jpg\" alt=\"\" class=\"wp-image-11403\" srcset=\"https:\/\/www.tewhoola.com\/wp-content\/uploads\/2020\/09\/parade-v\u00e9g\u00e9tale-\u00e9chassiers-nature-3-276x300.jpg 276w, https:\/\/www.tewhoola.com\/wp-content\/uploads\/2020\/09\/parade-v\u00e9g\u00e9tale-\u00e9chassiers-nature-3.jpg 680w\" sizes=\"(max-width: 276px) 100vw, 276px\" \/><\/figure>\n\n\n\n<figure class=\"wp-block-image size-medium\"><img loading=\"lazy\" decoding=\"async\" width=\"199\" height=\"300\" src=\"https:\/\/www.tewhoola.com\/wp-content\/uploads\/2022\/10\/Echassieres-nature-8-199x300.jpg\" alt=\"\" class=\"wp-image-13853\" srcset=\"https:\/\/www.tewhoola.com\/wp-content\/uploads\/2022\/10\/Echassieres-nature-8-199x300.jpg 199w, https:\/\/www.tewhoola.com\/wp-content\/uploads\/2022\/10\/Echassieres-nature-8-680x1024.jpg 680w, https:\/\/www.tewhoola.com\/wp-content\/uploads\/2022\/10\/Echassieres-nature-8-1020x1536.jpg 1020w, https:\/\/www.tewhoola.com\/wp-content\/uploads\/2022\/10\/Echassieres-nature-8-1360x2048.jpg 1360w, https:\/\/www.tewhoola.com\/wp-content\/uploads\/2022\/10\/Echassieres-nature-8-717x1080.jpg 717w, https:\/\/www.tewhoola.com\/wp-content\/uploads\/2022\/10\/Echassieres-nature-8-scaled.jpg 1700w\" sizes=\"(max-width: 199px) 100vw, 199px\" \/><\/figure>\n\n\n\n<figure class=\"wp-block-image size-medium\"><img loading=\"lazy\" decoding=\"async\" width=\"200\" height=\"300\" src=\"https:\/\/www.tewhoola.com\/wp-content\/uploads\/2022\/10\/Echassieres-nature-1-200x300.jpg\" alt=\"\" class=\"wp-image-13849\" srcset=\"https:\/\/www.tewhoola.com\/wp-content\/uploads\/2022\/10\/Echassieres-nature-1-200x300.jpg 200w, https:\/\/www.tewhoola.com\/wp-content\/uploads\/2022\/10\/Echassieres-nature-1-681x1024.jpg 681w, https:\/\/www.tewhoola.com\/wp-content\/uploads\/2022\/10\/Echassieres-nature-1-1022x1536.jpg 1022w, https:\/\/www.tewhoola.com\/wp-content\/uploads\/2022\/10\/Echassieres-nature-1-1363x2048.jpg 1363w, https:\/\/www.tewhoola.com\/wp-content\/uploads\/2022\/10\/Echassieres-nature-1-719x1080.jpg 719w, https:\/\/www.tewhoola.com\/wp-content\/uploads\/2022\/10\/Echassieres-nature-1-scaled.jpg 1703w\" sizes=\"(max-width: 200px) 100vw, 200px\" \/><\/figure>\n\n\n\n\n\n<figure class=\"wp-block-image size-medium\"><img loading=\"lazy\" decoding=\"async\" width=\"200\" height=\"300\" src=\"https:\/\/www.tewhoola.com\/wp-content\/uploads\/2022\/10\/Echassieres-nature-11-200x300.jpg\" alt=\"\" class=\"wp-image-13855\" srcset=\"https:\/\/www.tewhoola.com\/wp-content\/uploads\/2022\/10\/Echassieres-nature-11-200x300.jpg 200w, https:\/\/www.tewhoola.com\/wp-content\/uploads\/2022\/10\/Echassieres-nature-11-681x1024.jpg 681w, https:\/\/www.tewhoola.com\/wp-content\/uploads\/2022\/10\/Echassieres-nature-11-1022x1536.jpg 1022w, https:\/\/www.tewhoola.com\/wp-content\/uploads\/2022\/10\/Echassieres-nature-11-1363x2048.jpg 1363w, https:\/\/www.tewhoola.com\/wp-content\/uploads\/2022\/10\/Echassieres-nature-11-719x1080.jpg 719w, https:\/\/www.tewhoola.com\/wp-content\/uploads\/2022\/10\/Echassieres-nature-11-scaled.jpg 1703w\" sizes=\"(max-width: 200px) 100vw, 200px\" \/><\/figure>\n\n\n\n<figure class=\"wp-block-image size-medium\"><img loading=\"lazy\" decoding=\"async\" width=\"200\" height=\"300\" src=\"https:\/\/www.tewhoola.com\/wp-content\/uploads\/2022\/10\/Echassieres-nature-2-200x300.jpg\" alt=\"\" class=\"wp-image-13850\" srcset=\"https:\/\/www.tewhoola.com\/wp-content\/uploads\/2022\/10\/Echassieres-nature-2-200x300.jpg 200w, https:\/\/www.tewhoola.com\/wp-content\/uploads\/2022\/10\/Echassieres-nature-2-681x1024.jpg 681w, https:\/\/www.tewhoola.com\/wp-content\/uploads\/2022\/10\/Echassieres-nature-2-1022x1536.jpg 1022w, https:\/\/www.tewhoola.com\/wp-content\/uploads\/2022\/10\/Echassieres-nature-2-1363x2048.jpg 1363w, https:\/\/www.tewhoola.com\/wp-content\/uploads\/2022\/10\/Echassieres-nature-2-719x1080.jpg 719w, https:\/\/www.tewhoola.com\/wp-content\/uploads\/2022\/10\/Echassieres-nature-2-scaled.jpg 1703w\" sizes=\"(max-width: 200px) 100vw, 200px\" \/><\/figure>\n\n\n\n<figure class=\"wp-block-image size-medium\"><img loading=\"lazy\" decoding=\"async\" width=\"200\" height=\"300\" src=\"https:\/\/www.tewhoola.com\/wp-content\/uploads\/2022\/10\/echassieres-fleurs-23-200x300.jpg\" alt=\"\" class=\"wp-image-13848\" srcset=\"https:\/\/www.tewhoola.com\/wp-content\/uploads\/2022\/10\/echassieres-fleurs-23-200x300.jpg 200w, https:\/\/www.tewhoola.com\/wp-content\/uploads\/2022\/10\/echassieres-fleurs-23-681x1024.jpg 681w, https:\/\/www.tewhoola.com\/wp-content\/uploads\/2022\/10\/echassieres-fleurs-23-1022x1536.jpg 1022w, https:\/\/www.tewhoola.com\/wp-content\/uploads\/2022\/10\/echassieres-fleurs-23-1363x2048.jpg 1363w, https:\/\/www.tewhoola.com\/wp-content\/uploads\/2022\/10\/echassieres-fleurs-23-719x1080.jpg 719w, https:\/\/www.tewhoola.com\/wp-content\/uploads\/2022\/10\/echassieres-fleurs-23-scaled.jpg 1703w\" sizes=\"(max-width: 200px) 100vw, 200px\" \/><\/figure>\n\n\n\n<figure class=\"wp-block-image size-medium\"><img loading=\"lazy\" decoding=\"async\" width=\"200\" height=\"300\" src=\"https:\/\/www.tewhoola.com\/wp-content\/uploads\/2020\/09\/DSC2418-200x300.jpg\" alt=\"\" class=\"wp-image-11448\" srcset=\"https:\/\/www.tewhoola.com\/wp-content\/uploads\/2020\/09\/DSC2418-200x300.jpg 200w, https:\/\/www.tewhoola.com\/wp-content\/uploads\/2020\/09\/DSC2418.jpg 425w\" sizes=\"(max-width: 200px) 100vw, 200px\" \/><\/figure>\n\n\n","protected":false},"excerpt":{"rendered":"","protected":false},"author":1,"featured_media":0,"parent":782,"menu_order":0,"comment_status":"closed","ping_status":"closed","template":"","meta":{"footnotes":""},"class_list":["post-11401","page","type-page","status-publish","hentry"],"_links":{"self":[{"href":"https:\/\/www.tewhoola.com\/accueil\/wp-json\/wp\/v2\/pages\/11401"}],"collection":[{"href":"https:\/\/www.tewhoola.com\/accueil\/wp-json\/wp\/v2\/pages"}],"about":[{"href":"https:\/\/www.tewhoola.com\/accueil\/wp-json\/wp\/v2\/types\/page"}],"author":[{"embeddable":true,"href":"https:\/\/www.tewhoola.com\/accueil\/wp-json\/wp\/v2\/users\/1"}],"replies":[{"embeddable":true,"href":"https:\/\/www.tewhoola.com\/accueil\/wp-json\/wp\/v2\/comments?post=11401"}],"version-history":[{"count":18,"href":"https:\/\/www.tewhoola.com\/accueil\/wp-json\/wp\/v2\/pages\/11401\/revisions"}],"predecessor-version":[{"id":13881,"href":"https:\/\/www.tewhoola.com\/accueil\/wp-json\/wp\/v2\/pages\/11401\/revisions\/13881"}],"up":[{"embeddable":true,"href":"https:\/\/www.tewhoola.com\/accueil\/wp-json\/wp\/v2\/pages\/782"}],"wp:attachment":[{"href":"https:\/\/www.tewhoola.com\/accueil\/wp-json\/wp\/v2\/media?parent=11401"}],"curies":[{"name":"wp","href":"https:\/\/api.w.org\/{rel}","templated":true}]}}