{"id":12553,"date":"2020-11-23T22:33:35","date_gmt":"2020-11-23T21:33:35","guid":{"rendered":"https:\/\/www.tewhoola.com\/accueil\/?page_id=12553"},"modified":"2020-11-23T23:55:46","modified_gmt":"2020-11-23T22:55:46","slug":"gif-animes-figures-de-jonglage","status":"publish","type":"page","link":"https:\/\/www.tewhoola.com\/accueil\/ecole-de-cirque-tewhoola\/jonglage-diego\/gif-animes-figures-de-jonglage\/","title":{"rendered":"Gif anim\u00e9s figures de jonglage"},"content":{"rendered":"\n<div style=\"height:56px\" aria-hidden=\"true\" class=\"wp-block-spacer\"><\/div>\n\n\n\n<h1 class=\"wp-block-heading\"><span class=\"has-inline-color has-black-color\"><strong>Figures \u00e0 3 balles &#8220;faciles&#8221;<\/strong><\/span><\/h1>\n\n\n\n<h2 class=\"wp-block-heading\"><span class=\"has-inline-color has-black-color\">Figures \u00e0 3 balles  pour s&#8217;inspirer&#8230; merci \u00e0 Yoan Gr\u00e9goire qui a mis en ligne (cr\u00e9\u00e9?) ces animations en partage pour les jongleurs sur son site <a rel=\"noreferrer noopener\" href=\"http:\/\/yoan.gregoire.free.fr\/articles.php?lng=fr&amp;pg=9\" target=\"_blank\">yoyo jonglage<\/a>. Merci \u00e0 Chantal pour les avoir partag\u00e9s. <\/span><\/h2>\n\n\n\n<figure class=\"wp-block-image size-large\"><img loading=\"lazy\" decoding=\"async\" width=\"264\" height=\"393\" src=\"https:\/\/www.tewhoola.com\/wp-content\/uploads\/2020\/11\/cascade.gif\" alt=\"\" class=\"wp-image-12556\"\/><figcaption><strong>Cascade<\/strong><\/figcaption><\/figure>\n\n\n\n<figure class=\"wp-block-image size-large\"><img loading=\"lazy\" decoding=\"async\" width=\"268\" height=\"392\" src=\"https:\/\/www.tewhoola.com\/wp-content\/uploads\/2020\/11\/cascade-inversee.gif\" alt=\"\" class=\"wp-image-12555\"\/><figcaption><strong>Cascade invers\u00e9e<\/strong><\/figcaption><\/figure>\n\n\n\n<div style=\"height:51px\" aria-hidden=\"true\" class=\"wp-block-spacer\"><\/div>\n\n\n\n<div style=\"height:49px\" aria-hidden=\"true\" class=\"wp-block-spacer\"><\/div>\n\n\n\n<figure class=\"wp-block-image size-large\"><img loading=\"lazy\" decoding=\"async\" width=\"268\" height=\"392\" src=\"https:\/\/www.tewhoola.com\/wp-content\/uploads\/2020\/11\/colonne1.gif\" alt=\"\" class=\"wp-image-12557\"\/><figcaption><strong>Colonne 1<\/strong><\/figcaption><\/figure>\n\n\n\n<div style=\"height:50px\" aria-hidden=\"true\" class=\"wp-block-spacer\"><\/div>\n\n\n\n<figure class=\"wp-block-image size-large\"><img loading=\"lazy\" decoding=\"async\" width=\"267\" height=\"388\" src=\"https:\/\/www.tewhoola.com\/wp-content\/uploads\/2020\/11\/colonne2.gif\" alt=\"\" class=\"wp-image-12558\"\/><figcaption><strong>Colonne 2<\/strong><\/figcaption><\/figure>\n\n\n\n<div style=\"height:49px\" aria-hidden=\"true\" class=\"wp-block-spacer\"><\/div>\n\n\n\n<figure class=\"wp-block-image size-large\"><img loading=\"lazy\" decoding=\"async\" width=\"268\" height=\"388\" src=\"https:\/\/www.tewhoola.com\/wp-content\/uploads\/2020\/11\/colonne3.gif\" alt=\"\" class=\"wp-image-12559\"\/><figcaption><strong>Colonne 3<\/strong><\/figcaption><\/figure>\n\n\n\n<div style=\"height:51px\" aria-hidden=\"true\" class=\"wp-block-spacer\"><\/div>\n\n\n\n<figure class=\"wp-block-image size-large\"><img loading=\"lazy\" decoding=\"async\" width=\"268\" height=\"392\" src=\"https:\/\/www.tewhoola.com\/wp-content\/uploads\/2020\/11\/douche.gif\" alt=\"\" class=\"wp-image-12560\"\/><figcaption><strong>Douche<\/strong><\/figcaption><\/figure>\n\n\n\n<div style=\"height:51px\" aria-hidden=\"true\" class=\"wp-block-spacer\"><\/div>\n\n\n\n<figure class=\"wp-block-image size-large\"><img loading=\"lazy\" decoding=\"async\" width=\"268\" height=\"392\" src=\"https:\/\/www.tewhoola.com\/wp-content\/uploads\/2020\/11\/statue.gif\" alt=\"\" class=\"wp-image-12562\"\/><figcaption><strong>statue de la libert\u00e9<\/strong><\/figcaption><\/figure>\n\n\n\n<div style=\"height:49px\" aria-hidden=\"true\" class=\"wp-block-spacer\"><\/div>\n\n\n\n<figure class=\"wp-block-image size-large\"><img loading=\"lazy\" decoding=\"async\" width=\"268\" height=\"392\" src=\"https:\/\/www.tewhoola.com\/wp-content\/uploads\/2020\/11\/tennis.gif\" alt=\"\" class=\"wp-image-12563\"\/><figcaption><strong>Tennis<\/strong><\/figcaption><\/figure>\n\n\n\n<div style=\"height:51px\" aria-hidden=\"true\" class=\"wp-block-spacer\"><\/div>\n\n\n\n<figure class=\"wp-block-image size-large\"><img loading=\"lazy\" decoding=\"async\" width=\"268\" height=\"392\" src=\"https:\/\/www.tewhoola.com\/wp-content\/uploads\/2020\/11\/yoyo.gif\" alt=\"\" class=\"wp-image-12564\"\/><figcaption><strong>Yoyo<\/strong><\/figcaption><\/figure>\n\n\n\n<p><\/p>\n","protected":false},"excerpt":{"rendered":"<p>Figures \u00e0 3 balles &#8220;faciles&#8221; Figures \u00e0 3 balles pour s&#8217;inspirer&#8230; merci \u00e0 Yoan Gr\u00e9goire qui a mis en ligne (cr\u00e9\u00e9?) ces animations en partage pour les jongleurs sur son site yoyo jonglage. Merci \u00e0 Chantal pour les avoir partag\u00e9s.<\/p>\n","protected":false},"author":1,"featured_media":0,"parent":9037,"menu_order":0,"comment_status":"closed","ping_status":"closed","template":"","meta":{"footnotes":""},"class_list":["post-12553","page","type-page","status-publish","hentry"],"_links":{"self":[{"href":"https:\/\/www.tewhoola.com\/accueil\/wp-json\/wp\/v2\/pages\/12553"}],"collection":[{"href":"https:\/\/www.tewhoola.com\/accueil\/wp-json\/wp\/v2\/pages"}],"about":[{"href":"https:\/\/www.tewhoola.com\/accueil\/wp-json\/wp\/v2\/types\/page"}],"author":[{"embeddable":true,"href":"https:\/\/www.tewhoola.com\/accueil\/wp-json\/wp\/v2\/users\/1"}],"replies":[{"embeddable":true,"href":"https:\/\/www.tewhoola.com\/accueil\/wp-json\/wp\/v2\/comments?post=12553"}],"version-history":[{"count":6,"href":"https:\/\/www.tewhoola.com\/accueil\/wp-json\/wp\/v2\/pages\/12553\/revisions"}],"predecessor-version":[{"id":12581,"href":"https:\/\/www.tewhoola.com\/accueil\/wp-json\/wp\/v2\/pages\/12553\/revisions\/12581"}],"up":[{"embeddable":true,"href":"https:\/\/www.tewhoola.com\/accueil\/wp-json\/wp\/v2\/pages\/9037"}],"wp:attachment":[{"href":"https:\/\/www.tewhoola.com\/accueil\/wp-json\/wp\/v2\/media?parent=12553"}],"curies":[{"name":"wp","href":"https:\/\/api.w.org\/{rel}","templated":true}]}}