{"id":13756,"date":"2022-10-23T22:33:56","date_gmt":"2022-10-23T21:33:56","guid":{"rendered":"https:\/\/www.tewhoola.com\/accueil\/?page_id=13756"},"modified":"2022-10-23T22:34:52","modified_gmt":"2022-10-23T21:34:52","slug":"cirque-et-orchestre-lumineux","status":"publish","type":"page","link":"https:\/\/www.tewhoola.com\/accueil\/lumineux\/cirque-et-orchestre-lumineux\/","title":{"rendered":"Cirque et orchestre lumineux"},"content":{"rendered":"\n<div class=\"wp-block-group alignfull ext editor:no-inserter ext-py-lg ext-my-0 has-black-background-color has-background\"><div class=\"wp-block-group__inner-container is-layout-constrained wp-block-group-is-layout-constrained\">\n<div class=\"wp-block-cover is-light is-repeated has-custom-content-position is-position-top-left\" style=\"background-image:url(https:\/\/www.tewhoola.com\/wp-content\/uploads\/2022\/10\/etoile-filante.gif);min-height:97px;aspect-ratio:unset;\"><span aria-hidden=\"true\" class=\"wp-block-cover__background has-background-dim\"><\/span><div class=\"wp-block-cover__inner-container is-layout-flow wp-block-cover-is-layout-flow\">\n<h1 class=\"has-kubio-color-5-color has-text-color has-large-font-size wp-block-heading\">Cirque et orchestre lumineux<\/h1>\n<\/div><\/div>\n\n\n\n<div class=\"wp-block-group alignwide\"><div class=\"wp-block-group__inner-container is-layout-flow wp-block-group-is-layout-flow\">\n<div class=\"wp-block-columns alignwide ext-pb-base is-layout-flex wp-container-core-columns-is-layout-1 wp-block-columns-is-layout-flex\">\n<div class=\"wp-block-column my-0 is-layout-flow wp-block-column-is-layout-flow\" style=\"flex-basis:70%\">\n<p class=\"mt-0 mb-base has-white-color has-text-color has-medium-font-size\">Grandes cr\u00e9atures venues d\u2019un autre univers, \u00e0 la fois technologique et po\u00e9tique, qui laissent dans leur sillage des souvenirs d\u2019\u00e9toiles. Une parade chor\u00e9graphi\u00e9e sur de la musique vivante ou enregistr\u00e9e. Avec des \u00e9chassiers, monocyclistes, jongleurs, danseurs, acrobates.<\/p>\n<\/div>\n<\/div>\n<\/div><\/div>\n\n\n\n<figure class=\"wp-block-embed is-type-video is-provider-youtube wp-block-embed-youtube wp-embed-aspect-16-9 wp-has-aspect-ratio\"><div class=\"wp-block-embed__wrapper\">\n<iframe loading=\"lazy\" title=\"spectacle lumineux, parade cirque et orchestre lumineux, echassier lumineux\" width=\"500\" height=\"281\" src=\"https:\/\/www.youtube.com\/embed\/4f9OWhzbjDY?feature=oembed\" frameborder=\"0\" allow=\"accelerometer; autoplay; clipboard-write; encrypted-media; gyroscope; picture-in-picture; web-share\" referrerpolicy=\"strict-origin-when-cross-origin\" allowfullscreen><\/iframe>\n<\/div><\/figure>\n\n\n\n<div style=\"height:41px\" aria-hidden=\"true\" class=\"wp-block-spacer\"><\/div>\n\n\n\n<figure class=\"wp-block-embed is-type-video is-provider-youtube wp-block-embed-youtube wp-embed-aspect-16-9 wp-has-aspect-ratio\"><div class=\"wp-block-embed__wrapper\">\n<iframe loading=\"lazy\" title=\"Parade lumineuse avec la compagnie tewhoola\" width=\"500\" height=\"281\" src=\"https:\/\/www.youtube.com\/embed\/cxb1kNPYuSs?feature=oembed\" frameborder=\"0\" allow=\"accelerometer; autoplay; clipboard-write; encrypted-media; gyroscope; picture-in-picture; web-share\" referrerpolicy=\"strict-origin-when-cross-origin\" allowfullscreen><\/iframe>\n<\/div><\/figure>\n\n\n\n<figure class=\"wp-block-image size-large\"><img decoding=\"async\" src=\"\" alt=\"\"\/><\/figure>\n\n\n\n<div class=\"tablet:fullwidth-cols tablet:ext-fullwidth-cols wp-block-columns alignwide ext-mt-base is-layout-flex wp-container-core-columns-is-layout-2 wp-block-columns-is-layout-flex\">\n<div class=\"wp-block-column tablet:ext-mb-0 ext-mb-lg is-layout-flow wp-block-column-is-layout-flow\">\n<figure class=\"wp-block-image size-medium is-style-default editor:no-caption editor:no-resize ext-mb-base\"><img loading=\"lazy\" decoding=\"async\" width=\"300\" height=\"240\" src=\"https:\/\/www.tewhoola.com\/wp-content\/uploads\/2011\/09\/cirque-et-orchestre-lumineux-3-300x240.jpg\" alt=\"\" class=\"wp-image-5815\" srcset=\"https:\/\/www.tewhoola.com\/wp-content\/uploads\/2011\/09\/cirque-et-orchestre-lumineux-3-300x240.jpg 300w, https:\/\/www.tewhoola.com\/wp-content\/uploads\/2011\/09\/cirque-et-orchestre-lumineux-3-768x614.jpg 768w, https:\/\/www.tewhoola.com\/wp-content\/uploads\/2011\/09\/cirque-et-orchestre-lumineux-3.jpg 961w\" sizes=\"(max-width: 300px) 100vw, 300px\" \/><figcaption>parade cirque et orchestre lumineux<\/figcaption><\/figure>\n\n\n\n<figure class=\"wp-block-image size-medium\"><img loading=\"lazy\" decoding=\"async\" width=\"300\" height=\"258\" src=\"https:\/\/www.tewhoola.com\/wp-content\/uploads\/2015\/08\/DSC_1308-300x258.jpg\" alt=\"\" class=\"wp-image-5190\" srcset=\"https:\/\/www.tewhoola.com\/wp-content\/uploads\/2015\/08\/DSC_1308-300x258.jpg 300w, https:\/\/www.tewhoola.com\/wp-content\/uploads\/2015\/08\/DSC_1308.jpg 894w\" sizes=\"(max-width: 300px) 100vw, 300px\" \/><\/figure>\n\n\n\n<figure class=\"wp-block-image size-medium\"><img loading=\"lazy\" decoding=\"async\" width=\"300\" height=\"199\" src=\"https:\/\/www.tewhoola.com\/wp-content\/uploads\/2015\/12\/orchestre-lumineux-1-300x199.jpg\" alt=\"\" class=\"wp-image-5767\" srcset=\"https:\/\/www.tewhoola.com\/wp-content\/uploads\/2015\/12\/orchestre-lumineux-1-300x199.jpg 300w, https:\/\/www.tewhoola.com\/wp-content\/uploads\/2015\/12\/orchestre-lumineux-1.jpg 1024w\" sizes=\"(max-width: 300px) 100vw, 300px\" \/><\/figure>\n\n\n\n<figure class=\"wp-block-image size-large\"><img loading=\"lazy\" decoding=\"async\" width=\"1024\" height=\"680\" src=\"https:\/\/www.tewhoola.com\/wp-content\/uploads\/2015\/12\/DSC_1577-1024x680.jpg\" alt=\"\" class=\"wp-image-5741\" srcset=\"https:\/\/www.tewhoola.com\/wp-content\/uploads\/2015\/12\/DSC_1577.jpg 1024w, https:\/\/www.tewhoola.com\/wp-content\/uploads\/2015\/12\/DSC_1577-300x199.jpg 300w\" sizes=\"(max-width: 1024px) 100vw, 1024px\" \/><figcaption>orchestre lumineux <\/figcaption><\/figure>\n<\/div>\n\n\n\n<div class=\"wp-block-column ext-mb-lg tablet:ext-mb-0 ext-pt-base tablet:ext-pt-0 is-layout-flow wp-block-column-is-layout-flow\">\n<figure class=\"wp-block-image size-medium is-style-default editor:no-caption editor:no-resize ext-mb-base\"><img loading=\"lazy\" decoding=\"async\" width=\"300\" height=\"188\" src=\"https:\/\/www.tewhoola.com\/wp-content\/uploads\/2018\/03\/orchestre-lumineux-6-300x188.jpg\" alt=\"parade lumineuse musique\" class=\"wp-image-7577\" srcset=\"https:\/\/www.tewhoola.com\/wp-content\/uploads\/2018\/03\/orchestre-lumineux-6-300x188.jpg 300w, https:\/\/www.tewhoola.com\/wp-content\/uploads\/2018\/03\/orchestre-lumineux-6-1024x642.jpg 1024w, https:\/\/www.tewhoola.com\/wp-content\/uploads\/2018\/03\/orchestre-lumineux-6.jpg 1197w\" sizes=\"(max-width: 300px) 100vw, 300px\" \/><\/figure>\n\n\n\n<figure class=\"wp-block-image size-medium\"><img loading=\"lazy\" decoding=\"async\" width=\"300\" height=\"199\" src=\"https:\/\/www.tewhoola.com\/wp-content\/uploads\/2015\/12\/orchestre-lumineux-7-300x199.jpg\" alt=\"orchestre lumineux\" class=\"wp-image-5773\" srcset=\"https:\/\/www.tewhoola.com\/wp-content\/uploads\/2015\/12\/orchestre-lumineux-7-300x199.jpg 300w, https:\/\/www.tewhoola.com\/wp-content\/uploads\/2015\/12\/orchestre-lumineux-7.jpg 1024w\" sizes=\"(max-width: 300px) 100vw, 300px\" \/><\/figure>\n\n\n\n<figure class=\"wp-block-image size-full is-resized\"><img loading=\"lazy\" decoding=\"async\" src=\"https:\/\/www.tewhoola.com\/wp-content\/uploads\/2015\/08\/DSC_1682.jpg\" alt=\"\" class=\"wp-image-5188\" width=\"248\" height=\"209\" srcset=\"https:\/\/www.tewhoola.com\/wp-content\/uploads\/2015\/08\/DSC_1682.jpg 911w, https:\/\/www.tewhoola.com\/wp-content\/uploads\/2015\/08\/DSC_1682-300x253.jpg 300w\" sizes=\"(max-width: 248px) 100vw, 248px\" \/><figcaption>\u00e9chassiers lumineux<\/figcaption><\/figure>\n\n\n\n<figure class=\"wp-block-image size-medium\"><img loading=\"lazy\" decoding=\"async\" width=\"295\" height=\"300\" src=\"https:\/\/www.tewhoola.com\/wp-content\/uploads\/2016\/01\/spectacle-lumineux-cirque-et-musique-3-295x300.jpg\" alt=\"\" class=\"wp-image-6024\" srcset=\"https:\/\/www.tewhoola.com\/wp-content\/uploads\/2016\/01\/spectacle-lumineux-cirque-et-musique-3-295x300.jpg 295w, https:\/\/www.tewhoola.com\/wp-content\/uploads\/2016\/01\/spectacle-lumineux-cirque-et-musique-3-768x782.jpg 768w, https:\/\/www.tewhoola.com\/wp-content\/uploads\/2016\/01\/spectacle-lumineux-cirque-et-musique-3-1006x1024.jpg 1006w, https:\/\/www.tewhoola.com\/wp-content\/uploads\/2016\/01\/spectacle-lumineux-cirque-et-musique-3.jpg 1024w\" sizes=\"(max-width: 295px) 100vw, 295px\" \/><figcaption>OLYMPUS DIGITAL CAMERA<\/figcaption><\/figure>\n<\/div>\n\n\n\n<div class=\"wp-block-column ext-mb-lg tablet:ext-mb-0 ext-pt-base tablet:ext-pt-0 is-layout-flow wp-block-column-is-layout-flow\">\n<figure class=\"wp-block-image size-medium is-style-default editor:no-caption editor:no-resize ext-mb-base\"><img loading=\"lazy\" decoding=\"async\" width=\"300\" height=\"199\" src=\"https:\/\/www.tewhoola.com\/wp-content\/uploads\/2015\/12\/orchestre-lumineux-9-300x199.jpg\" alt=\"orchestre lumineux\" class=\"wp-image-5775\" srcset=\"https:\/\/www.tewhoola.com\/wp-content\/uploads\/2015\/12\/orchestre-lumineux-9-300x199.jpg 300w, https:\/\/www.tewhoola.com\/wp-content\/uploads\/2015\/12\/orchestre-lumineux-9.jpg 1024w\" sizes=\"(max-width: 300px) 100vw, 300px\" \/><\/figure>\n\n\n\n<figure class=\"wp-block-image size-medium\"><img loading=\"lazy\" decoding=\"async\" width=\"300\" height=\"225\" src=\"https:\/\/www.tewhoola.com\/wp-content\/uploads\/2016\/01\/spectacle-lumineux-cirque-et-musique-2-300x225.jpg\" alt=\"\" class=\"wp-image-6023\" srcset=\"https:\/\/www.tewhoola.com\/wp-content\/uploads\/2016\/01\/spectacle-lumineux-cirque-et-musique-2-300x225.jpg 300w, https:\/\/www.tewhoola.com\/wp-content\/uploads\/2016\/01\/spectacle-lumineux-cirque-et-musique-2-768x576.jpg 768w, https:\/\/www.tewhoola.com\/wp-content\/uploads\/2016\/01\/spectacle-lumineux-cirque-et-musique-2.jpg 913w\" sizes=\"(max-width: 300px) 100vw, 300px\" \/><figcaption>OLYMPUS DIGITAL CAMERA<\/figcaption><\/figure>\n\n\n\n<figure class=\"wp-block-image size-medium\"><img loading=\"lazy\" decoding=\"async\" width=\"300\" height=\"168\" src=\"https:\/\/www.tewhoola.com\/wp-content\/uploads\/2010\/12\/orchestre-lumineux-3-300x168.jpg\" alt=\"orchestre lumineux\" class=\"wp-image-5762\" srcset=\"https:\/\/www.tewhoola.com\/wp-content\/uploads\/2010\/12\/orchestre-lumineux-3-300x168.jpg 300w, https:\/\/www.tewhoola.com\/wp-content\/uploads\/2010\/12\/orchestre-lumineux-3.jpg 1024w\" sizes=\"(max-width: 300px) 100vw, 300px\" \/><figcaption>orchestre lumineux<\/figcaption><\/figure>\n\n\n\n<figure class=\"wp-block-image size-medium\"><img loading=\"lazy\" decoding=\"async\" width=\"300\" height=\"199\" src=\"https:\/\/www.tewhoola.com\/wp-content\/uploads\/2015\/12\/orchestre-lumineux-3-300x199.jpg\" alt=\"orchestre lumineux\" class=\"wp-image-5769\" srcset=\"https:\/\/www.tewhoola.com\/wp-content\/uploads\/2015\/12\/orchestre-lumineux-3-300x199.jpg 300w, https:\/\/www.tewhoola.com\/wp-content\/uploads\/2015\/12\/orchestre-lumineux-3.jpg 1024w\" sizes=\"(max-width: 300px) 100vw, 300px\" \/><\/figure>\n<\/div>\n\n\n\n<div class=\"wp-block-column is-layout-flow wp-block-column-is-layout-flow\">\n<figure class=\"wp-block-image size-medium\"><img loading=\"lazy\" decoding=\"async\" width=\"200\" height=\"300\" src=\"https:\/\/www.tewhoola.com\/wp-content\/uploads\/2015\/12\/parade-lumineuse-7-200x300.jpg\" alt=\"\" class=\"wp-image-5758\" srcset=\"https:\/\/www.tewhoola.com\/wp-content\/uploads\/2015\/12\/parade-lumineuse-7-200x300.jpg 200w, https:\/\/www.tewhoola.com\/wp-content\/uploads\/2015\/12\/parade-lumineuse-7.jpg 667w\" sizes=\"(max-width: 200px) 100vw, 200px\" \/><figcaption>orchestre lumineux <\/figcaption><\/figure>\n\n\n\n<figure class=\"wp-block-image size-medium\"><img loading=\"lazy\" decoding=\"async\" width=\"199\" height=\"300\" src=\"https:\/\/www.tewhoola.com\/wp-content\/uploads\/2015\/12\/orchestre-lumineux-8-199x300.jpg\" alt=\"\" class=\"wp-image-5774\" srcset=\"https:\/\/www.tewhoola.com\/wp-content\/uploads\/2015\/12\/orchestre-lumineux-8-199x300.jpg 199w, https:\/\/www.tewhoola.com\/wp-content\/uploads\/2015\/12\/orchestre-lumineux-8.jpg 680w\" sizes=\"(max-width: 199px) 100vw, 199px\" \/><figcaption>orchestre lumineux<\/figcaption><\/figure>\n\n\n\n<figure class=\"wp-block-image size-medium\"><img loading=\"lazy\" decoding=\"async\" width=\"187\" height=\"300\" src=\"https:\/\/www.tewhoola.com\/wp-content\/uploads\/2015\/12\/DSC_1599-187x300.jpg\" alt=\"\" class=\"wp-image-5742\"\/><figcaption>orchestre lumineux <\/figcaption><\/figure>\n<\/div>\n<\/div>\n<\/div><\/div>\n","protected":false},"excerpt":{"rendered":"<p>Grandes cr\u00e9atures venues d\u2019un autre univers, \u00e0 la fois technologique et po\u00e9tique, qui laissent dans leur sillage des souvenirs d\u2019\u00e9toiles. Une parade chor\u00e9graphi\u00e9e sur de la musique vivante ou enregistr\u00e9e. Avec des \u00e9chassiers, monocyclistes, jongleurs, danseurs, acrobates.<\/p>\n","protected":false},"author":1,"featured_media":0,"parent":1440,"menu_order":0,"comment_status":"closed","ping_status":"closed","template":"","meta":{"footnotes":""},"class_list":["post-13756","page","type-page","status-publish","hentry"],"_links":{"self":[{"href":"https:\/\/www.tewhoola.com\/accueil\/wp-json\/wp\/v2\/pages\/13756"}],"collection":[{"href":"https:\/\/www.tewhoola.com\/accueil\/wp-json\/wp\/v2\/pages"}],"about":[{"href":"https:\/\/www.tewhoola.com\/accueil\/wp-json\/wp\/v2\/types\/page"}],"author":[{"embeddable":true,"href":"https:\/\/www.tewhoola.com\/accueil\/wp-json\/wp\/v2\/users\/1"}],"replies":[{"embeddable":true,"href":"https:\/\/www.tewhoola.com\/accueil\/wp-json\/wp\/v2\/comments?post=13756"}],"version-history":[{"count":2,"href":"https:\/\/www.tewhoola.com\/accueil\/wp-json\/wp\/v2\/pages\/13756\/revisions"}],"predecessor-version":[{"id":13759,"href":"https:\/\/www.tewhoola.com\/accueil\/wp-json\/wp\/v2\/pages\/13756\/revisions\/13759"}],"up":[{"embeddable":true,"href":"https:\/\/www.tewhoola.com\/accueil\/wp-json\/wp\/v2\/pages\/1440"}],"wp:attachment":[{"href":"https:\/\/www.tewhoola.com\/accueil\/wp-json\/wp\/v2\/media?parent=13756"}],"curies":[{"name":"wp","href":"https:\/\/api.w.org\/{rel}","templated":true}]}}