{"id":13763,"date":"2022-10-23T23:09:40","date_gmt":"2022-10-23T22:09:40","guid":{"rendered":"https:\/\/www.tewhoola.com\/accueil\/?page_id=13763"},"modified":"2022-10-23T23:41:03","modified_gmt":"2022-10-23T22:41:03","slug":"parade-lumineuse-dhiver","status":"publish","type":"page","link":"https:\/\/www.tewhoola.com\/accueil\/lumineux\/parade-lumineuse-dhiver\/","title":{"rendered":"Parade lumineuse d&#8217;hiver"},"content":{"rendered":"\n<div class=\"wp-block-group alignfull ext editor:no-inserter ext-py-lg ext-my-0 has-black-background-color has-background\"><div class=\"wp-block-group__inner-container is-layout-constrained wp-block-group-is-layout-constrained\">\n<div class=\"wp-block-cover has-custom-content-position is-position-top-left\" style=\"min-height:97px;aspect-ratio:unset;\"><span aria-hidden=\"true\" class=\"wp-block-cover__background has-background-dim\"><\/span><img loading=\"lazy\" decoding=\"async\" width=\"499\" height=\"699\" class=\"wp-block-cover__image-background wp-image-13764\" alt=\"\" src=\"https:\/\/www.tewhoola.com\/wp-content\/uploads\/2022\/10\/neige.gif\" data-object-fit=\"cover\"\/><div class=\"wp-block-cover__inner-container is-layout-flow wp-block-cover-is-layout-flow\">\n<h1 class=\"has-kubio-color-5-color has-text-color has-large-font-size wp-block-heading\">parade lumineuse d&#8217;hiver<\/h1>\n<\/div><\/div>\n\n\n\n<div class=\"wp-block-group alignwide\"><div class=\"wp-block-group__inner-container is-layout-flow wp-block-group-is-layout-flow\">\n<div class=\"wp-block-columns alignwide ext-pb-base is-layout-flex wp-container-core-columns-is-layout-1 wp-block-columns-is-layout-flex\">\n<div class=\"wp-block-column my-0 is-layout-flow wp-block-column-is-layout-flow\" style=\"flex-basis:70%\">\n<p class=\"mt-0 mb-base has-white-color has-text-color has-medium-font-size\"><\/p>\n\n\n\n<p class=\"has-kubio-color-5-color has-text-color\" style=\"font-size:29px\">Une d\u00e9ambulation en musique et en lumi\u00e8re qui reprend et fait swinguer les airs des f\u00eates de fin d\u2019ann\u00e9e.<\/p>\n\n\n\n<p class=\"has-kubio-color-5-color has-text-color\" style=\"font-size:29px\">Plusieurs formules possibles, nous contacter pour \u00e9tablir celle qui\u00a0fera p\u00e9tiller\u00a0votre \u00e9v\u00e9nement. <\/p>\n<\/div>\n<\/div>\n<\/div><\/div>\n\n\n\n<figure class=\"wp-block-image size-full is-resized\"><img loading=\"lazy\" decoding=\"async\" src=\"https:\/\/www.tewhoola.com\/wp-content\/uploads\/2018\/11\/affichetewhoola.jpg\" alt=\"\" class=\"wp-image-7925\" width=\"414\" height=\"600\"\/><\/figure>\n\n\n\n<figure class=\"wp-block-image size-large\"><img decoding=\"async\" src=\"\" alt=\"\"\/><\/figure>\n\n\n\n<figure class=\"wp-block-image size-large\"><img decoding=\"async\" src=\"\" alt=\"\"\/><\/figure>\n\n\n\n<figure class=\"wp-block-embed is-type-video is-provider-youtube wp-block-embed-youtube wp-embed-aspect-16-9 wp-has-aspect-ratio\"><div class=\"wp-block-embed__wrapper\">\n<iframe loading=\"lazy\" title=\"Compagnie Tewhoola parade lumineuse No\u00ebl\" width=\"500\" height=\"281\" src=\"https:\/\/www.youtube.com\/embed\/LxCOszXQ7Nw?feature=oembed\" frameborder=\"0\" allow=\"accelerometer; autoplay; clipboard-write; encrypted-media; gyroscope; picture-in-picture; web-share\" referrerpolicy=\"strict-origin-when-cross-origin\" allowfullscreen><\/iframe>\n<\/div><\/figure>\n\n\n\n<figure class=\"wp-block-image size-large\"><img decoding=\"async\" src=\"\" alt=\"\"\/><\/figure>\n\n\n\n<div class=\"tablet:fullwidth-cols tablet:ext-fullwidth-cols wp-block-columns alignwide ext-mt-base is-layout-flex wp-container-core-columns-is-layout-2 wp-block-columns-is-layout-flex\">\n<div class=\"wp-block-column tablet:ext-mb-0 ext-mb-lg is-layout-flow wp-block-column-is-layout-flow\">\n<figure class=\"wp-block-image size-medium is-style-default editor:no-caption editor:no-resize ext-mb-base\"><img loading=\"lazy\" decoding=\"async\" width=\"300\" height=\"199\" src=\"https:\/\/www.tewhoola.com\/wp-content\/uploads\/2015\/08\/DSC_1258-300x199.jpg\" alt=\"\" class=\"wp-image-5183\" srcset=\"https:\/\/www.tewhoola.com\/wp-content\/uploads\/2015\/08\/DSC_1258-300x199.jpg 300w, https:\/\/www.tewhoola.com\/wp-content\/uploads\/2015\/08\/DSC_1258.jpg 1024w\" sizes=\"(max-width: 300px) 100vw, 300px\" \/><\/figure>\n\n\n\n<figure class=\"wp-block-image size-medium\"><img loading=\"lazy\" decoding=\"async\" width=\"300\" height=\"200\" src=\"https:\/\/www.tewhoola.com\/wp-content\/uploads\/2022\/10\/DSC9189-300x200.jpg\" alt=\"\" class=\"wp-image-13767\" srcset=\"https:\/\/www.tewhoola.com\/wp-content\/uploads\/2022\/10\/DSC9189-300x200.jpg 300w, https:\/\/www.tewhoola.com\/wp-content\/uploads\/2022\/10\/DSC9189-1024x681.jpg 1024w, https:\/\/www.tewhoola.com\/wp-content\/uploads\/2022\/10\/DSC9189-1536x1022.jpg 1536w, https:\/\/www.tewhoola.com\/wp-content\/uploads\/2022\/10\/DSC9189-2048x1363.jpg 2048w, https:\/\/www.tewhoola.com\/wp-content\/uploads\/2022\/10\/DSC9189-1623x1080.jpg 1623w\" sizes=\"(max-width: 300px) 100vw, 300px\" \/><\/figure>\n\n\n\n<figure class=\"wp-block-image size-medium\"><img loading=\"lazy\" decoding=\"async\" width=\"300\" height=\"200\" src=\"https:\/\/www.tewhoola.com\/wp-content\/uploads\/2022\/10\/DSC9381-300x200.jpg\" alt=\"\" class=\"wp-image-13771\" srcset=\"https:\/\/www.tewhoola.com\/wp-content\/uploads\/2022\/10\/DSC9381-300x200.jpg 300w, https:\/\/www.tewhoola.com\/wp-content\/uploads\/2022\/10\/DSC9381-1024x681.jpg 1024w, https:\/\/www.tewhoola.com\/wp-content\/uploads\/2022\/10\/DSC9381-1536x1022.jpg 1536w, https:\/\/www.tewhoola.com\/wp-content\/uploads\/2022\/10\/DSC9381-2048x1363.jpg 2048w, https:\/\/www.tewhoola.com\/wp-content\/uploads\/2022\/10\/DSC9381-1623x1080.jpg 1623w\" sizes=\"(max-width: 300px) 100vw, 300px\" \/><\/figure>\n\n\n\n<figure class=\"wp-block-image size-large\"><img loading=\"lazy\" decoding=\"async\" width=\"1024\" height=\"681\" src=\"https:\/\/www.tewhoola.com\/wp-content\/uploads\/2022\/10\/DSC9679-1024x681.jpg\" alt=\"\" class=\"wp-image-13774\" srcset=\"https:\/\/www.tewhoola.com\/wp-content\/uploads\/2022\/10\/DSC9679-1024x681.jpg 1024w, https:\/\/www.tewhoola.com\/wp-content\/uploads\/2022\/10\/DSC9679-300x200.jpg 300w, https:\/\/www.tewhoola.com\/wp-content\/uploads\/2022\/10\/DSC9679-1536x1022.jpg 1536w, https:\/\/www.tewhoola.com\/wp-content\/uploads\/2022\/10\/DSC9679-2048x1363.jpg 2048w, https:\/\/www.tewhoola.com\/wp-content\/uploads\/2022\/10\/DSC9679-1623x1080.jpg 1623w\" sizes=\"(max-width: 1024px) 100vw, 1024px\" \/><\/figure>\n<\/div>\n\n\n\n<div class=\"wp-block-column ext-mb-lg tablet:ext-mb-0 ext-pt-base tablet:ext-pt-0 is-layout-flow wp-block-column-is-layout-flow\">\n<figure class=\"wp-block-image size-medium is-style-default editor:no-caption editor:no-resize ext-mb-base\"><img loading=\"lazy\" decoding=\"async\" width=\"300\" height=\"199\" src=\"https:\/\/www.tewhoola.com\/wp-content\/uploads\/2015\/08\/DSC_1287-300x199.jpg\" alt=\"spectacle lumineux No\u00ebl\" class=\"wp-image-5184\" srcset=\"https:\/\/www.tewhoola.com\/wp-content\/uploads\/2015\/08\/DSC_1287-300x199.jpg 300w, https:\/\/www.tewhoola.com\/wp-content\/uploads\/2015\/08\/DSC_1287.jpg 1024w\" sizes=\"(max-width: 300px) 100vw, 300px\" \/><\/figure>\n\n\n\n<figure class=\"wp-block-image size-medium\"><img loading=\"lazy\" decoding=\"async\" width=\"300\" height=\"200\" src=\"https:\/\/www.tewhoola.com\/wp-content\/uploads\/2022\/10\/DSC9199-300x200.jpg\" alt=\"\" class=\"wp-image-13768\" srcset=\"https:\/\/www.tewhoola.com\/wp-content\/uploads\/2022\/10\/DSC9199-300x200.jpg 300w, https:\/\/www.tewhoola.com\/wp-content\/uploads\/2022\/10\/DSC9199-1024x681.jpg 1024w, https:\/\/www.tewhoola.com\/wp-content\/uploads\/2022\/10\/DSC9199-1536x1022.jpg 1536w, https:\/\/www.tewhoola.com\/wp-content\/uploads\/2022\/10\/DSC9199-2048x1363.jpg 2048w, https:\/\/www.tewhoola.com\/wp-content\/uploads\/2022\/10\/DSC9199-1623x1080.jpg 1623w\" sizes=\"(max-width: 300px) 100vw, 300px\" \/><\/figure>\n\n\n\n<figure class=\"wp-block-image size-medium\"><img loading=\"lazy\" decoding=\"async\" width=\"300\" height=\"200\" src=\"https:\/\/www.tewhoola.com\/wp-content\/uploads\/2022\/10\/DSC9603-300x200.jpg\" alt=\"\" class=\"wp-image-13772\" srcset=\"https:\/\/www.tewhoola.com\/wp-content\/uploads\/2022\/10\/DSC9603-300x200.jpg 300w, https:\/\/www.tewhoola.com\/wp-content\/uploads\/2022\/10\/DSC9603-1024x681.jpg 1024w, https:\/\/www.tewhoola.com\/wp-content\/uploads\/2022\/10\/DSC9603-1536x1022.jpg 1536w, https:\/\/www.tewhoola.com\/wp-content\/uploads\/2022\/10\/DSC9603-2048x1363.jpg 2048w, https:\/\/www.tewhoola.com\/wp-content\/uploads\/2022\/10\/DSC9603-1623x1080.jpg 1623w\" sizes=\"(max-width: 300px) 100vw, 300px\" \/><\/figure>\n\n\n\n<figure class=\"wp-block-image size-medium\"><img loading=\"lazy\" decoding=\"async\" width=\"300\" height=\"200\" src=\"https:\/\/www.tewhoola.com\/wp-content\/uploads\/2022\/10\/DSC9650-300x200.jpg\" alt=\"\" class=\"wp-image-13773\" srcset=\"https:\/\/www.tewhoola.com\/wp-content\/uploads\/2022\/10\/DSC9650-300x200.jpg 300w, https:\/\/www.tewhoola.com\/wp-content\/uploads\/2022\/10\/DSC9650-1024x681.jpg 1024w, https:\/\/www.tewhoola.com\/wp-content\/uploads\/2022\/10\/DSC9650-1536x1022.jpg 1536w, https:\/\/www.tewhoola.com\/wp-content\/uploads\/2022\/10\/DSC9650-2048x1363.jpg 2048w, https:\/\/www.tewhoola.com\/wp-content\/uploads\/2022\/10\/DSC9650-1623x1080.jpg 1623w\" sizes=\"(max-width: 300px) 100vw, 300px\" \/><\/figure>\n<\/div>\n\n\n\n<div class=\"wp-block-column ext-mb-lg tablet:ext-mb-0 ext-pt-base tablet:ext-pt-0 is-layout-flow wp-block-column-is-layout-flow\">\n<figure class=\"wp-block-image size-full is-style-default editor:no-caption editor:no-resize ext-mb-base\"><img loading=\"lazy\" decoding=\"async\" width=\"932\" height=\"768\" src=\"https:\/\/www.tewhoola.com\/wp-content\/uploads\/2015\/12\/DSC_1720.jpg\" alt=\"\" class=\"wp-image-5744\" srcset=\"https:\/\/www.tewhoola.com\/wp-content\/uploads\/2015\/12\/DSC_1720.jpg 932w, https:\/\/www.tewhoola.com\/wp-content\/uploads\/2015\/12\/DSC_1720-300x247.jpg 300w\" sizes=\"(max-width: 932px) 100vw, 932px\" \/><\/figure>\n\n\n\n<figure class=\"wp-block-image size-medium\"><img loading=\"lazy\" decoding=\"async\" width=\"300\" height=\"200\" src=\"https:\/\/www.tewhoola.com\/wp-content\/uploads\/2022\/10\/DSC9268-300x200.jpg\" alt=\"\" class=\"wp-image-13769\" srcset=\"https:\/\/www.tewhoola.com\/wp-content\/uploads\/2022\/10\/DSC9268-300x200.jpg 300w, https:\/\/www.tewhoola.com\/wp-content\/uploads\/2022\/10\/DSC9268-1024x681.jpg 1024w, https:\/\/www.tewhoola.com\/wp-content\/uploads\/2022\/10\/DSC9268-1536x1022.jpg 1536w, https:\/\/www.tewhoola.com\/wp-content\/uploads\/2022\/10\/DSC9268-2048x1363.jpg 2048w, https:\/\/www.tewhoola.com\/wp-content\/uploads\/2022\/10\/DSC9268-1623x1080.jpg 1623w\" sizes=\"(max-width: 300px) 100vw, 300px\" \/><\/figure>\n\n\n\n<figure class=\"wp-block-image size-large\"><img loading=\"lazy\" decoding=\"async\" width=\"1024\" height=\"681\" src=\"https:\/\/www.tewhoola.com\/wp-content\/uploads\/2022\/10\/DSC9681-1024x681.jpg\" alt=\"\" class=\"wp-image-13775\" srcset=\"https:\/\/www.tewhoola.com\/wp-content\/uploads\/2022\/10\/DSC9681-1024x681.jpg 1024w, https:\/\/www.tewhoola.com\/wp-content\/uploads\/2022\/10\/DSC9681-300x200.jpg 300w, https:\/\/www.tewhoola.com\/wp-content\/uploads\/2022\/10\/DSC9681-1536x1022.jpg 1536w, https:\/\/www.tewhoola.com\/wp-content\/uploads\/2022\/10\/DSC9681-2048x1363.jpg 2048w, https:\/\/www.tewhoola.com\/wp-content\/uploads\/2022\/10\/DSC9681-1623x1080.jpg 1623w\" sizes=\"(max-width: 1024px) 100vw, 1024px\" \/><\/figure>\n\n\n\n<figure class=\"wp-block-image size-large\"><img loading=\"lazy\" decoding=\"async\" width=\"1024\" height=\"682\" src=\"https:\/\/www.tewhoola.com\/wp-content\/uploads\/2022\/10\/SAM_7237-1024x682.jpg\" alt=\"\" class=\"wp-image-13776\" srcset=\"https:\/\/www.tewhoola.com\/wp-content\/uploads\/2022\/10\/SAM_7237-1024x682.jpg 1024w, https:\/\/www.tewhoola.com\/wp-content\/uploads\/2022\/10\/SAM_7237-300x200.jpg 300w, https:\/\/www.tewhoola.com\/wp-content\/uploads\/2022\/10\/SAM_7237-1536x1024.jpg 1536w, https:\/\/www.tewhoola.com\/wp-content\/uploads\/2022\/10\/SAM_7237-2048x1365.jpg 2048w, https:\/\/www.tewhoola.com\/wp-content\/uploads\/2022\/10\/SAM_7237-1621x1080.jpg 1621w\" sizes=\"(max-width: 1024px) 100vw, 1024px\" \/><\/figure>\n<\/div>\n\n\n\n<div class=\"wp-block-column is-layout-flow wp-block-column-is-layout-flow\">\n<figure class=\"wp-block-image size-medium\"><img loading=\"lazy\" decoding=\"async\" width=\"199\" height=\"300\" src=\"https:\/\/www.tewhoola.com\/wp-content\/uploads\/2015\/08\/DSC_1246-199x300.jpg\" alt=\"\" class=\"wp-image-5182\" srcset=\"https:\/\/www.tewhoola.com\/wp-content\/uploads\/2015\/08\/DSC_1246-199x300.jpg 199w, https:\/\/www.tewhoola.com\/wp-content\/uploads\/2015\/08\/DSC_1246.jpg 680w\" sizes=\"(max-width: 199px) 100vw, 199px\" \/><\/figure>\n\n\n\n<figure class=\"wp-block-image size-medium\"><img loading=\"lazy\" decoding=\"async\" width=\"289\" height=\"300\" src=\"https:\/\/www.tewhoola.com\/wp-content\/uploads\/2015\/12\/echassier-lumineux-4-289x300.jpg\" alt=\"LED stilt walker\" class=\"wp-image-5793\" srcset=\"https:\/\/www.tewhoola.com\/wp-content\/uploads\/2015\/12\/echassier-lumineux-4-289x300.jpg 289w, https:\/\/www.tewhoola.com\/wp-content\/uploads\/2015\/12\/echassier-lumineux-4.jpg 768w\" sizes=\"(max-width: 289px) 100vw, 289px\" \/><\/figure>\n<\/div>\n<\/div>\n<\/div><\/div>\n","protected":false},"excerpt":{"rendered":"<p>Une d\u00e9ambulation en musique et en lumi\u00e8re qui reprend et fait swinguer les airs des f\u00eates de fin d\u2019ann\u00e9e. Plusieurs formules possibles, nous contacter pour \u00e9tablir celle qui\u00a0fera p\u00e9tiller\u00a0votre \u00e9v\u00e9nement.<\/p>\n","protected":false},"author":1,"featured_media":0,"parent":1440,"menu_order":0,"comment_status":"closed","ping_status":"closed","template":"","meta":{"footnotes":""},"class_list":["post-13763","page","type-page","status-publish","hentry"],"_links":{"self":[{"href":"https:\/\/www.tewhoola.com\/accueil\/wp-json\/wp\/v2\/pages\/13763"}],"collection":[{"href":"https:\/\/www.tewhoola.com\/accueil\/wp-json\/wp\/v2\/pages"}],"about":[{"href":"https:\/\/www.tewhoola.com\/accueil\/wp-json\/wp\/v2\/types\/page"}],"author":[{"embeddable":true,"href":"https:\/\/www.tewhoola.com\/accueil\/wp-json\/wp\/v2\/users\/1"}],"replies":[{"embeddable":true,"href":"https:\/\/www.tewhoola.com\/accueil\/wp-json\/wp\/v2\/comments?post=13763"}],"version-history":[{"count":4,"href":"https:\/\/www.tewhoola.com\/accueil\/wp-json\/wp\/v2\/pages\/13763\/revisions"}],"predecessor-version":[{"id":13778,"href":"https:\/\/www.tewhoola.com\/accueil\/wp-json\/wp\/v2\/pages\/13763\/revisions\/13778"}],"up":[{"embeddable":true,"href":"https:\/\/www.tewhoola.com\/accueil\/wp-json\/wp\/v2\/pages\/1440"}],"wp:attachment":[{"href":"https:\/\/www.tewhoola.com\/accueil\/wp-json\/wp\/v2\/media?parent=13763"}],"curies":[{"name":"wp","href":"https:\/\/api.w.org\/{rel}","templated":true}]}}