{"id":1544,"date":"2019-10-13T16:31:15","date_gmt":"2019-10-13T15:31:15","guid":{"rendered":"http:\/\/compagnietewhoola.wordpress.com\/?page_id=1544"},"modified":"2020-09-07T07:49:14","modified_gmt":"2020-09-07T06:49:14","slug":"tricycle-musical-lumineux","status":"publish","type":"page","link":"https:\/\/www.tewhoola.com\/accueil\/lumineux\/tricycle-musical-lumineux\/","title":{"rendered":"tricycle musical lumineux"},"content":{"rendered":"<p style=\"text-align: center;\"><div id=\"metaslider-id-5912\" style=\"max-width: 852px;\" class=\"ml-slider-3-90-1 metaslider metaslider-flex metaslider-5912 ml-slider ms-theme-nivo-dark has-dots-nav\" role=\"region\" aria-roledescription=\"Slideshow\" aria-label=\"tricycle lumineux\">\n    <div id=\"metaslider_container_5912\">\n        <div id=\"metaslider_5912\" class=\"flexslider\">\n            <ul class='slides'>\n                <li style=\"display: block; width: 100%;\" class=\"slide-8418 ms-image \" aria-roledescription=\"slide\" aria-label=\"slide-8418\"><img loading=\"lazy\" decoding=\"async\" src=\"https:\/\/www.tewhoola.com\/wp-content\/uploads\/2019\/03\/Tricycle-musical-lumineux-1-Copie-852x600.jpg\" height=\"600\" width=\"852\" alt=\"\" class=\"slider-5912 slide-8418\" \/><\/li>\n                <li style=\"display: none; width: 100%;\" class=\"slide-8419 ms-image \" aria-roledescription=\"slide\" aria-label=\"slide-8419\"><img loading=\"lazy\" decoding=\"async\" src=\"https:\/\/www.tewhoola.com\/wp-content\/uploads\/2019\/03\/Tricycle-musical-lumineux-2-852x600.jpg\" height=\"600\" width=\"852\" alt=\"\" class=\"slider-5912 slide-8419\" \/><\/li>\n                <li style=\"display: none; width: 100%;\" class=\"slide-8420 ms-image \" aria-roledescription=\"slide\" aria-label=\"slide-8420\"><img loading=\"lazy\" decoding=\"async\" src=\"https:\/\/www.tewhoola.com\/wp-content\/uploads\/2019\/03\/Tricycle-musical-lumineux-3-852x600.jpg\" height=\"600\" width=\"852\" alt=\"\" class=\"slider-5912 slide-8420\" \/><\/li>\n                <li style=\"display: none; width: 100%;\" class=\"slide-8421 ms-image \" aria-roledescription=\"slide\" aria-label=\"slide-8421\"><img loading=\"lazy\" decoding=\"async\" src=\"https:\/\/www.tewhoola.com\/wp-content\/uploads\/2019\/03\/Tricycle-musical-lumineux-4-852x600.jpg\" height=\"600\" width=\"852\" alt=\"\" class=\"slider-5912 slide-8421\" \/><\/li>\n                <li style=\"display: none; width: 100%;\" class=\"slide-8422 ms-image \" aria-roledescription=\"slide\" aria-label=\"slide-8422\"><img loading=\"lazy\" decoding=\"async\" src=\"https:\/\/www.tewhoola.com\/wp-content\/uploads\/2019\/03\/Tricycle-musical-lumineux-5-852x600.jpg\" height=\"600\" width=\"852\" alt=\"\" class=\"slider-5912 slide-8422\" \/><\/li>\n                <li style=\"display: none; width: 100%;\" class=\"slide-8423 ms-image \" aria-roledescription=\"slide\" aria-label=\"slide-8423\"><img loading=\"lazy\" decoding=\"async\" src=\"https:\/\/www.tewhoola.com\/wp-content\/uploads\/2019\/03\/Tricycle-musical-lumineux-6-852x600.jpg\" height=\"600\" width=\"852\" alt=\"\" class=\"slider-5912 slide-8423\" \/><\/li>\n                <li style=\"display: none; width: 100%;\" class=\"slide-8424 ms-image \" aria-roledescription=\"slide\" aria-label=\"slide-8424\"><img loading=\"lazy\" decoding=\"async\" src=\"https:\/\/www.tewhoola.com\/wp-content\/uploads\/2019\/03\/Tricycle-musical-lumineux-7-852x600.jpg\" height=\"600\" width=\"852\" alt=\"\" class=\"slider-5912 slide-8424\" \/><\/li>\n                <li style=\"display: none; width: 100%;\" class=\"slide-8425 ms-image \" aria-roledescription=\"slide\" aria-label=\"slide-8425\"><img loading=\"lazy\" decoding=\"async\" src=\"https:\/\/www.tewhoola.com\/wp-content\/uploads\/2019\/03\/Tricycle-musical-lumineux-8-852x600.jpg\" height=\"600\" width=\"852\" alt=\"\" class=\"slider-5912 slide-8425\" \/><\/li>\n                <li style=\"display: none; width: 100%;\" class=\"slide-8426 ms-image \" aria-roledescription=\"slide\" aria-label=\"slide-8426\"><img loading=\"lazy\" decoding=\"async\" src=\"https:\/\/www.tewhoola.com\/wp-content\/uploads\/2019\/03\/Tricycle-musical-lumineux-9-852x600.jpg\" height=\"600\" width=\"852\" alt=\"\" class=\"slider-5912 slide-8426\" \/><\/li>\n                <li style=\"display: none; width: 100%;\" class=\"slide-8427 ms-image \" aria-roledescription=\"slide\" aria-label=\"slide-8427\"><img loading=\"lazy\" decoding=\"async\" src=\"https:\/\/www.tewhoola.com\/wp-content\/uploads\/2019\/03\/Tricycle-musical-lumineux-10-852x600.jpg\" height=\"600\" width=\"852\" alt=\"\" class=\"slider-5912 slide-8427\" \/><\/li>\n            <\/ul>\n        <\/div>\n        \n    <\/div>\n<\/div><\/p>\n<p>&nbsp;<\/p>\n<h2 style=\"text-align: center;\"><span style=\"color: #000000;\">Le tricycle musical lumineux \u00a0accompagne les parades des\u00a0<a style=\"color: #000000;\" href=\"http:\/\/tewhoola.com\/echassier-lumineux\/\">\u00e9chassiers lumineux<\/a> ou de l&#8217; <a style=\"color: #000000;\" href=\"http:\/\/tewhoola.com\/lumineux\/accueil\">orchestre lumineux<\/a> avec une ambiance musicale adapt\u00e9e \u00e0 l&#8217;\u00e9v\u00e9nement&#8230;<\/span><\/h2>\n<h2 style=\"text-align: center;\"><span style=\"color: #000000;\">il est conduit par un(e) artiste qui peut \u00eatre jongleur(se), acrobate, \u00e9quilibriste, musicien (ne) et qui l&#8217;utilise comme un petit podium aux moments d&#8217;arr\u00eat d&#8217;une d\u00e9ambulation.<\/span><\/h2>\n<p>&nbsp;<\/p>\n<p><a href=\"http:\/\/www.tewhoola.com\/wp-content\/uploads\/2019\/03\/tricylemusicala4.jpg\"><img loading=\"lazy\" decoding=\"async\" class=\"aligncenter wp-image-8405\" src=\"http:\/\/www.tewhoola.com\/wp-content\/uploads\/2019\/03\/tricylemusicala4-212x300.jpg\" alt=\"\" width=\"375\" height=\"530\" srcset=\"https:\/\/www.tewhoola.com\/wp-content\/uploads\/2019\/03\/tricylemusicala4-212x300.jpg 212w, https:\/\/www.tewhoola.com\/wp-content\/uploads\/2019\/03\/tricylemusicala4-724x1024.jpg 724w\" sizes=\"(max-width: 375px) 100vw, 375px\" \/><\/a><\/p>\n<h2 style=\"text-align: center;\"><\/h2>\n<p>&nbsp;<\/p>\n<p>&nbsp;<\/p>\n<p>&nbsp;<\/p>\n","protected":false},"excerpt":{"rendered":"<p>&nbsp; Le tricycle musical lumineux \u00a0accompagne les parades des\u00a0\u00e9chassiers lumineux ou de l&#8217; orchestre lumineux avec une ambiance musicale adapt\u00e9e \u00e0 l&#8217;\u00e9v\u00e9nement&#8230; il est conduit par un(e) artiste qui peut \u00eatre jongleur(se), acrobate, \u00e9quilibriste, musicien (ne) et qui l&#8217;utilise comme un petit podium aux moments d&#8217;arr\u00eat d&#8217;une d\u00e9ambulation. &nbsp; &nbsp; &nbsp; &nbsp;<\/p>\n","protected":false},"author":1,"featured_media":0,"parent":1440,"menu_order":4,"comment_status":"closed","ping_status":"closed","template":"","meta":{"footnotes":""},"class_list":["post-1544","page","type-page","status-publish","hentry"],"_links":{"self":[{"href":"https:\/\/www.tewhoola.com\/accueil\/wp-json\/wp\/v2\/pages\/1544"}],"collection":[{"href":"https:\/\/www.tewhoola.com\/accueil\/wp-json\/wp\/v2\/pages"}],"about":[{"href":"https:\/\/www.tewhoola.com\/accueil\/wp-json\/wp\/v2\/types\/page"}],"author":[{"embeddable":true,"href":"https:\/\/www.tewhoola.com\/accueil\/wp-json\/wp\/v2\/users\/1"}],"replies":[{"embeddable":true,"href":"https:\/\/www.tewhoola.com\/accueil\/wp-json\/wp\/v2\/comments?post=1544"}],"version-history":[{"count":25,"href":"https:\/\/www.tewhoola.com\/accueil\/wp-json\/wp\/v2\/pages\/1544\/revisions"}],"predecessor-version":[{"id":8442,"href":"https:\/\/www.tewhoola.com\/accueil\/wp-json\/wp\/v2\/pages\/1544\/revisions\/8442"}],"up":[{"embeddable":true,"href":"https:\/\/www.tewhoola.com\/accueil\/wp-json\/wp\/v2\/pages\/1440"}],"wp:attachment":[{"href":"https:\/\/www.tewhoola.com\/accueil\/wp-json\/wp\/v2\/media?parent=1544"}],"curies":[{"name":"wp","href":"https:\/\/api.w.org\/{rel}","templated":true}]}}