{"id":514,"date":"2011-03-11T15:19:17","date_gmt":"2011-03-11T15:19:17","guid":{"rendered":"http:\/\/compagnietewhoola.wordpress.com\/?page_id=514"},"modified":"2016-01-29T22:20:34","modified_gmt":"2016-01-29T21:20:34","slug":"les-circolors","status":"publish","type":"page","link":"https:\/\/www.tewhoola.com\/accueil\/parades\/les-circolors\/","title":{"rendered":"Les Circolors, parade carnaval"},"content":{"rendered":"<div id=\"metaslider-id-5843\" style=\"max-width: 1100px; margin: 0 auto;\" class=\"ml-slider-3-90-1 metaslider metaslider-nivo metaslider-5843 ml-slider ms-theme-nivo-dark has-dots-nav\" role=\"region\" aria-roledescription=\"Slideshow\" aria-label=\"Circolor\">\n    <div id=\"metaslider_container_5843\">\n        <div class='slider-wrapper theme-default'><div class='ribbon'><\/div><div id='metaslider_5843' class='nivoSlider'><img loading=\"lazy\" decoding=\"async\" src=\"https:\/\/www.tewhoola.com\/wp-content\/uploads\/2015\/12\/DSC_0012-1100x500.jpg\" height=\"500\" width=\"1100\" title=\"parade carnaval  cirque et musique\" alt=\"fanfare cirque\" class=\"slider-5843 slide-5844\" \/><img loading=\"lazy\" decoding=\"async\" src=\"https:\/\/www.tewhoola.com\/wp-content\/uploads\/2015\/12\/parade-festive-cirque-et-musique-4-1100x500.jpg\" height=\"500\" width=\"1100\" title=\"cirque et musique live \u00e9chasses\" alt=\"carnaval\" class=\"slider-5843 slide-5752\" \/><img loading=\"lazy\" decoding=\"async\" src=\"https:\/\/www.tewhoola.com\/wp-content\/uploads\/2015\/12\/parade-festive-cirque-et-musique-3-1100x500.jpg\" height=\"500\" width=\"1100\" title=\"parade carnaval  cirque et musique live\" alt=\"carnaval\" class=\"slider-5843 slide-5751\" \/><img loading=\"lazy\" decoding=\"async\" src=\"https:\/\/www.tewhoola.com\/wp-content\/uploads\/2015\/12\/parade-festive-cirque-et-musique-1-1100x500.jpg\" height=\"500\" width=\"1100\" data-caption=\"parade carnaval  cirque et musique\" alt=\"carnaval\" class=\"slider-5843 slide-5749\" \/><img loading=\"lazy\" decoding=\"async\" src=\"https:\/\/www.tewhoola.com\/wp-content\/uploads\/2016\/01\/Tewhoola-parade-cirque-et-musique-Circolor-78-1-1100x500.jpg\" height=\"500\" width=\"1100\" title=\"fanfare cirque festive\" alt=\"carnaval\" class=\"slider-5843 slide-6020\" \/><img loading=\"lazy\" decoding=\"async\" src=\"https:\/\/www.tewhoola.com\/wp-content\/uploads\/2015\/12\/parade-festive-cirque-et-musique-2-1100x500.jpg\" height=\"500\" width=\"1100\" title=\"parade carnaval  cirque et orchestre\" alt=\"carnaval \u00e9chassiers musiciens\" class=\"slider-5843 slide-5750\" \/><img loading=\"lazy\" decoding=\"async\" src=\"https:\/\/www.tewhoola.com\/wp-content\/uploads\/2016\/01\/Tewhoola-parade-cirque-et-musique-Circolor-81-1100x500.jpg\" height=\"500\" width=\"1100\" title=\"\u00e9chassiers musiciens\" alt=\"\u00e9chassiers musiciens\" class=\"slider-5843 slide-6019\" \/><img loading=\"lazy\" decoding=\"async\" src=\"https:\/\/www.tewhoola.com\/wp-content\/uploads\/2016\/01\/Tewhoola-parade-cirque-et-musique-Circolor-80-1100x500.jpg\" height=\"500\" width=\"1100\" title=\"cirque et musique live\" alt=\"carnaval\" class=\"slider-5843 slide-6021\" \/><\/div><\/div>\n        \n    <\/div>\n<\/div>\n<p>Les Circolor pour une ambiance de carnaval festive, joyeuse, rythm\u00e9e et color\u00e9e.<\/p>\n<p>Une parade color\u00e9e, pleine d&#8217;\u00e9nergie, de surprises et d&#8217;envie de partager le \u00a0moment avec le public. Les personnages sont \u00e0 la fois musiciens, acrobates, danseurs ou \u00e9chassiers.<\/p>\n<p>Plusieurs formules possibles. Contactez nous pour construire celle qui rendra votre \u00e9v\u00e9nement festif.<\/p>\n<p>La troupe est enti\u00e8rement autonome en technique.<\/p>\n<p>Les Circolor en vid\u00e9o:<\/p>\n<p><iframe loading=\"lazy\" title=\"Compagnie Tewhoola parade Circolor\" width=\"500\" height=\"281\" src=\"https:\/\/www.youtube.com\/embed\/8JTwC0X1Yjw?feature=oembed\" frameborder=\"0\" allow=\"accelerometer; autoplay; clipboard-write; encrypted-media; gyroscope; picture-in-picture; web-share\" referrerpolicy=\"strict-origin-when-cross-origin\" allowfullscreen><\/iframe><\/p>\n<div id=\"attachment_5750\" style=\"width: 1034px\" class=\"wp-caption aligncenter\"><a href=\"http:\/\/tewhoola.com\/parades\/les-circolors\/parade-festive-cirque-et-musique-2\/\" target=\"_blank\" rel=\"attachment wp-att-5750\"><img loading=\"lazy\" decoding=\"async\" aria-describedby=\"caption-attachment-5750\" class=\"wp-image-5750 size-large\" title=\"echassiers parade carnaval\" src=\"http:\/\/tewhoola.com\/wp-content\/uploads\/2015\/12\/parade-festive-cirque-et-musique-2-1024x685.jpg\" alt=\"carnaval \u00e9chassiers musiciens\" width=\"1024\" height=\"685\" srcset=\"https:\/\/www.tewhoola.com\/wp-content\/uploads\/2015\/12\/parade-festive-cirque-et-musique-2.jpg 1024w, https:\/\/www.tewhoola.com\/wp-content\/uploads\/2015\/12\/parade-festive-cirque-et-musique-2-300x201.jpg 300w\" sizes=\"(max-width: 1024px) 100vw, 1024px\" \/><\/a><p id=\"caption-attachment-5750\" class=\"wp-caption-text\">parade carnaval cirque et orchestre<\/p><\/div>\n<p>T\u00e9l\u00e9chargement:<\/p>\n<p><a href=\"http:\/\/tewhoola.com\/photos-circolor\/\">photos (compress\u00e9es)<\/a><\/p>\n<p>&nbsp;<\/p>\n<p>&nbsp;<\/p>\n<p>&nbsp;<\/p>\n<p>&nbsp;<\/p>\n<p>&nbsp;<\/p>\n<p>&nbsp;<\/p>\n<p><span style=\"color: #800000;\"><strong><em><br \/>\n<\/em><\/strong><\/span><\/p>\n","protected":false},"excerpt":{"rendered":"<p>Les Circolor pour une ambiance de carnaval festive, joyeuse, rythm\u00e9e et color\u00e9e. Une parade color\u00e9e, pleine d&#8217;\u00e9nergie, de surprises et d&#8217;envie de partager le \u00a0moment avec le public. Les personnages sont \u00e0 la fois musiciens, acrobates, danseurs ou \u00e9chassiers. Plusieurs formules possibles. Contactez nous pour construire celle qui rendra votre \u00e9v\u00e9nement festif. La troupe est [&hellip;]<\/p>\n","protected":false},"author":1,"featured_media":5102,"parent":782,"menu_order":1,"comment_status":"closed","ping_status":"open","template":"","meta":{"footnotes":""},"class_list":["post-514","page","type-page","status-publish","has-post-thumbnail","hentry"],"_links":{"self":[{"href":"https:\/\/www.tewhoola.com\/accueil\/wp-json\/wp\/v2\/pages\/514"}],"collection":[{"href":"https:\/\/www.tewhoola.com\/accueil\/wp-json\/wp\/v2\/pages"}],"about":[{"href":"https:\/\/www.tewhoola.com\/accueil\/wp-json\/wp\/v2\/types\/page"}],"author":[{"embeddable":true,"href":"https:\/\/www.tewhoola.com\/accueil\/wp-json\/wp\/v2\/users\/1"}],"replies":[{"embeddable":true,"href":"https:\/\/www.tewhoola.com\/accueil\/wp-json\/wp\/v2\/comments?post=514"}],"version-history":[{"count":13,"href":"https:\/\/www.tewhoola.com\/accueil\/wp-json\/wp\/v2\/pages\/514\/revisions"}],"predecessor-version":[{"id":6156,"href":"https:\/\/www.tewhoola.com\/accueil\/wp-json\/wp\/v2\/pages\/514\/revisions\/6156"}],"up":[{"embeddable":true,"href":"https:\/\/www.tewhoola.com\/accueil\/wp-json\/wp\/v2\/pages\/782"}],"wp:featuredmedia":[{"embeddable":true,"href":"https:\/\/www.tewhoola.com\/accueil\/wp-json\/wp\/v2\/media\/5102"}],"wp:attachment":[{"href":"https:\/\/www.tewhoola.com\/accueil\/wp-json\/wp\/v2\/media?parent=514"}],"curies":[{"name":"wp","href":"https:\/\/api.w.org\/{rel}","templated":true}]}}