{"id":6887,"date":"2017-06-02T12:51:30","date_gmt":"2017-06-02T11:51:30","guid":{"rendered":"http:\/\/tewhoola.com\/?page_id=6887"},"modified":"2017-06-02T12:54:42","modified_gmt":"2017-06-02T11:54:42","slug":"statue-creature-vegetale","status":"publish","type":"page","link":"https:\/\/www.tewhoola.com\/accueil\/numeros-2\/statues-vivantes\/statue-creature-vegetale\/","title":{"rendered":"Statue cr\u00e9ature v\u00e9g\u00e9tale"},"content":{"rendered":"\n\t\t<style type=\"text\/css\">\n\t\t\t#gallery-1 {\n\t\t\t\tmargin: auto;\n\t\t\t}\n\t\t\t#gallery-1 .gallery-item {\n\t\t\t\tfloat: left;\n\t\t\t\tmargin-top: 10px;\n\t\t\t\ttext-align: center;\n\t\t\t\twidth: 100%;\n\t\t\t}\n\t\t\t#gallery-1 img {\n\t\t\t\tborder: 2px solid #cfcfcf;\n\t\t\t}\n\t\t\t#gallery-1 .gallery-caption {\n\t\t\t\tmargin-left: 0;\n\t\t\t}\n\t\t\t\/* see gallery_shortcode() in wp-includes\/media.php *\/\n\t\t<\/style>\n\t\t<div id='gallery-1' class='gallery galleryid-6887 gallery-columns-1 gallery-size-full'><dl class='gallery-item'>\n\t\t\t<dt class='gallery-icon portrait'>\n\t\t\t\t<a href='https:\/\/www.tewhoola.com\/accueil\/numeros-2\/statues-vivantes\/statue-creature-vegetale\/dsc_0110-yy\/'><img loading=\"lazy\" decoding=\"async\" width=\"548\" height=\"561\" src=\"https:\/\/www.tewhoola.com\/wp-content\/uploads\/2017\/06\/DSC_0110-yy.jpg\" class=\"attachment-full size-full\" alt=\"\" aria-describedby=\"gallery-1-6891\" srcset=\"https:\/\/www.tewhoola.com\/wp-content\/uploads\/2017\/06\/DSC_0110-yy.jpg 548w, https:\/\/www.tewhoola.com\/wp-content\/uploads\/2017\/06\/DSC_0110-yy-293x300.jpg 293w\" sizes=\"(max-width: 548px) 100vw, 548px\" \/><\/a>\n\t\t\t<\/dt>\n\t\t\t\t<dd class='wp-caption-text gallery-caption' id='gallery-1-6891'>\n\t\t\t\tSpectacles fixes\n\t\t\t\t<\/dd><\/dl><br style=\"clear: both\" \/><dl class='gallery-item'>\n\t\t\t<dt class='gallery-icon portrait'>\n\t\t\t\t<a href='https:\/\/www.tewhoola.com\/accueil\/numeros-2\/statues-vivantes\/statue-creature-vegetale\/dsc_0040-yy\/'><img loading=\"lazy\" decoding=\"async\" width=\"559\" height=\"642\" src=\"https:\/\/www.tewhoola.com\/wp-content\/uploads\/2017\/06\/DSC_0040-yy.jpg\" class=\"attachment-full size-full\" alt=\"\" aria-describedby=\"gallery-1-6889\" srcset=\"https:\/\/www.tewhoola.com\/wp-content\/uploads\/2017\/06\/DSC_0040-yy.jpg 559w, https:\/\/www.tewhoola.com\/wp-content\/uploads\/2017\/06\/DSC_0040-yy-261x300.jpg 261w\" sizes=\"(max-width: 559px) 100vw, 559px\" \/><\/a>\n\t\t\t<\/dt>\n\t\t\t\t<dd class='wp-caption-text gallery-caption' id='gallery-1-6889'>\n\t\t\t\tvegetal human statue\n\t\t\t\t<\/dd><\/dl><br style=\"clear: both\" \/><dl class='gallery-item'>\n\t\t\t<dt class='gallery-icon landscape'>\n\t\t\t\t<a href='https:\/\/www.tewhoola.com\/accueil\/numeros-2\/statues-vivantes\/statue-creature-vegetale\/dsc_0053-yy\/'><img loading=\"lazy\" decoding=\"async\" width=\"657\" height=\"558\" src=\"https:\/\/www.tewhoola.com\/wp-content\/uploads\/2017\/06\/DSC_0053-yy.jpg\" class=\"attachment-full size-full\" alt=\"\" aria-describedby=\"gallery-1-6890\" srcset=\"https:\/\/www.tewhoola.com\/wp-content\/uploads\/2017\/06\/DSC_0053-yy.jpg 657w, https:\/\/www.tewhoola.com\/wp-content\/uploads\/2017\/06\/DSC_0053-yy-300x255.jpg 300w\" sizes=\"(max-width: 657px) 100vw, 657px\" \/><\/a>\n\t\t\t<\/dt>\n\t\t\t\t<dd class='wp-caption-text gallery-caption' id='gallery-1-6890'>\n\t\t\t\tWine creature living statue \n\t\t\t\t<\/dd><\/dl><br style=\"clear: both\" \/>\n\t\t<\/div>\n\n","protected":false},"excerpt":{"rendered":"","protected":false},"author":1,"featured_media":0,"parent":905,"menu_order":0,"comment_status":"closed","ping_status":"closed","template":"","meta":{"footnotes":""},"class_list":["post-6887","page","type-page","status-publish","hentry"],"_links":{"self":[{"href":"https:\/\/www.tewhoola.com\/accueil\/wp-json\/wp\/v2\/pages\/6887"}],"collection":[{"href":"https:\/\/www.tewhoola.com\/accueil\/wp-json\/wp\/v2\/pages"}],"about":[{"href":"https:\/\/www.tewhoola.com\/accueil\/wp-json\/wp\/v2\/types\/page"}],"author":[{"embeddable":true,"href":"https:\/\/www.tewhoola.com\/accueil\/wp-json\/wp\/v2\/users\/1"}],"replies":[{"embeddable":true,"href":"https:\/\/www.tewhoola.com\/accueil\/wp-json\/wp\/v2\/comments?post=6887"}],"version-history":[{"count":3,"href":"https:\/\/www.tewhoola.com\/accueil\/wp-json\/wp\/v2\/pages\/6887\/revisions"}],"predecessor-version":[{"id":6893,"href":"https:\/\/www.tewhoola.com\/accueil\/wp-json\/wp\/v2\/pages\/6887\/revisions\/6893"}],"up":[{"embeddable":true,"href":"https:\/\/www.tewhoola.com\/accueil\/wp-json\/wp\/v2\/pages\/905"}],"wp:attachment":[{"href":"https:\/\/www.tewhoola.com\/accueil\/wp-json\/wp\/v2\/media?parent=6887"}],"curies":[{"name":"wp","href":"https:\/\/api.w.org\/{rel}","templated":true}]}}