{"id":77,"date":"2011-01-07T14:03:31","date_gmt":"2011-01-07T14:03:31","guid":{"rendered":"http:\/\/compagnietewhoola.wordpress.com\/?page_id=77"},"modified":"2017-06-28T09:41:44","modified_gmt":"2017-06-28T08:41:44","slug":"statue-vivante","status":"publish","type":"page","link":"https:\/\/www.tewhoola.com\/accueil\/numeros-2\/statues-vivantes\/statue-vivante\/","title":{"rendered":"statues vivantes blanches"},"content":{"rendered":"<div id=\"metaslider-id-5973\" style=\"max-width: 1100px; margin: 0 auto;\" class=\"ml-slider-3-90-1 metaslider metaslider-nivo metaslider-5973 ml-slider ms-theme-nivo-dark has-dots-nav\" role=\"region\" aria-roledescription=\"Slideshow\" aria-label=\"statues blanches\">\n    <div id=\"metaslider_container_5973\">\n        <div class='slider-wrapper theme-default'><div class='ribbon'><\/div><div id='metaslider_5973' class='nivoSlider'><img loading=\"lazy\" decoding=\"async\" src=\"https:\/\/www.tewhoola.com\/wp-content\/uploads\/2011\/01\/statue-vivante-Nymphe1-1100x700.jpg\" height=\"700\" width=\"1100\" title=\"statue vivante\" alt=\"living statue\" class=\"slider-5973 slide-5253\" \/><img loading=\"lazy\" decoding=\"async\" src=\"https:\/\/www.tewhoola.com\/wp-content\/uploads\/2011\/01\/Statue-3-1100x700.jpg\" height=\"700\" width=\"1100\" title=\"living statue\" alt=\"still life performance\" class=\"slider-5973 slide-5282\" \/><img loading=\"lazy\" decoding=\"async\" src=\"https:\/\/www.tewhoola.com\/wp-content\/uploads\/2011\/01\/trio-de-statues-vivantes-1100x700.jpg\" height=\"700\" width=\"1100\" title=\"living statues\" alt=\"still life performance\" class=\"slider-5973 slide-5274\" \/><img loading=\"lazy\" decoding=\"async\" src=\"https:\/\/www.tewhoola.com\/wp-content\/uploads\/2011\/01\/DSC_0168-1100x700.jpg\" height=\"700\" width=\"1100\" alt=\"\" class=\"slider-5973 slide-5276\" \/><img loading=\"lazy\" decoding=\"async\" src=\"https:\/\/www.tewhoola.com\/wp-content\/uploads\/2011\/01\/statues-vivantes-et-public-1100x700.jpg\" height=\"700\" width=\"1100\" title=\"statues vivantes Chartres\" alt=\"\" class=\"slider-5973 slide-5269\" \/><img loading=\"lazy\" decoding=\"async\" src=\"https:\/\/www.tewhoola.com\/wp-content\/uploads\/2011\/01\/Tewhoola-statues-vivantes-1100x700.jpg\" height=\"700\" width=\"1100\" title=\"living statues\" alt=\"\" class=\"slider-5973 slide-5252\" \/><img loading=\"lazy\" decoding=\"async\" src=\"https:\/\/www.tewhoola.com\/wp-content\/uploads\/2011\/01\/statues-vivantes-Compagnie-Tewhoola-1100x700.jpg\" height=\"700\" width=\"1100\" title=\"statues v ivantes inauguration mus\u00e9e de Valenciennes\" alt=\"Valenciennes museum living statues\" class=\"slider-5973 slide-5250\" \/><img loading=\"lazy\" decoding=\"async\" src=\"https:\/\/www.tewhoola.com\/wp-content\/uploads\/2011\/01\/Statues-vivantes-au-mus\u00e9e-1100x700.jpg\" height=\"700\" width=\"1100\" title=\"duo de statues vivantes\" alt=\"mus\u00e9e Valenciennes France\" class=\"slider-5973 slide-5249\" \/><img loading=\"lazy\" decoding=\"async\" src=\"https:\/\/www.tewhoola.com\/wp-content\/uploads\/2011\/01\/Statues-vivantes-\u00e0-Valenciennes-1100x700.jpg\" height=\"700\" width=\"1100\" title=\"statues vivantes mus\u00e9e de Valenciennes\" alt=\"mus\u00e9e de Valenciennes statue vivante\" class=\"slider-5973 slide-5248\" \/><img loading=\"lazy\" decoding=\"async\" src=\"https:\/\/www.tewhoola.com\/wp-content\/uploads\/2011\/01\/statue-vivante-gargouille-1100x700.jpg\" height=\"700\" width=\"1100\" title=\"statue vivante monstre\" alt=\"\" class=\"slider-5973 slide-5246\" \/><img loading=\"lazy\" decoding=\"async\" src=\"https:\/\/www.tewhoola.com\/wp-content\/uploads\/2011\/01\/gargouille-\u00e0-Valenciennes-1100x700.jpg\" height=\"700\" width=\"1100\" title=\"gargouille statue vivante\" alt=\"living statue monster\" class=\"slider-5973 slide-5243\" \/><img loading=\"lazy\" decoding=\"async\" src=\"https:\/\/www.tewhoola.com\/wp-content\/uploads\/2011\/01\/Empereur-romain-\u00e0-Chartres-1100x700.jpg\" height=\"700\" width=\"1100\" title=\"living statues\" alt=\"roman living statues\" class=\"slider-5973 slide-5241\" \/><img loading=\"lazy\" decoding=\"async\" src=\"https:\/\/www.tewhoola.com\/wp-content\/uploads\/2011\/01\/DSC_2326-e1451855859765-1100x700.jpg\" height=\"700\" width=\"1100\" title=\"statues vivantes\" alt=\"linving statues performance\" class=\"slider-5973 slide-5239\" \/><img loading=\"lazy\" decoding=\"async\" src=\"https:\/\/www.tewhoola.com\/wp-content\/uploads\/2016\/01\/statues-vivantes-29-1100x700.jpg\" height=\"700\" width=\"1100\" title=\"statue vivante\" alt=\"Val\u00e9rie Dubois\" class=\"slider-5973 slide-6160\" \/><\/div><\/div>\n        \n    <\/div>\n<\/div>\n<blockquote>\n<h3><span style=\"color: #290303;\">Personnages aux apparences multiples, les statues vivantes intriguent, \u00e9meuvent par leur charme indicible\u2026 entre oeuvres d&#8217;art, \u00eatres vivants et min\u00e9raux, elles se produisent en tableaux collectifs ou en solo. Au d\u00e9tour d&#8217;une place, dans un mus\u00e9e ou un lieu public, au coin d&#8217;une rue ou dans un ch\u00e2teau, elles cr\u00e9ent toujours l&#8217;\u00e9v\u00e9nement.\u00a0<\/span><\/h3>\n<div id=\"attachment_6157\" style=\"width: 690px\" class=\"wp-caption aligncenter\"><a href=\"http:\/\/tewhoola.com\/numeros-2\/statues-vivantes\/statue-vivante\/statues-vivantes-41\/\" target=\"_blank\" rel=\"attachment wp-att-6157\"><img loading=\"lazy\" decoding=\"async\" aria-describedby=\"caption-attachment-6157\" class=\"wp-image-6157 size-large\" src=\"http:\/\/tewhoola.com\/wp-content\/uploads\/2011\/01\/statues-vivantes-41-680x1024.jpg\" alt=\"living statues\" width=\"680\" height=\"1024\" srcset=\"https:\/\/www.tewhoola.com\/wp-content\/uploads\/2011\/01\/statues-vivantes-41-680x1024.jpg 680w, https:\/\/www.tewhoola.com\/wp-content\/uploads\/2011\/01\/statues-vivantes-41-199x300.jpg 199w\" sizes=\"(max-width: 680px) 100vw, 680px\" \/><\/a><p id=\"caption-attachment-6157\" class=\"wp-caption-text\">statues vivantes<\/p><\/div>\n\n\t\t<style type=\"text\/css\">\n\t\t\t#gallery-1 {\n\t\t\t\tmargin: auto;\n\t\t\t}\n\t\t\t#gallery-1 .gallery-item {\n\t\t\t\tfloat: left;\n\t\t\t\tmargin-top: 10px;\n\t\t\t\ttext-align: center;\n\t\t\t\twidth: 33%;\n\t\t\t}\n\t\t\t#gallery-1 img {\n\t\t\t\tborder: 2px solid #cfcfcf;\n\t\t\t}\n\t\t\t#gallery-1 .gallery-caption {\n\t\t\t\tmargin-left: 0;\n\t\t\t}\n\t\t\t\/* see gallery_shortcode() in wp-includes\/media.php *\/\n\t\t<\/style>\n\t\t<div id='gallery-1' class='gallery galleryid-77 gallery-columns-3 gallery-size-medium'><dl class='gallery-item'>\n\t\t\t<dt class='gallery-icon portrait'>\n\t\t\t\t<a href='https:\/\/www.tewhoola.com\/accueil\/numeros-2\/statues-vivantes\/statue-vivante\/tewhoola-statues-vivantes-antibes-3\/'><img loading=\"lazy\" decoding=\"async\" width=\"185\" height=\"300\" src=\"https:\/\/www.tewhoola.com\/wp-content\/uploads\/2011\/01\/Tewhoola-statues-vivantes-Antibes-3-185x300.jpg\" class=\"attachment-medium size-medium\" alt=\"\" srcset=\"https:\/\/www.tewhoola.com\/wp-content\/uploads\/2011\/01\/Tewhoola-statues-vivantes-Antibes-3-185x300.jpg 185w, https:\/\/www.tewhoola.com\/wp-content\/uploads\/2011\/01\/Tewhoola-statues-vivantes-Antibes-3.jpg 615w\" sizes=\"(max-width: 185px) 100vw, 185px\" \/><\/a>\n\t\t\t<\/dt><\/dl><dl class='gallery-item'>\n\t\t\t<dt class='gallery-icon portrait'>\n\t\t\t\t<a href='https:\/\/www.tewhoola.com\/accueil\/numeros-2\/statues-vivantes\/statue-vivante\/tewhoola-statues-vivantes-antibes-2\/'><img loading=\"lazy\" decoding=\"async\" width=\"236\" height=\"300\" src=\"https:\/\/www.tewhoola.com\/wp-content\/uploads\/2011\/01\/Tewhoola-statues-vivantes-Antibes-2-236x300.jpg\" class=\"attachment-medium size-medium\" alt=\"\" srcset=\"https:\/\/www.tewhoola.com\/wp-content\/uploads\/2011\/01\/Tewhoola-statues-vivantes-Antibes-2-236x300.jpg 236w, https:\/\/www.tewhoola.com\/wp-content\/uploads\/2011\/01\/Tewhoola-statues-vivantes-Antibes-2.jpg 681w\" sizes=\"(max-width: 236px) 100vw, 236px\" \/><\/a>\n\t\t\t<\/dt><\/dl><dl class='gallery-item'>\n\t\t\t<dt class='gallery-icon portrait'>\n\t\t\t\t<a href='https:\/\/www.tewhoola.com\/accueil\/numeros-2\/statues-vivantes\/statue-vivante\/tewhoola-statues-vivantes-antibes-1\/'><img loading=\"lazy\" decoding=\"async\" width=\"213\" height=\"300\" src=\"https:\/\/www.tewhoola.com\/wp-content\/uploads\/2011\/01\/Tewhoola-statues-vivantes-Antibes-1-213x300.jpg\" class=\"attachment-medium size-medium\" alt=\"\" aria-describedby=\"gallery-1-6910\" srcset=\"https:\/\/www.tewhoola.com\/wp-content\/uploads\/2011\/01\/Tewhoola-statues-vivantes-Antibes-1-213x300.jpg 213w, https:\/\/www.tewhoola.com\/wp-content\/uploads\/2011\/01\/Tewhoola-statues-vivantes-Antibes-1.jpg 710w\" sizes=\"(max-width: 213px) 100vw, 213px\" \/><\/a>\n\t\t\t<\/dt>\n\t\t\t\t<dd class='wp-caption-text gallery-caption' id='gallery-1-6910'>\n\t\t\t\tliving statues\n\t\t\t\t<\/dd><\/dl><br style=\"clear: both\" \/>\n\t\t<\/div>\n\n<p>&nbsp;<\/p><\/blockquote>\n<blockquote>\n<div id=\"attachment_5272\" style=\"width: 416px\" class=\"wp-caption aligncenter\"><a href=\"http:\/\/tewhoola.com\/numeros-2\/statues-vivantes\/statue-vivante\/statues-vivantes-chartres-en-lumieres\/\" target=\"_blank\"><img loading=\"lazy\" decoding=\"async\" aria-describedby=\"caption-attachment-5272\" class=\"wp-image-5272\" title=\"statues vivantes groupe\" src=\"http:\/\/tewhoola.com\/wp-content\/uploads\/2011\/01\/Statues-vivantes-Chartres-en-lumi\u00e8res-680x1024.jpg\" alt=\"Statues vivantes Chartres en lumi\u00e8res\" width=\"406\" height=\"611\" \/><\/a><p id=\"caption-attachment-5272\" class=\"wp-caption-text\">statues vivantes dans &#8220;Aurore Bor\u00e9ale &#8221; de Philippe H\u00e9rault, Chartres en lumi\u00e8res 2015<\/p><\/div>\n<p>&nbsp;<\/p><\/blockquote>\n<p><iframe loading=\"lazy\" title=\"statues vivantes\" width=\"500\" height=\"281\" src=\"https:\/\/www.youtube.com\/embed\/9UIUbG1RKrk?feature=oembed\" frameborder=\"0\" allow=\"accelerometer; autoplay; clipboard-write; encrypted-media; gyroscope; picture-in-picture; web-share\" referrerpolicy=\"strict-origin-when-cross-origin\" allowfullscreen><\/iframe><\/p>\n<p>&nbsp;<\/p>\n<p><iframe loading=\"lazy\" title=\"Statues\" src=\"https:\/\/player.vimeo.com\/video\/44798634?dnt=1&amp;app_id=122963\" width=\"500\" height=\"375\" frameborder=\"0\" allow=\"autoplay; fullscreen; picture-in-picture; clipboard-write\"><\/iframe><\/p>\n<p>&nbsp;<\/p>\n\n\t\t<style type=\"text\/css\">\n\t\t\t#gallery-2 {\n\t\t\t\tmargin: auto;\n\t\t\t}\n\t\t\t#gallery-2 .gallery-item {\n\t\t\t\tfloat: left;\n\t\t\t\tmargin-top: 10px;\n\t\t\t\ttext-align: center;\n\t\t\t\twidth: 33%;\n\t\t\t}\n\t\t\t#gallery-2 img {\n\t\t\t\tborder: 2px solid #cfcfcf;\n\t\t\t}\n\t\t\t#gallery-2 .gallery-caption {\n\t\t\t\tmargin-left: 0;\n\t\t\t}\n\t\t\t\/* see gallery_shortcode() in wp-includes\/media.php *\/\n\t\t<\/style>\n\t\t<div id='gallery-2' class='gallery galleryid-77 gallery-columns-3 gallery-size-medium'><dl class='gallery-item'>\n\t\t\t<dt class='gallery-icon portrait'>\n\t\t\t\t<a href='https:\/\/www.tewhoola.com\/accueil\/numeros-2\/statues-vivantes\/statue-vivante\/statues-vivantes-28\/'><img loading=\"lazy\" decoding=\"async\" width=\"225\" height=\"300\" src=\"https:\/\/www.tewhoola.com\/wp-content\/uploads\/2011\/01\/statues-vivantes-28-225x300.jpg\" class=\"attachment-medium size-medium\" alt=\"statue vivante romaine\" srcset=\"https:\/\/www.tewhoola.com\/wp-content\/uploads\/2011\/01\/statues-vivantes-28-225x300.jpg 225w, https:\/\/www.tewhoola.com\/wp-content\/uploads\/2011\/01\/statues-vivantes-28.jpg 599w\" sizes=\"(max-width: 225px) 100vw, 225px\" \/><\/a>\n\t\t\t<\/dt><\/dl><dl class='gallery-item'>\n\t\t\t<dt class='gallery-icon portrait'>\n\t\t\t\t<a href='https:\/\/www.tewhoola.com\/accueil\/numeros-2\/statues-vivantes\/statue-vivante\/statues-vivantes-40\/'><img loading=\"lazy\" decoding=\"async\" width=\"199\" height=\"300\" src=\"https:\/\/www.tewhoola.com\/wp-content\/uploads\/2011\/01\/statues-vivantes-40-199x300.jpg\" class=\"attachment-medium size-medium\" alt=\"\u00e9tonnantes statues vivantes blanches\" srcset=\"https:\/\/www.tewhoola.com\/wp-content\/uploads\/2011\/01\/statues-vivantes-40-199x300.jpg 199w, https:\/\/www.tewhoola.com\/wp-content\/uploads\/2011\/01\/statues-vivantes-40.jpg 600w\" sizes=\"(max-width: 199px) 100vw, 199px\" \/><\/a>\n\t\t\t<\/dt><\/dl><dl class='gallery-item'>\n\t\t\t<dt class='gallery-icon portrait'>\n\t\t\t\t<a href='https:\/\/www.tewhoola.com\/accueil\/numeros-2\/statues-vivantes\/statue-vivante\/statues-vivantes-15\/'><img loading=\"lazy\" decoding=\"async\" width=\"199\" height=\"300\" src=\"https:\/\/www.tewhoola.com\/wp-content\/uploads\/2011\/01\/statues-vivantes-15-199x300.jpg\" class=\"attachment-medium size-medium\" alt=\"statue vivante romain\" srcset=\"https:\/\/www.tewhoola.com\/wp-content\/uploads\/2011\/01\/statues-vivantes-15-199x300.jpg 199w, https:\/\/www.tewhoola.com\/wp-content\/uploads\/2011\/01\/statues-vivantes-15.jpg 600w\" sizes=\"(max-width: 199px) 100vw, 199px\" \/><\/a>\n\t\t\t<\/dt><\/dl><br style=\"clear: both\" \/><dl class='gallery-item'>\n\t\t\t<dt class='gallery-icon portrait'>\n\t\t\t\t<a href='https:\/\/www.tewhoola.com\/accueil\/numeros-2\/statues-vivantes\/statue-vivante\/statues-vivantes-47\/'><img loading=\"lazy\" decoding=\"async\" width=\"199\" height=\"300\" src=\"https:\/\/www.tewhoola.com\/wp-content\/uploads\/2011\/01\/statues-vivantes-47-199x300.jpg\" class=\"attachment-medium size-medium\" alt=\"living statues France\" srcset=\"https:\/\/www.tewhoola.com\/wp-content\/uploads\/2011\/01\/statues-vivantes-47-199x300.jpg 199w, https:\/\/www.tewhoola.com\/wp-content\/uploads\/2011\/01\/statues-vivantes-47.jpg 600w\" sizes=\"(max-width: 199px) 100vw, 199px\" \/><\/a>\n\t\t\t<\/dt><\/dl><dl class='gallery-item'>\n\t\t\t<dt class='gallery-icon portrait'>\n\t\t\t\t<a href='https:\/\/www.tewhoola.com\/accueil\/numeros-2\/statues-vivantes\/statue-vivante\/statues-vivantes-11\/'><img loading=\"lazy\" decoding=\"async\" width=\"199\" height=\"300\" src=\"https:\/\/www.tewhoola.com\/wp-content\/uploads\/2011\/01\/statues-vivantes-11-199x300.jpg\" class=\"attachment-medium size-medium\" alt=\"statue vivante romaine\" srcset=\"https:\/\/www.tewhoola.com\/wp-content\/uploads\/2011\/01\/statues-vivantes-11-199x300.jpg 199w, https:\/\/www.tewhoola.com\/wp-content\/uploads\/2011\/01\/statues-vivantes-11.jpg 600w\" sizes=\"(max-width: 199px) 100vw, 199px\" \/><\/a>\n\t\t\t<\/dt><\/dl><dl class='gallery-item'>\n\t\t\t<dt class='gallery-icon portrait'>\n\t\t\t\t<a href='https:\/\/www.tewhoola.com\/accueil\/numeros-2\/statues-vivantes\/statue-vivante\/statues-vivantes-48\/'><img loading=\"lazy\" decoding=\"async\" width=\"199\" height=\"300\" src=\"https:\/\/www.tewhoola.com\/wp-content\/uploads\/2011\/01\/statues-vivantes-48-199x300.jpg\" class=\"attachment-medium size-medium\" alt=\"statues vivantes blanches\" srcset=\"https:\/\/www.tewhoola.com\/wp-content\/uploads\/2011\/01\/statues-vivantes-48-199x300.jpg 199w, https:\/\/www.tewhoola.com\/wp-content\/uploads\/2011\/01\/statues-vivantes-48.jpg 600w\" sizes=\"(max-width: 199px) 100vw, 199px\" \/><\/a>\n\t\t\t<\/dt><\/dl><br style=\"clear: both\" \/>\n\t\t<\/div>\n\n<p>&nbsp;<\/p>\n\n\t\t<style type=\"text\/css\">\n\t\t\t#gallery-3 {\n\t\t\t\tmargin: auto;\n\t\t\t}\n\t\t\t#gallery-3 .gallery-item {\n\t\t\t\tfloat: left;\n\t\t\t\tmargin-top: 10px;\n\t\t\t\ttext-align: center;\n\t\t\t\twidth: 33%;\n\t\t\t}\n\t\t\t#gallery-3 img {\n\t\t\t\tborder: 2px solid #cfcfcf;\n\t\t\t}\n\t\t\t#gallery-3 .gallery-caption {\n\t\t\t\tmargin-left: 0;\n\t\t\t}\n\t\t\t\/* see gallery_shortcode() in wp-includes\/media.php *\/\n\t\t<\/style>\n\t\t<div id='gallery-3' class='gallery galleryid-77 gallery-columns-3 gallery-size-medium'><dl class='gallery-item'>\n\t\t\t<dt class='gallery-icon portrait'>\n\t\t\t\t<a href='https:\/\/www.tewhoola.com\/accueil\/numeros-2\/statues-vivantes\/statue-vivante\/tewhoola-statue-gargouille\/'><img loading=\"lazy\" decoding=\"async\" width=\"225\" height=\"300\" src=\"https:\/\/www.tewhoola.com\/wp-content\/uploads\/2011\/04\/tewhoola-statue-gargouille-225x300.jpg\" class=\"attachment-medium size-medium\" alt=\"\" srcset=\"https:\/\/www.tewhoola.com\/wp-content\/uploads\/2011\/04\/tewhoola-statue-gargouille-225x300.jpg 225w, https:\/\/www.tewhoola.com\/wp-content\/uploads\/2011\/04\/tewhoola-statue-gargouille-768x1024.jpg 768w, https:\/\/www.tewhoola.com\/wp-content\/uploads\/2011\/04\/tewhoola-statue-gargouille.jpg 1200w\" sizes=\"(max-width: 225px) 100vw, 225px\" \/><\/a>\n\t\t\t<\/dt><\/dl><dl class='gallery-item'>\n\t\t\t<dt class='gallery-icon landscape'>\n\t\t\t\t<a href='https:\/\/www.tewhoola.com\/accueil\/numeros-2\/statues-vivantes\/statue-vivante\/visuel-colonne\/'><img loading=\"lazy\" decoding=\"async\" width=\"300\" height=\"225\" src=\"https:\/\/www.tewhoola.com\/wp-content\/uploads\/2011\/04\/visuel-colonne-300x225.jpeg\" class=\"attachment-medium size-medium\" alt=\"\" srcset=\"https:\/\/www.tewhoola.com\/wp-content\/uploads\/2011\/04\/visuel-colonne-300x225.jpeg 300w, https:\/\/www.tewhoola.com\/wp-content\/uploads\/2011\/04\/visuel-colonne.jpeg 320w\" sizes=\"(max-width: 300px) 100vw, 300px\" \/><\/a>\n\t\t\t<\/dt><\/dl><dl class='gallery-item'>\n\t\t\t<dt class='gallery-icon portrait'>\n\t\t\t\t<a href='https:\/\/www.tewhoola.com\/accueil\/numeros-2\/statues-vivantes\/statue-vivante\/tewhoola-statue-madone-7\/'><img loading=\"lazy\" decoding=\"async\" width=\"225\" height=\"300\" src=\"https:\/\/www.tewhoola.com\/wp-content\/uploads\/2011\/04\/tewhoola-statue-madone-7-225x300.jpg\" class=\"attachment-medium size-medium\" alt=\"\" srcset=\"https:\/\/www.tewhoola.com\/wp-content\/uploads\/2011\/04\/tewhoola-statue-madone-7-225x300.jpg 225w, https:\/\/www.tewhoola.com\/wp-content\/uploads\/2011\/04\/tewhoola-statue-madone-7-768x1024.jpg 768w, https:\/\/www.tewhoola.com\/wp-content\/uploads\/2011\/04\/tewhoola-statue-madone-7.jpg 1200w\" sizes=\"(max-width: 225px) 100vw, 225px\" \/><\/a>\n\t\t\t<\/dt><\/dl><br style=\"clear: both\" \/><dl class='gallery-item'>\n\t\t\t<dt class='gallery-icon portrait'>\n\t\t\t\t<a href='https:\/\/www.tewhoola.com\/accueil\/numeros-2\/statues-vivantes\/statue-vivante\/statue-vivante-nymphe-2\/'><img loading=\"lazy\" decoding=\"async\" width=\"194\" height=\"300\" src=\"https:\/\/www.tewhoola.com\/wp-content\/uploads\/2011\/04\/statue-vivante-nymphe1-194x300.jpg\" class=\"attachment-medium size-medium\" alt=\"\" srcset=\"https:\/\/www.tewhoola.com\/wp-content\/uploads\/2011\/04\/statue-vivante-nymphe1-194x300.jpg 194w, https:\/\/www.tewhoola.com\/wp-content\/uploads\/2011\/04\/statue-vivante-nymphe1-663x1024.jpg 663w, https:\/\/www.tewhoola.com\/wp-content\/uploads\/2011\/04\/statue-vivante-nymphe1.jpg 947w\" sizes=\"(max-width: 194px) 100vw, 194px\" \/><\/a>\n\t\t\t<\/dt><\/dl><dl class='gallery-item'>\n\t\t\t<dt class='gallery-icon landscape'>\n\t\t\t\t<a href='https:\/\/www.tewhoola.com\/accueil\/numeros-2\/statues-vivantes\/statue-vivante\/tewhoola-statue-nymphe-1\/'><img loading=\"lazy\" decoding=\"async\" width=\"300\" height=\"223\" src=\"https:\/\/www.tewhoola.com\/wp-content\/uploads\/2011\/04\/tewhoola-statue-nymphe-1-300x223.jpg\" class=\"attachment-medium size-medium\" alt=\"\" srcset=\"https:\/\/www.tewhoola.com\/wp-content\/uploads\/2011\/04\/tewhoola-statue-nymphe-1-300x223.jpg 300w, https:\/\/www.tewhoola.com\/wp-content\/uploads\/2011\/04\/tewhoola-statue-nymphe-1-1024x762.jpg 1024w, https:\/\/www.tewhoola.com\/wp-content\/uploads\/2011\/04\/tewhoola-statue-nymphe-1.jpg 1536w\" sizes=\"(max-width: 300px) 100vw, 300px\" \/><\/a>\n\t\t\t<\/dt><\/dl><dl class='gallery-item'>\n\t\t\t<dt class='gallery-icon portrait'>\n\t\t\t\t<a href='https:\/\/www.tewhoola.com\/accueil\/numeros-2\/statues-vivantes\/statue-vivante\/attachment\/004\/'><img loading=\"lazy\" decoding=\"async\" width=\"200\" height=\"300\" src=\"https:\/\/www.tewhoola.com\/wp-content\/uploads\/2011\/04\/004-200x300.jpg\" class=\"attachment-medium size-medium\" alt=\"\" srcset=\"https:\/\/www.tewhoola.com\/wp-content\/uploads\/2011\/04\/004-200x300.jpg 200w, https:\/\/www.tewhoola.com\/wp-content\/uploads\/2011\/04\/004.jpg 533w\" sizes=\"(max-width: 200px) 100vw, 200px\" \/><\/a>\n\t\t\t<\/dt><\/dl><br style=\"clear: both\" \/>\n\t\t<\/div>\n\n<p>En prestations de longue dur\u00e9e ou en num\u00e9ro de m\u00e9tamorphose.<\/p>\n<p>L&#8217;Immobile en mouvement:<\/p>\n<p><span style=\"color: #000000;\"><strong><em><a href=\"http:\/\/www.youtube.com\/watch?v=hOLwow2er7c\"><span style=\"color: #000000;\">Video de la statue vivante, madone, nymphe ou monstre<\/span><\/a><\/em><\/strong><\/span><\/p>\n<p><span style=\"color: #5c0202;\"><em>cr\u00e9dits photographiques: Olivier Jollant, Javier Ca\u00f1as Cruz, Cyrielle Doll, Andrea Ca\u00f1as Cruz, Val\u00e9rie Dubois<\/em><\/span><\/p>\n<p>&nbsp;<\/p>\n","protected":false},"excerpt":{"rendered":"<p>Personnages aux apparences multiples, les statues vivantes intriguent, \u00e9meuvent par leur charme indicible\u2026 entre oeuvres d&#8217;art, \u00eatres vivants et min\u00e9raux, elles se produisent en tableaux collectifs ou en solo. Au d\u00e9tour d&#8217;une place, dans un mus\u00e9e ou un lieu public, au coin d&#8217;une rue ou dans un ch\u00e2teau, elles cr\u00e9ent toujours l&#8217;\u00e9v\u00e9nement.\u00a0 &nbsp; &nbsp; &nbsp; [&hellip;]<\/p>\n","protected":false},"author":1,"featured_media":916,"parent":905,"menu_order":1,"comment_status":"closed","ping_status":"closed","template":"","meta":{"footnotes":""},"class_list":["post-77","page","type-page","status-publish","has-post-thumbnail","hentry"],"_links":{"self":[{"href":"https:\/\/www.tewhoola.com\/accueil\/wp-json\/wp\/v2\/pages\/77"}],"collection":[{"href":"https:\/\/www.tewhoola.com\/accueil\/wp-json\/wp\/v2\/pages"}],"about":[{"href":"https:\/\/www.tewhoola.com\/accueil\/wp-json\/wp\/v2\/types\/page"}],"author":[{"embeddable":true,"href":"https:\/\/www.tewhoola.com\/accueil\/wp-json\/wp\/v2\/users\/1"}],"replies":[{"embeddable":true,"href":"https:\/\/www.tewhoola.com\/accueil\/wp-json\/wp\/v2\/comments?post=77"}],"version-history":[{"count":32,"href":"https:\/\/www.tewhoola.com\/accueil\/wp-json\/wp\/v2\/pages\/77\/revisions"}],"predecessor-version":[{"id":6913,"href":"https:\/\/www.tewhoola.com\/accueil\/wp-json\/wp\/v2\/pages\/77\/revisions\/6913"}],"up":[{"embeddable":true,"href":"https:\/\/www.tewhoola.com\/accueil\/wp-json\/wp\/v2\/pages\/905"}],"wp:featuredmedia":[{"embeddable":true,"href":"https:\/\/www.tewhoola.com\/accueil\/wp-json\/wp\/v2\/media\/916"}],"wp:attachment":[{"href":"https:\/\/www.tewhoola.com\/accueil\/wp-json\/wp\/v2\/media?parent=77"}],"curies":[{"name":"wp","href":"https:\/\/api.w.org\/{rel}","templated":true}]}}