{"id":782,"date":"2011-04-18T13:40:03","date_gmt":"2011-04-18T13:40:03","guid":{"rendered":"http:\/\/compagnietewhoola.wordpress.com\/?page_id=782"},"modified":"2021-06-25T09:39:46","modified_gmt":"2021-06-25T08:39:46","slug":"parades","status":"publish","type":"page","link":"https:\/\/www.tewhoola.com\/accueil\/parades\/","title":{"rendered":"parades"},"content":{"rendered":"\n<div class=\"wp-block-group is-layout-flow wp-block-group-is-layout-flow\"><div class=\"wp-block-group__inner-container\"><\/div><\/div>\n\n\n\n<div class=\"wp-block-group has-background\" style=\"background-color:#01090c\"><div class=\"wp-block-group__inner-container is-layout-flow wp-block-group-is-layout-flow\">\n<div class=\"wp-block-columns is-layout-flex wp-container-core-columns-is-layout-1 wp-block-columns-is-layout-flex\">\n<div class=\"wp-block-column is-layout-flow wp-block-column-is-layout-flow\">\n<figure class=\"wp-block-image size-large is-resized\"><a href=\"https:\/\/www.tewhoola.com\/accueil\/parades\/nature-parade-vegetale\/\" target=\"_blank\" rel=\"noopener noreferrer\"><img loading=\"lazy\" decoding=\"async\" src=\"https:\/\/www.tewhoola.com\/wp-content\/uploads\/2020\/09\/parade-v\u00e9g\u00e9tale-\u00e9chassiers-nature-3.jpg\" alt=\"\" class=\"wp-image-11403\" width=\"141\" height=\"154\" srcset=\"https:\/\/www.tewhoola.com\/wp-content\/uploads\/2020\/09\/parade-v\u00e9g\u00e9tale-\u00e9chassiers-nature-3.jpg 680w, https:\/\/www.tewhoola.com\/wp-content\/uploads\/2020\/09\/parade-v\u00e9g\u00e9tale-\u00e9chassiers-nature-3-276x300.jpg 276w\" sizes=\"(max-width: 141px) 100vw, 141px\" \/><\/a><figcaption><span class=\"has-inline-color has-light-green-cyan-color\"><strong>\u00e9chassiers Nature<\/strong><\/span><\/figcaption><\/figure>\n\n\n\n<figure class=\"wp-block-image size-large is-resized\"><a href=\"https:\/\/www.tewhoola.com\/accueil\/les-samourais\/\" target=\"_blank\" rel=\"noopener noreferrer\"><img loading=\"lazy\" decoding=\"async\" src=\"https:\/\/www.tewhoola.com\/wp-content\/uploads\/2011\/03\/TEWHOOLA-PARADE-SAMOURAIS-8-1024x680.jpg\" alt=\"\" class=\"wp-image-5166\" width=\"232\" height=\"153\" srcset=\"https:\/\/www.tewhoola.com\/wp-content\/uploads\/2011\/03\/TEWHOOLA-PARADE-SAMOURAIS-8.jpg 1024w, https:\/\/www.tewhoola.com\/wp-content\/uploads\/2011\/03\/TEWHOOLA-PARADE-SAMOURAIS-8-300x199.jpg 300w\" sizes=\"(max-width: 232px) 100vw, 232px\" \/><\/a><figcaption><strong><span style=\"color:#edc969\" class=\"has-inline-color\">Samoura\u00efs<\/span><\/strong><\/figcaption><\/figure>\n\n\n\n<figure class=\"wp-block-image size-large is-resized\"><a href=\"https:\/\/www.tewhoola.com\/accueil\/parades\/monocycles-et-perchoir\/\" target=\"_blank\" rel=\"noopener noreferrer\"><img loading=\"lazy\" decoding=\"async\" src=\"https:\/\/www.tewhoola.com\/wp-content\/uploads\/2011\/09\/monocycles-perchoirs1.png\" alt=\"\" class=\"wp-image-1321\" width=\"116\" height=\"154\" srcset=\"https:\/\/www.tewhoola.com\/wp-content\/uploads\/2011\/09\/monocycles-perchoirs1.png 372w, https:\/\/www.tewhoola.com\/wp-content\/uploads\/2011\/09\/monocycles-perchoirs1-224x300.png 224w\" sizes=\"(max-width: 116px) 100vw, 116px\" \/><\/a><figcaption><strong><span style=\"color:#f5f7f8\" class=\"has-inline-color\">monocycle et perchoir<\/span><\/strong><\/figcaption><\/figure>\n<\/div>\n\n\n\n<div class=\"wp-block-column is-layout-flow wp-block-column-is-layout-flow\">\n<figure class=\"wp-block-image size-large is-resized\"><a href=\"https:\/\/www.tewhoola.com\/accueil\/parades\/arcoiris-parade-multicolore\/\" target=\"_blank\" rel=\"noopener noreferrer\"><img loading=\"lazy\" decoding=\"async\" src=\"https:\/\/www.tewhoola.com\/wp-content\/uploads\/2020\/09\/arciiris-1-1.jpg\" alt=\"d\u00e9ambulation color\u00e9e \u00e9chasses musique live\" class=\"wp-image-11385\" width=\"200\" height=\"146\" srcset=\"https:\/\/www.tewhoola.com\/wp-content\/uploads\/2020\/09\/arciiris-1-1.jpg 756w, https:\/\/www.tewhoola.com\/wp-content\/uploads\/2020\/09\/arciiris-1-1-300x219.jpg 300w\" sizes=\"(max-width: 200px) 100vw, 200px\" \/><\/a><figcaption><strong><span class=\"has-inline-color has-luminous-vivid-amber-color\">A<\/span><span class=\"has-inline-color has-luminous-vivid-orange-color\">r<\/span><span class=\"has-inline-color has-vivid-red-color\">c<\/span><span class=\"has-inline-color has-pale-pink-color\">o<\/span><span class=\"has-inline-color has-vivid-cyan-blue-color\">i<\/span><span class=\"has-inline-color has-vivid-purple-color\">r<\/span><span style=\"color:#fcfeff\" class=\"has-inline-color\">i<\/span><span class=\"has-inline-color has-light-green-cyan-color\">s<\/span><\/strong><\/figcaption><\/figure>\n\n\n\n<figure class=\"wp-block-image size-large is-resized\"><a href=\"https:\/\/www.tewhoola.com\/accueil\/parades\/echassiers-blancs\/+\" target=\"_blank\" rel=\"noopener noreferrer\"><img loading=\"lazy\" decoding=\"async\" src=\"https:\/\/www.tewhoola.com\/wp-content\/uploads\/2018\/03\/\u00e9chassieres-blanches-cie-tewhoola-5-1024x680.jpg\" alt=\"\" class=\"wp-image-7585\" width=\"235\" height=\"155\" srcset=\"https:\/\/www.tewhoola.com\/wp-content\/uploads\/2018\/03\/\u00e9chassieres-blanches-cie-tewhoola-5-1024x680.jpg 1024w, https:\/\/www.tewhoola.com\/wp-content\/uploads\/2018\/03\/\u00e9chassieres-blanches-cie-tewhoola-5-300x199.jpg 300w, https:\/\/www.tewhoola.com\/wp-content\/uploads\/2018\/03\/\u00e9chassieres-blanches-cie-tewhoola-5.jpg 1129w\" sizes=\"(max-width: 235px) 100vw, 235px\" \/><\/a><figcaption><strong><span style=\"color:#f7f9fa\" class=\"has-inline-color\">Echassiers blancs<\/span><\/strong><\/figcaption><\/figure>\n<\/div>\n\n\n\n<div class=\"wp-block-column is-layout-flow wp-block-column-is-layout-flow\">\n<figure class=\"wp-block-image size-large is-resized\"><a href=\"https:\/\/www.tewhoola.com\/accueil\/parades\/les-blancotons\/\" target=\"_blank\" rel=\"noopener noreferrer\"><img loading=\"lazy\" decoding=\"async\" src=\"https:\/\/www.tewhoola.com\/wp-content\/uploads\/2018\/07\/Blancoton-parade-blanche-17-1024x683.jpg\" alt=\"\" class=\"wp-image-7752\" width=\"232\" height=\"154\" srcset=\"https:\/\/www.tewhoola.com\/wp-content\/uploads\/2018\/07\/Blancoton-parade-blanche-17-1024x683.jpg 1024w, https:\/\/www.tewhoola.com\/wp-content\/uploads\/2018\/07\/Blancoton-parade-blanche-17-300x200.jpg 300w, https:\/\/www.tewhoola.com\/wp-content\/uploads\/2018\/07\/Blancoton-parade-blanche-17.jpg 1200w\" sizes=\"(max-width: 232px) 100vw, 232px\" \/><\/a><figcaption><strong><span style=\"color:#fafcfe\" class=\"has-inline-color\">Blancotons<\/span><\/strong><\/figcaption><\/figure>\n<\/div>\n\n\n\n<div class=\"wp-block-column is-layout-flow wp-block-column-is-layout-flow\">\n<figure class=\"wp-block-image size-large is-resized\"><a href=\"https:\/\/www.tewhoola.com\/accueil\/parades\/les-circolors\/\" target=\"_blank\" rel=\"noopener noreferrer\"><img loading=\"lazy\" decoding=\"async\" src=\"https:\/\/www.tewhoola.com\/wp-content\/uploads\/2015\/12\/parade-festive-cirque-et-musique-1-1024x732.jpg\" alt=\"carnaval\" class=\"wp-image-5749\" width=\"217\" height=\"154\" srcset=\"https:\/\/www.tewhoola.com\/wp-content\/uploads\/2015\/12\/parade-festive-cirque-et-musique-1.jpg 1024w, https:\/\/www.tewhoola.com\/wp-content\/uploads\/2015\/12\/parade-festive-cirque-et-musique-1-300x214.jpg 300w\" sizes=\"(max-width: 217px) 100vw, 217px\" \/><\/a><figcaption><strong><span class=\"has-inline-color has-vivid-red-color\">Circo<\/span><span class=\"has-inline-color has-luminous-vivid-amber-color\">lors<\/span><\/strong><\/figcaption><\/figure>\n\n\n\n<figure class=\"wp-block-image size-large is-resized\"><a href=\"https:\/\/www.tewhoola.com\/accueil\/parades\/tricycle-musical\/\" target=\"_blank\" rel=\"noopener noreferrer\"><img loading=\"lazy\" decoding=\"async\" src=\"https:\/\/www.tewhoola.com\/wp-content\/uploads\/2011\/09\/111276-051-1024x683.jpg\" alt=\"\" class=\"wp-image-1502\" width=\"234\" height=\"153\"\/><\/a><figcaption><strong><span style=\"color:#f6f8f9\" class=\"has-inline-color\">tricycle musical<\/span><\/strong><\/figcaption><\/figure>\n\n\n\n<p><\/p>\n<\/div>\n<\/div>\n<\/div><\/div>\n","protected":false},"excerpt":{"rendered":"","protected":false},"author":1,"featured_media":0,"parent":0,"menu_order":0,"comment_status":"closed","ping_status":"open","template":"","meta":{"footnotes":""},"class_list":["post-782","page","type-page","status-publish","hentry"],"_links":{"self":[{"href":"https:\/\/www.tewhoola.com\/accueil\/wp-json\/wp\/v2\/pages\/782"}],"collection":[{"href":"https:\/\/www.tewhoola.com\/accueil\/wp-json\/wp\/v2\/pages"}],"about":[{"href":"https:\/\/www.tewhoola.com\/accueil\/wp-json\/wp\/v2\/types\/page"}],"author":[{"embeddable":true,"href":"https:\/\/www.tewhoola.com\/accueil\/wp-json\/wp\/v2\/users\/1"}],"replies":[{"embeddable":true,"href":"https:\/\/www.tewhoola.com\/accueil\/wp-json\/wp\/v2\/comments?post=782"}],"version-history":[{"count":26,"href":"https:\/\/www.tewhoola.com\/accueil\/wp-json\/wp\/v2\/pages\/782\/revisions"}],"predecessor-version":[{"id":13126,"href":"https:\/\/www.tewhoola.com\/accueil\/wp-json\/wp\/v2\/pages\/782\/revisions\/13126"}],"wp:attachment":[{"href":"https:\/\/www.tewhoola.com\/accueil\/wp-json\/wp\/v2\/media?parent=782"}],"curies":[{"name":"wp","href":"https:\/\/api.w.org\/{rel}","templated":true}]}}