{"id":793,"date":"2020-04-18T14:16:40","date_gmt":"2020-04-18T13:16:40","guid":{"rendered":"http:\/\/compagnietewhoola.wordpress.com\/?page_id=793"},"modified":"2024-11-20T14:41:44","modified_gmt":"2024-11-20T13:41:44","slug":"calendrier","status":"publish","type":"page","link":"https:\/\/www.tewhoola.com\/accueil\/calendrier\/","title":{"rendered":"Agenda"},"content":{"rendered":"\n<div class=\"wp-block-group\"><div class=\"wp-block-group__inner-container is-layout-flow wp-block-group-is-layout-flow\"><\/div><\/div>\n\n\n\n<div style=\"height:54px\" aria-hidden=\"true\" class=\"wp-block-spacer\"><\/div>\n\n\n\n<div class=\"wp-block-group\"><div class=\"wp-block-group__inner-container is-layout-flow wp-block-group-is-layout-flow\">\n<div class=\"wp-block-columns has-text-color has-background is-layout-flex wp-container-core-columns-is-layout-1 wp-block-columns-is-layout-flex\" style=\"color:#0f329c;background-color:#0c1959\">\n<div class=\"wp-block-column is-layout-flow wp-block-column-is-layout-flow\">\n<figure class=\"wp-block-image size-large is-resized\"><a href=\"https:\/\/www.tewhoola.com\/accueil\/parade-pour-lequipe\/\" target=\"_blank\" rel=\"noopener noreferrer\"><img loading=\"lazy\" decoding=\"async\" width=\"246\" height=\"164\" src=\"https:\/\/www.tewhoola.com\/wp-content\/uploads\/2020\/08\/r\u00e9p\u00e9titions-1-Copie.jpg\" alt=\"\" class=\"wp-image-10340\" style=\"width:86px;height:57px\"\/><\/a><\/figure>\n<\/div>\n\n\n\n<div class=\"wp-block-column is-layout-flow wp-block-column-is-layout-flow\" style=\"flex-basis:61.3%\">\n<div class=\"wp-block-cover aligncenter\" style=\"min-height:118px;aspect-ratio:unset;\"><span aria-hidden=\"true\" class=\"wp-block-cover__background has-background-dim-40 has-background-dim\"><\/span><img loading=\"lazy\" decoding=\"async\" width=\"2560\" height=\"1703\" class=\"wp-block-cover__image-background wp-image-10360\" alt=\"\" src=\"https:\/\/www.tewhoola.com\/wp-content\/uploads\/2020\/08\/DSC9465-scaled.jpg\" style=\"object-position:40% 30%\" data-object-fit=\"cover\" data-object-position=\"40% 30%\" srcset=\"https:\/\/www.tewhoola.com\/wp-content\/uploads\/2020\/08\/DSC9465-scaled.jpg 2560w, https:\/\/www.tewhoola.com\/wp-content\/uploads\/2020\/08\/DSC9465-300x200.jpg 300w, https:\/\/www.tewhoola.com\/wp-content\/uploads\/2020\/08\/DSC9465-1024x681.jpg 1024w, https:\/\/www.tewhoola.com\/wp-content\/uploads\/2020\/08\/DSC9465-1536x1022.jpg 1536w, https:\/\/www.tewhoola.com\/wp-content\/uploads\/2020\/08\/DSC9465-2048x1363.jpg 2048w\" sizes=\"(max-width: 2560px) 100vw, 2560px\" \/><div class=\"wp-block-cover__inner-container is-layout-flow wp-block-cover-is-layout-flow\">\n<p class=\"has-text-align-center\" style=\"font-size:44px\">Agenda 2024<\/p>\n<\/div><\/div>\n<\/div>\n\n\n\n<div class=\"wp-block-column is-layout-flow wp-block-column-is-layout-flow\"><div class=\"wp-block-image\">\n<figure class=\"alignright size-large is-resized\"><a href=\"https:\/\/www.tewhoola.com\/accueil\/feuilles-de-route\/\" target=\"_blank\" rel=\"noopener noreferrer\"><img loading=\"lazy\" decoding=\"async\" width=\"246\" height=\"164\" src=\"https:\/\/www.tewhoola.com\/wp-content\/uploads\/2020\/08\/r\u00e9p\u00e9titions-4-Copie.jpg\" alt=\"\" class=\"wp-image-10341\" style=\"width:88px;height:58px\"\/><\/a><\/figure><\/div>\n\n\n<p><\/p>\n<\/div>\n<\/div>\n<\/div><\/div>\n\n\n\n<h2>\u00a0<\/h2>\n<ul>\n<li><strong>28 janvier 2024<\/strong>: Hippodrome de Vincennes (94) Echassiers Grand Prix d&#8217;Am\u00e9rique<\/li>\n<li><strong>13 f\u00e9vrier 2024<\/strong>: Ezanville (95) Tonnerres de Lumi\u00e8re<\/li>\n<li><strong>16 mars 2024:<\/strong> Bouff\u00e9mont (95) Parade lumineuse<\/li>\n<li><strong>26 mai 2024<\/strong>: Bessancourt (95) Animation cirque\/parade<\/li>\n<li><strong>15 juin 2024:<\/strong> Cl\u00e9on (76) Parade lumineuse<\/li>\n<li><strong>22 juin 2024<\/strong>: Fontaine le Fleury (78): Parade Tonnerres de Lumi\u00e8res<\/li>\n<li><strong>26 septembre 2024<\/strong>: (95), Parade lumineuse<\/li>\n<li><strong>07 novembre 2024<\/strong>: Hippodrome de Vincennes (94), \u00c9chassiers<\/li>\n<li><strong>30 novembre 2024<\/strong>: (10), Batucada lumineuse<\/li>\n<li><strong>01 d\u00e9cembre 2024<\/strong>: (91), Batucada lumineuse<\/li>\n<li><strong>06 d\u00e9cembre 2024<\/strong>: (95), Parade lumineuse Tonnerres de Lumi\u00e8re<\/li>\n<li><strong>06 d\u00e9cembre 2024<\/strong>: (94), Parade lumineuse Bleumineux<\/li>\n<li><strong>07 d\u00e9cembre 2024<\/strong>: (60), Parade lumineuse Tonnerres de Lumi\u00e8re<\/li>\n<li><strong>07 d\u00e9cembre 2024<\/strong>: (95), Parade lumineuse Blancotons<\/li>\n<li><strong>08 d\u00e9cembre 2024<\/strong>: (77), Parade lumineuse Blancotons<\/li>\n<li><strong>13 d\u00e9cembre 2024<\/strong>: (77), Parade lumineuse Tonnerres de Lumi\u00e8re<\/li>\n<li><strong>13 d\u00e9cembre 2024<\/strong>: (92), Parade lumineuse Bluemineux<\/li>\n<li><strong>13 d\u00e9cembre 2024<\/strong>: (92), Parade lumineuse Blancotons<\/li>\n<li><strong>13 d\u00e9cembre 2024<\/strong>: (92), Parade lumineuse Tonnerres de Lumi\u00e8re<\/li>\n<li><strong>14 d\u00e9cembre 2024<\/strong>: (77), Parade lumineuse Blancotons<\/li>\n<li><strong>14 d\u00e9cembre 2024<\/strong>: (78), Parade lumineuse Tonnerres de Lumi\u00e8re<\/li>\n<li><strong>15 d\u00e9cembre 2024<\/strong>: (77), Parade lumineuse Blancotons<\/li>\n<li><strong>18 d\u00e9cembre 2024<\/strong>: (95), Parade Lumineuse d&#8217;Hiver<\/li>\n<li><strong>21 d\u00e9cembre 2024<\/strong>: (13), Parade lumineuse Blancotons<\/li>\n<li><strong>22 d\u00e9cembre 2024<\/strong>: (35), Parade Lumineuse d&#8217;Hiver<\/li>\n<li><strong>22 d\u00e9cembre 2024<\/strong>: (28), Parade Lumineuse d&#8217;Hiver<\/li>\n<li><strong>22 d\u00e9cembre 2024:<\/strong> (13), Parade lumineuse Blancotons<\/li>\n<li><strong>24 d\u00e9cembre 2024:<\/strong> (77), Parade lumineuse Blancotons<\/li>\n<li><strong>27 d\u00e9cembre 2024<\/strong>: (77), Parade lumineuse Blancotons<\/li>\n<\/ul>\n<h2><em>Ce qui s&#8217;est pass\u00e9 en 2023:<\/em><\/h2>\n<ul>\n<li><strong>01 d\u00e9cembre 2023<\/strong>: Suresnes (92) Tonnerres de Lumi\u00e8re<\/li>\n<li><strong>02 d\u00e9cembre 2023<\/strong>: Athis Mons (91) Tonnerres de Lumi\u00e8re<\/li>\n<li><strong>06 d\u00e9cembre 2023<\/strong>: Noisy le Grand (93) Blancotons<\/li>\n<li><strong>08 d\u00e9cembre 2023<\/strong>: Ezanville (95) Tonnerres de Lumi\u00e8re<\/li>\n<li><strong>08 d\u00e9cembre 2023<\/strong>: Limeil-Br\u00e9vannes (94) Tonnerres de Lumi\u00e8re<\/li>\n<li><strong>09 d\u00e9cembre 2023<\/strong>: Vernouillet (78) Tonnerres de Lumi\u00e8re<\/li>\n<li><strong>09 d\u00e9cembre 2023<\/strong>: Le Plessis Robinson (92) Tonnerres de Lumi\u00e8re<\/li>\n<li><strong>10 d\u00e9cembre 2023<\/strong>: Hippodrome de Vincennes (75) Echassiers lumineux<\/li>\n<li><strong>10 d\u00e9cembre 2023:<\/strong> Neuilly sur Marne (94), Tonnerres de Lumi\u00e8re<\/li>\n<li><strong>13 d\u00e9cembre 2023<\/strong>: Melun (77) Tonnerres de Lumi\u00e8re<\/li>\n<li><strong>15 d\u00e9cembre 2023<\/strong>: Le Thillay (95) Tonnerres de Lumi\u00e8re<\/li>\n<li><strong>15 d\u00e9cembre 2023<\/strong>: Trappes (78) Tonnerres de Lumi\u00e8re<\/li>\n<li><strong>16 d\u00e9cembre 2023<\/strong>: Vitry sur Seine (94) Tonnerres de Lumi\u00e8re<\/li>\n<li><strong>16 d\u00e9cembre 2023<\/strong>: Vaujours (93) Tonnerres de Lumi\u00e8re<\/li>\n<li><strong>16 d\u00e9cembre 2023<\/strong>: Clichy la Garenne (92) Tonnerres de Lumi\u00e8re<\/li>\n<li><strong>16 d\u00e9cembre 2023<\/strong>: Le Plessis Robinson (92)<\/li>\n<li><strong>17 d\u00e9cembre 2023<\/strong>: Marne la vall\u00e9e (94)<\/li>\n<li><strong>17 d\u00e9cembre 2023<\/strong>: Valenton (94) Tonnerres de Lumi\u00e8re<\/li>\n<li><strong>20 d\u00e9cembre 2023<\/strong>: Val d&#8217;Europe Marne la Vall\u00e9e (94) Blancoton<\/li>\n<li><strong>22 d\u00e9cembre 2023<\/strong>: B\u00e9thune (62) Tonnerres de Lumi\u00e8re<\/li>\n<li><strong>22 d\u00e9cembre 2023<\/strong>: Villeneuve la Garenne (92) Tonnerres de Lumi\u00e8re (2 \u00e9quipes)<\/li>\n<li><strong>23 d\u00e9cembre 2023<\/strong>: Les Mureaux (78) Tonnerres de Lumi\u00e8re<\/li>\n<li><strong>23 d\u00e9cembre 2023<\/strong>: Hem (59) Tonnerres de Lumi\u00e8re<\/li>\n<\/ul>\n\n\n\n\n\n<h2 class=\"wp-block-heading\"><em>Ce qui s&#8217;est pass\u00e9 en 2022:<\/em><\/h2>\n\n\n\n<ul class=\"wp-block-list\">\n<li><strong>30 mars 2022<\/strong>: Carvin (62) Parade lumineuse cirque et musique <\/li>\n\n\n\n<li><strong>8 juin 2022<\/strong>: Rueil Malmaison (92) Parade cirque et musique Arlequin<\/li>\n\n\n\n<li><strong>16 juin 2022<\/strong>: Paris, Femmes Fleurs<\/li>\n\n\n\n<li><strong>25 juin 2022:<\/strong> Chevilly Larue (94), parade cirque et musique Circolor+ Arlequin<\/li>\n\n\n\n<li><strong>2 juillet 2022:<\/strong> Saint Germain en Laye (78) parade cirque et musique Tonnerres de Lumi\u00e8re<\/li>\n\n\n\n<li><strong>du 11 juillet au 13 ao\u00fbt 2022:<\/strong> Stains (93), stage cirque en plein air. De 14h \u00e0 17h sauf le 14 juillet  et le 7 ao\u00fbt<\/li>\n\n\n\n<li><strong>13 juillet 2022:<\/strong> Chanteloup les Vignes (78), parade lumineuse cirque et musique Tonnerres de Lumi\u00e8re<\/li>\n\n\n\n<li><strong>13 juillet 2022:<\/strong> Garges l\u00e8s Gonesses (95), parade lumineuse cirque et musique Etincelles<\/li>\n\n\n\n<li><strong>16 juillet 2022 <\/strong>: Enghien l\u00e8s Bains (95), parade cirque et musique <\/li>\n\n\n\n<li><strong>10 septembre 2022:<\/strong> Bessancourt, parade musique et cirque <\/li>\n\n\n\n<li><strong>10 et 11 septembre 2022<\/strong>: Villemomble, parade lumineuse cirque et musique<\/li>\n\n\n\n<li><strong>25 septembre 2022: <\/strong>Rosny (93), parade musique et cirque <\/li>\n\n\n\n<li><strong>30\/31 octobre 2022:<\/strong> Orgeval (92), parade lumineuse musique et cirque<\/li>\n\n\n\n<li><strong>24 novembre 2022: <\/strong>Limoges<strong> <\/strong>(87), parade lumineuse cirque et musique <\/li>\n\n\n\n<li><strong>25 novembre 2022: <\/strong>St Florent sur Cher (18), parade lumineuse cirque et musique <\/li>\n\n\n\n<li><strong>2 d\u00e9cembre 2022:<\/strong> Cergy(95), parade lumineuse cirque et musique <\/li>\n\n\n\n<li><strong>3 d\u00e9cembre 2022:<\/strong> Chatou (78), parade lumineuse cirque et musique Blanc lumineux<\/li>\n\n\n\n<li><strong>3 d\u00e9cembre 2022:<\/strong> Buc (78), parade lumineuse cirque et musique Tonnerres de Lumi\u00e8re<\/li>\n\n\n\n<li><strong>3 d\u00e9cembre 2022:<\/strong> ancenis (44), parade lumineuse cirque et musique Blanc Lumineux<\/li>\n\n\n\n<li><strong>3 d\u00e9cembre 2022:<\/strong> Gu\u00e9rande (44), parade lumineuse cirque et musique<em> <\/em><\/li>\n\n\n\n<li><strong>3 d\u00e9cembre 2022: <\/strong>Verri\u00e8res le Bn (91), parade lumineuse cirque et musique Tonnerres de lumi\u00e8re<\/li>\n\n\n\n<li><strong>4 d\u00e9cembre 2022:<\/strong> Verdun (55), parade lumineuse cirque et musique  Tonnerres de Lumi\u00e8re<\/li>\n\n\n\n<li><strong>10 d\u00e9cembre 2022:<\/strong> Vernouillet (78), parade lumineuse cirque et musique Tonnerres de Lumi\u00e8re<\/li>\n\n\n\n<li><strong>10 d\u00e9cembre 2022: <\/strong>Deuil La Barre (95), parade lumineuse cirque et musique Tonnerres de Lumi\u00e8re<\/li>\n\n\n\n<li><strong>10 d\u00e9cembre 2022:<\/strong> Villejuif (94), parade lumineuse cirque et musique Blancotons<\/li>\n\n\n\n<li><strong>11 d\u00e9cembre 2022: <\/strong>Claye (77), parade lumineuse musique et cirque Bluemineux<\/li>\n\n\n\n<li><strong>11 d\u00e9cembre 2022:<\/strong> Castelsarrasin (82), parade lumineuse cirque et musique Tonnerres de Lumi\u00e8re<\/li>\n\n\n\n<li><strong>11 d\u00e9cembre 2022: <\/strong>Lognes(77), Danse lumineuse dans des bulles<\/li>\n\n\n\n<li><strong>14 d\u00e9cembre 2022:<\/strong> Cergy (95), spectacle lumineux<\/li>\n\n\n\n<li><strong>16 d\u00e9cembre 2022: <\/strong>Villeneuve la Garenne (92), 2 parades lumineusse cirque et musique Tonnerres+Etincelle<\/li>\n\n\n\n<li><strong>16 d\u00e9cembre 2022:<\/strong> Les Ulis (91), parade lumineuse cirque et musique Blancoton<\/li>\n\n\n\n<li><strong>17 d\u00e9cembre 2022: <\/strong>Les ulis (91), parade lumineuse musique et cirque Tonnerres de Lumi\u00e8re<\/li>\n\n\n\n<li><strong>17 d\u00e9cembre 2022:  <\/strong>Joinville le Pont (94), parade lumineuse cirque et musique Tonnerres de Lumi\u00e8re<\/li>\n\n\n\n<li><strong>17 d\u00e9cembre 2022:<\/strong> Beaumont en Verdunois (55), \u00e9chassiers lumineux<\/li>\n\n\n\n<li><strong>18 d\u00e9cembre 2022: <\/strong>Allenay (80), parade lumineuse cirque et musique Tonnerres de Lumi\u00e8re <\/li>\n\n\n\n<li><strong>18 d\u00e9cembre 2022:<\/strong> Armenti\u00e8res (59), parade lumineuse cirque et musique Tonnerres de Lumi\u00e8re<\/li>\n\n\n\n<li><strong>18 d\u00e9cembre 2022: <\/strong>Rennes (35), parade lumineuse cirque et musique  Blancoton<\/li>\n\n\n\n<li>1<strong>8 d\u00e9cembre 2022<\/strong>: Ivry (94), parade lumineuse cirque et musique Etincelle<\/li>\n\n\n\n<li><strong>21 d\u00e9cembre 2022:<\/strong> Claye souillly(77), parade lumineuse Tonnerres de lumi\u00e8re<\/li>\n\n\n\n<li><strong>22 d\u00e9cembre 202<\/strong>2: Melun (91), parade lumineuse cirque et musique Bluemineux<\/li>\n\n\n\n<li><strong>23 d\u00e9cembre 202<\/strong>2: Clichy la Garenne (92), parade lumineuse cirque et musique Bluemineux<\/li>\n<\/ul>\n\n\n\n<h2 class=\"wp-block-heading\"> <em><strong>Ce qui s&#8217;est pass\u00e9 en 20<\/strong><\/em><strong>21<\/strong>: <\/h2>\n\n\n\n<ul class=\"wp-block-list\">\n<li><strong>12 mars 2021<\/strong>: Cirque d&#8217;Hiver (75), \u00e9chassiers lumineux<\/li>\n\n\n\n<li><strong>18 mars 2021<\/strong>: Cirque d&#8217;Hiver (75), \u00e9chassiers lumineux<\/li>\n\n\n\n<li><strong>27 mars 2021<\/strong>: Stains (93), parade cirque et musique Sir\u00e8nes<\/li>\n\n\n\n<li><s><strong>14 avril 2021:<\/strong> Vitry (94), 5 parades cirque et musique Circolor, Blancotons, Arcoiris,Sir\u00e8nes, Samoura\u00efs<\/s> <strong>(a<em>nnul\u00e9 Covid-19<\/em>)<\/strong><\/li>\n\n\n\n<li><s>14 avril 2021: Vaux le Pennil (77), parade Circolor cirque et musique <strong>(a<em>nnul\u00e9 Covid-19<\/em>)<\/strong><\/s><\/li>\n\n\n\n<li><strong>5 mai 2021:<\/strong> Vitry (94), 5 parades cirque et musique Circolor, Blancotons, Arcoiris,Sir\u00e8nes, Samoura\u00efs<\/li>\n\n\n\n<li><strong>18 et 25 juin: <\/strong>Bessancourt (95), intervention jonglage en scolaire<\/li>\n\n\n\n<li><strong>19 juin 2021: <\/strong>Levallois Perret (92), parade cirque et musique Circolor<\/li>\n\n\n\n<li><strong>20 juin 2021:<\/strong> Chelles (77), parade cirque et musique Circolor<\/li>\n\n\n\n<li><strong>2 juillet 2021:<\/strong> Villejuif (94), parade musique et cirque Circolor<\/li>\n\n\n\n<li><strong>14 juillet 2021<\/strong>: M\u00e9ry sur Oise (95), parade lumineuse cirque et musique <\/li>\n\n\n\n<li><strong>17 juillet 2021:<\/strong> Bonneval (28), parade musique et cirque<\/li>\n\n\n\n<li><strong>17 juillet 2021:<\/strong> Bethune (62), prade musique et cirque<em> (option)<\/em><\/li>\n\n\n\n<li>M<strong>ois de juillet 2021:<\/strong> Stains (93), ateliers cirque en plein air<\/li>\n\n\n\n<li><strong>11 septembre 2021:<\/strong> Bessancourt (95), parade musique et cirque <\/li>\n\n\n\n<li><strong>11 septembre 2021: <\/strong>Villemomble (91), parade musique et cirque<\/li>\n\n\n\n<li><strong>27 novembre 2021:<\/strong> Mantes les Jolie (78), Parade lumineuse cirque et musique Tonnerres de Lumi\u00e8re<\/li>\n\n\n\n<li><strong>3 d\u00e9cembre 2021: <\/strong>Montigny le Bretonneux (78), parade lumineuse cirque et musique Bluemineux<\/li>\n\n\n\n<li><strong>3 d\u00e9cembre 2021:<\/strong> Osny (95), parade lumineuse cirque et musique Tonnerres de lumi\u00e8re<\/li>\n\n\n\n<li><strong>4 d\u00e9cembre 2021<\/strong>: Chelles (77), parade lumineuse cirque et musique Tonnerres de Lumi\u00e8re<\/li>\n\n\n\n<li><strong>4 d\u00e9cembre 2021<\/strong>: Romainville (93), parade lumineuse cirque et musique Bluemineux<\/li>\n\n\n\n<li><strong>5 d\u00e9cembre 2021<\/strong>: Sarrebourg (57), parade lumineuse cirque et musique Tonnerres de Lumi\u00e8re+ parade Etincelle<\/li>\n\n\n\n<li><strong>11 d\u00e9cembre 2021<\/strong>: F\u00e9camp (76), parade lumineuse cirque et musique Tonnerres de Lumi\u00e8re<\/li>\n\n\n\n<li><strong>11 d\u00e9cembre 2021<\/strong>: Vitry sur Seine (94), parade lumineuse cirque et musique Tonnerres de Lumi\u00e8re<\/li>\n\n\n\n<li>1<strong>2 d\u00e9cembre 2021:<\/strong> Arras (62), parade lumineuse cirque et musique Tonnerres de Lumi\u00e8re<\/li>\n\n\n\n<li><strong>12 d\u00e9cembre 2021<\/strong>: Bailly Romainvilliers (77), parade lumineuse cirque et musique Tonnerres de Lumi\u00e8re<\/li>\n\n\n\n<li><strong>17 d\u00e9cembre 2021:<\/strong> Gisors (27), parade lumineuse cirque et musique Tonnerres de Lumi\u00e8re<\/li>\n\n\n\n<li><strong>18 d\u00e9cembre 2021:<\/strong> Pont Sainte Maxence (60), parade lumineuse cirque et musique Tonnerres de Lumi\u00e8re<\/li>\n\n\n\n<li><strong>18 d\u00e9cembre 2021:<\/strong> Sedan (08), parade lumineuse cirque et musique Robots<\/li>\n\n\n\n<li><strong>18 d\u00e9cembre 2021<\/strong>: Bezons (92), parade lumineuse cirque et musique Tonnerres de Lumi\u00e8res<\/li>\n\n\n\n<li><strong>19 d\u00e9cembre 2021,<\/strong> (***), artistes visuels Tonnerres de lumi\u00e8re<\/li>\n\n\n\n<li><strong>19 d\u00e9cembre 2021<\/strong>: Sedan (08), parade lumineuse cirque et musique Arco Iris<\/li>\n\n\n\n<li><strong>19 d\u00e9cembre 2021:<\/strong> Cergy (95), parade lumineuse cirque et musique Etincelle<\/li>\n\n\n\n<li><strong>20 d\u00e9cembre 2021<\/strong>: Orl\u00e9ans (45), parade lumineuse cirque et musique Tonnerres de Lumi\u00e8re<\/li>\n\n\n\n<li><strong>21 d\u00e9cembre 2021<\/strong>: Villeneuve La Garenne (92), parade lumineuse cirque et musique<\/li>\n\n\n\n<li><strong>22 d\u00e9cembre 2021:<\/strong> Melun (77), parade lumineuse cirque et musique Tonnerres de Lumi\u00e8re<\/li>\n\n\n\n<li><strong>22 d\u00e9cembre 2021<\/strong>: Boulogne Billancourt (92), parade lumineuse cirque et musique Tonnerres de Lumi\u00e8re<\/li>\n<\/ul>\n\n\n\n<div style=\"height:39px\" aria-hidden=\"true\" class=\"wp-block-spacer\"><\/div>\n\n\n\n<h2 class=\"wp-block-heading\"><em><strong>Ce qui s&#8217;est pass\u00e9 en 20<\/strong><\/em>20:<\/h2>\n\n\n\n<div style=\"height:46px\" aria-hidden=\"true\" class=\"wp-block-spacer\"><\/div>\n\n\n\n<ul class=\"wp-block-list\">\n<li><strong>8 janvier 2020:<\/strong> La Courneuve (93), parade cirque et musique Tonnerre de Lumi\u00e8res<\/li>\n\n\n\n<li><strong>12 janvier 2020<\/strong>: Vincennes (94), parade cirque et musique<\/li>\n\n\n\n<li><strong>26 janvier 2020: <\/strong>Grand prix d&#8217;Am\u00e9rique, Vincennes (94), parade cirque et musique<\/li>\n\n\n\n<li><strong>du 30 janvier au 1er f\u00e9vrier:<\/strong> Palais des Congr\u00e8s (porte Maillot), statue vivante<\/li>\n\n\n\n<li><strong>du 10 au 14 f\u00e9vrier :<\/strong> <a href=\"http:\/\/www.tewhoola.com\/accueil\/ateliers-cirque\/stages-cirque\/\" target=\"_blank\" rel=\"noreferrer noopener\">stage cirque<\/a> \u00e0 la MJC d&#8217;Ermont (95)<\/li>\n\n\n\n<li><s><strong>26 avril 2020:<\/strong> Vitry (94), parade musique et cirque Circolor<\/s><strong> (a<em>nnul\u00e9 Covid-19<\/em>)<\/strong><\/li>\n\n\n\n<li><s><strong>3 au 14 mai 2020:<\/strong> Arabie saoudite, parade musique et cirque<\/s><strong> (a<em>nnul\u00e9 Covid-19<\/em>)<\/strong><\/li>\n\n\n\n<li><s><strong>8 au 19 juin 2020:<\/strong> Arabie Saoudite, parade musique et cirque<\/s><strong>&nbsp;<em>(annul\u00e9 Covid-19)<\/em><\/strong><\/li>\n\n\n\n<li><s><strong>27 juin 2020:<\/strong> Ermont (95), th\u00e9\u00e2tre Fresnay, spectacle cirque et musiqu<\/s>e<strong> <em>(annul\u00e9 Covid-19<\/em>)<\/strong><\/li>\n\n\n\n<li><s><strong>du 6 au 10 juillet 2020<\/strong>: stage cirque \u00e0 la MJC d&#8217;Ermont (95)<\/s> <strong><em>(annul\u00e9 Covid-19)<\/em><\/strong><\/li>\n\n\n\n<li><strong>13 juillet 2020:<\/strong> Villemoisson (91), parade lumineuse musique et cirque <em><strong>(annul\u00e9 Covid-19)<\/strong><\/em><\/li>\n\n\n\n<li><s><strong>11 et \/ou 18 juillet 2020:<\/strong> Enghien les Bains, parade lumineuse cirque- musique<\/s> <em><strong>(annul\u00e9 Covid-19)<\/strong><\/em><\/li>\n\n\n\n<li><strong>1er septembre 2020:<\/strong> reprise des cours de cirque s\u00e9niors \u00e0 la MJC d&#8217;Ermont, dans le respect des recommandations sanitaires<\/li>\n\n\n\n<li><s><strong>8 septembre 2020<\/strong>: Wissous (91), parade cirque et musique<\/s> <strong><em>(annul\u00e9 Covid-19<\/em>)<\/strong><\/li>\n\n\n\n<li><strong>12 septembre 2020:<\/strong> Villemomble (93), parade lumineuse cirque et musique<\/li>\n\n\n\n<li><s><strong>26-27 septembre 2020<\/strong>: IDF, parade musique et cirque <em><strong>(annul<\/strong><\/em><\/s><em><strong>\u00e9 Covid-19)<\/strong><\/em><\/li>\n\n\n\n<li><s><strong>28 novembre 2020<\/strong>:Mantes la Jolie (78) parade lumineuse musique et cirque Tonnerres<\/s> <strong><em>(annul\u00e9 Covid-19<\/em>)<\/strong><\/li>\n\n\n\n<li>4 <strong>d\u00e9cembre 2020: <\/strong>Saint Germain en Laye (78), parade lumineuse cirque et musique <\/li>\n\n\n\n<li><s><strong>4 d\u00e9cembre 2020: <\/strong>Montigny Le Brtx (78), parade lumineuse cirque et musique<\/s> <strong><em>(annul\u00e9 Covid-19<\/em>)<\/strong><\/li>\n\n\n\n<li><strong>5 d\u00e9cembre 2020<\/strong>: Villebon sur Yvette (91), parade lumineuse tricycle <strong><em>(annul\u00e9 Covid-19<\/em>)<\/strong><\/li>\n\n\n\n<li><strong>5 d\u00e9cembre 2020:<\/strong> Amiens (80), parade lumineuse Tonnerre de lumi\u00e8re <strong><em>(annul\u00e9 Covid-19<\/em>)<\/strong><\/li>\n\n\n\n<li><strong>5 d\u00e9cembre 2020: <\/strong>Boulogne sur Mer (62), parade lumineuse cirque et musique Blancotons<\/li>\n\n\n\n<li><s><strong>6 d\u00e9cembre 2020:<\/strong> Arras (62), parade lumineuse Les Bluemineux <\/s><strong><em>(annul\u00e9 Covid-19<\/em>)<\/strong><\/li>\n\n\n\n<li><strong>6 d\u00e9cembre 2020:<\/strong> Calais (62), parade lumineuse Tonnerres de lumi\u00e8re<\/li>\n\n\n\n<li><s><strong>6 d\u00e9cembre 2020: <\/strong>Sarrebourg (57), parade lumineuse cirque et musique Tonnerres <\/s><strong><em>(annul\u00e9 Covid-19<\/em>)<\/strong><\/li>\n\n\n\n<li><strong>1<\/strong><s><strong>2 d\u00e9cembre 2020<\/strong>: Vitry (94) parade lumineuse Tonnerre de lumi\u00e8re <\/s><strong><em>(annul\u00e9 Covid-19<\/em>)<\/strong><\/li>\n\n\n\n<li><strong>12 d\u00e9cembre 2020<\/strong>: Bourg Achard (27), Parade lumineuse cirque et musique<\/li>\n\n\n\n<li><s><strong>12 d\u00e9cembre 2020:<\/strong> Vincennes (94), batucada lumineuse <\/s><strong><em>(annul\u00e9 Covid-19<\/em>)<\/strong><\/li>\n\n\n\n<li><s><strong>13 d\u00e9cembre 2020<\/strong>: Meaux (94) parade lumineuse Tonnerre de lumi\u00e8re <\/s><strong><em>(annul\u00e9 Covid-19<\/em>)<\/strong><\/li>\n\n\n\n<li><s><strong>12-13 d\u00e9cembre 2020:<\/strong> Sedan (08), parade lumineuse cirque et musique <\/s><strong><em>(annul\u00e9 Covid-19<\/em>)<\/strong><em> <\/em><\/li>\n\n\n\n<li><strong>13 d\u00e9cembre 2020: <\/strong>Pontault Combault (77), tricycle musical  et \u00e9chassiers lumneux <\/li>\n\n\n\n<li><strong>17 d\u00e9cembre 2020: <\/strong>Paris 19, parade lumineuse musique et cirque<\/li>\n\n\n\n<li><s><strong>19 d\u00e9cembre 2020:<\/strong>&nbsp;Poissy (78), parade lumineuse musique et cirque&nbsp;<\/s><strong><em>(annul\u00e9 Covid-19<\/em>)<\/strong><\/li>\n\n\n\n<li><strong>19 d\u00e9cembre 2020:<\/strong>&nbsp;Vincennes (94), parade lumineuse cirque et musique<\/li>\n\n\n\n<li><strong>19 d\u00e9cembre 2020: <\/strong>Marly le Roi (78), tricycle musical, jongleur et \u00e9chassier lumineux<\/li>\n\n\n\n<li><strong>19 d\u00e9ceme 2020: <\/strong>Chelles (77), parade lumineuse cirque et musique <\/li>\n\n\n\n<li><s><strong>19 d\u00e9cembre 2020:<\/strong> F\u00e9camp (76), parade cirque et  tricycle musical <\/s><strong><em>annul\u00e9 Covid-19<\/em>)<\/strong><\/li>\n\n\n\n<li><strong>20 d\u00e9cembre 2020:<\/strong> Neuville (59), parade lumineuse musique et cirque<\/li>\n\n\n\n<li><strong>20 d\u00e9cembre 2020: <\/strong>Pontault Combault (77), parade lumineuse cirque et musique<\/li>\n\n\n\n<li><strong>20 d\u00e9cembree 2020: <\/strong>Le Bourget (93), parade lumineuse<\/li>\n\n\n\n<li><strong>20 d\u00e9cembre 2020: <\/strong>Noyelles L\u00e8s Vermelles (62), parade lumineuse cirque et musique<\/li>\n\n\n\n<li><s><strong>22 d\u00e9cembre 2020:<\/strong> Lens (62), parades lumineuses cirque et musique Tonnerres et Bluemineux<\/s><\/li>\n\n\n\n<li><s><strong>23 d\u00e9cembre 2020:<\/strong> Melun (77), parade cirque et musique<\/s> <strong><em>(annul\u00e9 Covid-19<\/em>)<\/strong><\/li>\n\n\n\n<li><strong>23 d\u00e9cembre 2020: <\/strong>Meaux (77), parade lumineuse cirque et musique<\/li>\n\n\n\n<li><strong>24 d\u00e9cembre 2020:<\/strong> Suresnes (92), parade lumineuse cirque et musique Tonnerres<\/li>\n\n\n\n<li><s><strong>27 d\u00e9cembre 2020:<\/strong> (93), parade tricycle lumineux et \u00e9chassi\u00e8re <strong><em>(<\/em><\/strong><\/s><strong><em>annul\u00e9 Covid-19<\/em>)<\/strong><\/li>\n<\/ul>\n\n\n","protected":false},"excerpt":{"rendered":"<p>\u00a0 28 janvier 2024: Hippodrome de Vincennes (94) Echassiers Grand Prix d&#8217;Am\u00e9rique 13 f\u00e9vrier 2024: Ezanville (95) Tonnerres de Lumi\u00e8re 16 mars 2024: Bouff\u00e9mont (95) Parade lumineuse 26 mai 2024: Bessancourt (95) Animation cirque\/parade 15 juin 2024: Cl\u00e9on (76) Parade lumineuse 22 juin 2024: Fontaine le Fleury (78): Parade Tonnerres de Lumi\u00e8res 26 septembre 2024: [&hellip;]<\/p>\n","protected":false},"author":1,"featured_media":0,"parent":0,"menu_order":0,"comment_status":"closed","ping_status":"closed","template":"","meta":{"footnotes":""},"class_list":["post-793","page","type-page","status-publish","hentry"],"_links":{"self":[{"href":"https:\/\/www.tewhoola.com\/accueil\/wp-json\/wp\/v2\/pages\/793"}],"collection":[{"href":"https:\/\/www.tewhoola.com\/accueil\/wp-json\/wp\/v2\/pages"}],"about":[{"href":"https:\/\/www.tewhoola.com\/accueil\/wp-json\/wp\/v2\/types\/page"}],"author":[{"embeddable":true,"href":"https:\/\/www.tewhoola.com\/accueil\/wp-json\/wp\/v2\/users\/1"}],"replies":[{"embeddable":true,"href":"https:\/\/www.tewhoola.com\/accueil\/wp-json\/wp\/v2\/comments?post=793"}],"version-history":[{"count":733,"href":"https:\/\/www.tewhoola.com\/accueil\/wp-json\/wp\/v2\/pages\/793\/revisions"}],"predecessor-version":[{"id":14978,"href":"https:\/\/www.tewhoola.com\/accueil\/wp-json\/wp\/v2\/pages\/793\/revisions\/14978"}],"wp:attachment":[{"href":"https:\/\/www.tewhoola.com\/accueil\/wp-json\/wp\/v2\/media?parent=793"}],"curies":[{"name":"wp","href":"https:\/\/api.w.org\/{rel}","templated":true}]}}