{"id":811,"date":"2011-04-19T12:58:22","date_gmt":"2011-04-19T12:58:22","guid":{"rendered":"http:\/\/compagnietewhoola.wordpress.com\/?page_id=811"},"modified":"2018-03-16T17:10:24","modified_gmt":"2018-03-16T16:10:24","slug":"tricycle-musical","status":"publish","type":"page","link":"https:\/\/www.tewhoola.com\/accueil\/parades\/tricycle-musical\/","title":{"rendered":"tricycle musical"},"content":{"rendered":"<p>Retour \u00e0 l&#8217;accueil<\/p>\n<p>Un joli moyen de sonoriser les d\u00e9ambulations et parades, le tricycle musical, \u00e9cologique et sans bruit de moteur puisqu&#8217;il avance \u00e0 la force du mollet!<\/p>\n<p>La sonorisation est autonome, le choix musical est vaste et s&#8217;adapte \u00e0 votre contexte.<\/p>\n<p>Au guidon, un artiste qui peut \u00eatre com\u00e9dien, acrobate, musicien, \u00e9quilibriste, jongleur&#8230;<\/p>\n<p><a href=\"http:\/\/compagnietewhoola.wordpress.com\/parades\/tricycle-musical\/tricycle-musical-2\/\" rel=\"attachment wp-att-812\"><img loading=\"lazy\" decoding=\"async\" class=\"alignleft size-full wp-image-812\" title=\"tricycle musical\" src=\"http:\/\/compagnietewhoola.files.wordpress.com\/2011\/04\/tricycle-musical.jpg\" alt=\"\" width=\"640\" height=\"480\" srcset=\"https:\/\/www.tewhoola.com\/wp-content\/uploads\/2011\/04\/tricycle-musical.jpg 2048w, https:\/\/www.tewhoola.com\/wp-content\/uploads\/2011\/04\/tricycle-musical-300x225.jpg 300w, https:\/\/www.tewhoola.com\/wp-content\/uploads\/2011\/04\/tricycle-musical-1024x768.jpg 1024w\" sizes=\"(max-width: 640px) 100vw, 640px\" \/><\/a><\/p>\n<p><span style=\"color: #00ccff;\">Le tricycle musical existe en version lumineuse: cliquez\u00a0 <a href=\"http:\/\/tewhoola.com\/lumineux\/tricycle-musical-lumineux\/\" target=\"_blank\" rel=\"noopener\">ici<\/a> pour acc\u00e9der \u00e0 la page\u00a0<\/span><\/p>\n<p>&nbsp;<\/p>\n<p>&nbsp;<\/p>\n","protected":false},"excerpt":{"rendered":"<p>Retour \u00e0 l&#8217;accueil Un joli moyen de sonoriser les d\u00e9ambulations et parades, le tricycle musical, \u00e9cologique et sans bruit de moteur puisqu&#8217;il avance \u00e0 la force du mollet! La sonorisation est autonome, le choix musical est vaste et s&#8217;adapte \u00e0 votre contexte. Au guidon, un artiste qui peut \u00eatre com\u00e9dien, acrobate, musicien, \u00e9quilibriste, jongleur&#8230; Le [&hellip;]<\/p>\n","protected":false},"author":1,"featured_media":0,"parent":782,"menu_order":2,"comment_status":"closed","ping_status":"open","template":"","meta":{"footnotes":""},"class_list":["post-811","page","type-page","status-publish","hentry"],"_links":{"self":[{"href":"https:\/\/www.tewhoola.com\/accueil\/wp-json\/wp\/v2\/pages\/811"}],"collection":[{"href":"https:\/\/www.tewhoola.com\/accueil\/wp-json\/wp\/v2\/pages"}],"about":[{"href":"https:\/\/www.tewhoola.com\/accueil\/wp-json\/wp\/v2\/types\/page"}],"author":[{"embeddable":true,"href":"https:\/\/www.tewhoola.com\/accueil\/wp-json\/wp\/v2\/users\/1"}],"replies":[{"embeddable":true,"href":"https:\/\/www.tewhoola.com\/accueil\/wp-json\/wp\/v2\/comments?post=811"}],"version-history":[{"count":3,"href":"https:\/\/www.tewhoola.com\/accueil\/wp-json\/wp\/v2\/pages\/811\/revisions"}],"predecessor-version":[{"id":7597,"href":"https:\/\/www.tewhoola.com\/accueil\/wp-json\/wp\/v2\/pages\/811\/revisions\/7597"}],"up":[{"embeddable":true,"href":"https:\/\/www.tewhoola.com\/accueil\/wp-json\/wp\/v2\/pages\/782"}],"wp:attachment":[{"href":"https:\/\/www.tewhoola.com\/accueil\/wp-json\/wp\/v2\/media?parent=811"}],"curies":[{"name":"wp","href":"https:\/\/api.w.org\/{rel}","templated":true}]}}