{"id":883,"date":"2011-04-20T21:17:23","date_gmt":"2011-04-20T21:17:23","guid":{"rendered":"http:\/\/compagnietewhoola.wordpress.com\/?page_id=883"},"modified":"2016-01-03T22:22:26","modified_gmt":"2016-01-03T21:22:26","slug":"statues-de-cinema","status":"publish","type":"page","link":"https:\/\/www.tewhoola.com\/accueil\/numeros-2\/statues-vivantes\/statues-de-cinema\/","title":{"rendered":"Statues de cin\u00e9ma"},"content":{"rendered":"<p>Statues vivantes en m\u00e9tal patin\u00e9 invit\u00e9es du festival international de cin\u00e9ma de Carthage. Personnalit\u00e9s mythiques du septi\u00e8me art: Laurel et Hardy, Charlie Chaplin, James Dean, Marylin Monroe, Yoda, Omar Sharif, et l&#8217;indispensable cameraman&#8230;<\/p>\n<p><iframe loading=\"lazy\" title=\"statue vivante Marylin Monroe\" src=\"https:\/\/player.vimeo.com\/video\/44935201?dnt=1&amp;app_id=122963\" width=\"500\" height=\"375\" frameborder=\"0\" allow=\"autoplay; fullscreen; picture-in-picture; clipboard-write\"><\/iframe><\/p>\n<p><em><strong>\u00a0<\/strong><\/em><\/p>\n\n\t\t<style type=\"text\/css\">\n\t\t\t#gallery-1 {\n\t\t\t\tmargin: auto;\n\t\t\t}\n\t\t\t#gallery-1 .gallery-item {\n\t\t\t\tfloat: left;\n\t\t\t\tmargin-top: 10px;\n\t\t\t\ttext-align: center;\n\t\t\t\twidth: 33%;\n\t\t\t}\n\t\t\t#gallery-1 img {\n\t\t\t\tborder: 2px solid #cfcfcf;\n\t\t\t}\n\t\t\t#gallery-1 .gallery-caption {\n\t\t\t\tmargin-left: 0;\n\t\t\t}\n\t\t\t\/* see gallery_shortcode() in wp-includes\/media.php *\/\n\t\t<\/style>\n\t\t<div id='gallery-1' class='gallery galleryid-883 gallery-columns-3 gallery-size-thumbnail'><dl class='gallery-item'>\n\t\t\t<dt class='gallery-icon portrait'>\n\t\t\t\t<a href='https:\/\/www.tewhoola.com\/wp-content\/uploads\/2011\/04\/490.png'><img loading=\"lazy\" decoding=\"async\" width=\"150\" height=\"150\" src=\"https:\/\/www.tewhoola.com\/wp-content\/uploads\/2011\/04\/490-150x150.png\" class=\"attachment-thumbnail size-thumbnail\" alt=\"\" \/><\/a>\n\t\t\t<\/dt><\/dl><dl class='gallery-item'>\n\t\t\t<dt class='gallery-icon portrait'>\n\t\t\t\t<a href='https:\/\/www.tewhoola.com\/wp-content\/uploads\/2011\/04\/64.jpg'><img loading=\"lazy\" decoding=\"async\" width=\"150\" height=\"150\" src=\"https:\/\/www.tewhoola.com\/wp-content\/uploads\/2011\/04\/64-150x150.jpg\" class=\"attachment-thumbnail size-thumbnail\" alt=\"\" \/><\/a>\n\t\t\t<\/dt><\/dl><dl class='gallery-item'>\n\t\t\t<dt class='gallery-icon portrait'>\n\t\t\t\t<a href='https:\/\/www.tewhoola.com\/wp-content\/uploads\/2011\/04\/73770_1632635253695_1171077063_31757962_5253576_n.jpg'><img loading=\"lazy\" decoding=\"async\" width=\"150\" height=\"150\" src=\"https:\/\/www.tewhoola.com\/wp-content\/uploads\/2011\/04\/73770_1632635253695_1171077063_31757962_5253576_n-150x150.jpg\" class=\"attachment-thumbnail size-thumbnail\" alt=\"\" \/><\/a>\n\t\t\t<\/dt><\/dl><br style=\"clear: both\" \/><dl class='gallery-item'>\n\t\t\t<dt class='gallery-icon portrait'>\n\t\t\t\t<a href='https:\/\/www.tewhoola.com\/wp-content\/uploads\/2011\/04\/39575_487190135217_539135217_7382374_812203_n.jpg'><img loading=\"lazy\" decoding=\"async\" width=\"150\" height=\"150\" src=\"https:\/\/www.tewhoola.com\/wp-content\/uploads\/2011\/04\/39575_487190135217_539135217_7382374_812203_n-150x150.jpg\" class=\"attachment-thumbnail size-thumbnail\" alt=\"\" \/><\/a>\n\t\t\t<\/dt><\/dl><dl class='gallery-item'>\n\t\t\t<dt class='gallery-icon landscape'>\n\t\t\t\t<a href='https:\/\/www.tewhoola.com\/wp-content\/uploads\/2011\/04\/69.jpg'><img loading=\"lazy\" decoding=\"async\" width=\"150\" height=\"150\" src=\"https:\/\/www.tewhoola.com\/wp-content\/uploads\/2011\/04\/69-150x150.jpg\" class=\"attachment-thumbnail size-thumbnail\" alt=\"\" \/><\/a>\n\t\t\t<\/dt><\/dl><dl class='gallery-item'>\n\t\t\t<dt class='gallery-icon landscape'>\n\t\t\t\t<a href='https:\/\/www.tewhoola.com\/wp-content\/uploads\/2011\/04\/65.jpg'><img loading=\"lazy\" decoding=\"async\" width=\"150\" height=\"150\" src=\"https:\/\/www.tewhoola.com\/wp-content\/uploads\/2011\/04\/65-150x150.jpg\" class=\"attachment-thumbnail size-thumbnail\" alt=\"\" \/><\/a>\n\t\t\t<\/dt><\/dl><br style=\"clear: both\" \/><dl class='gallery-item'>\n\t\t\t<dt class='gallery-icon portrait'>\n\t\t\t\t<a href='https:\/\/www.tewhoola.com\/wp-content\/uploads\/2011\/04\/74493_1632634933687_1171077063_31757961_5295707_n.jpg'><img loading=\"lazy\" decoding=\"async\" width=\"150\" height=\"150\" src=\"https:\/\/www.tewhoola.com\/wp-content\/uploads\/2011\/04\/74493_1632634933687_1171077063_31757961_5295707_n-150x150.jpg\" class=\"attachment-thumbnail size-thumbnail\" alt=\"\" \/><\/a>\n\t\t\t<\/dt><\/dl><dl class='gallery-item'>\n\t\t\t<dt class='gallery-icon portrait'>\n\t\t\t\t<a href='https:\/\/www.tewhoola.com\/wp-content\/uploads\/2011\/09\/marylin-7.jpg'><img loading=\"lazy\" decoding=\"async\" width=\"150\" height=\"150\" src=\"https:\/\/www.tewhoola.com\/wp-content\/uploads\/2011\/09\/marylin-7-150x150.jpg\" class=\"attachment-thumbnail size-thumbnail\" alt=\"\" \/><\/a>\n\t\t\t<\/dt><\/dl><dl class='gallery-item'>\n\t\t\t<dt class='gallery-icon landscape'>\n\t\t\t\t<a href='https:\/\/www.tewhoola.com\/wp-content\/uploads\/2012\/01\/statues-vivantes-laurel-et-hardy-5.jpg'><img loading=\"lazy\" decoding=\"async\" width=\"150\" height=\"150\" src=\"https:\/\/www.tewhoola.com\/wp-content\/uploads\/2012\/01\/statues-vivantes-laurel-et-hardy-5-150x150.jpg\" class=\"attachment-thumbnail size-thumbnail\" alt=\"\" \/><\/a>\n\t\t\t<\/dt><\/dl><br style=\"clear: both\" \/>\n\t\t<\/div>\n\n","protected":false},"excerpt":{"rendered":"<p>Statues vivantes en m\u00e9tal patin\u00e9 invit\u00e9es du festival international de cin\u00e9ma de Carthage. Personnalit\u00e9s mythiques du septi\u00e8me art: Laurel et Hardy, Charlie Chaplin, James Dean, Marylin Monroe, Yoda, Omar Sharif, et l&#8217;indispensable cameraman&#8230; \u00a0<\/p>\n","protected":false},"author":1,"featured_media":0,"parent":905,"menu_order":1,"comment_status":"closed","ping_status":"open","template":"","meta":{"footnotes":""},"class_list":["post-883","page","type-page","status-publish","hentry"],"_links":{"self":[{"href":"https:\/\/www.tewhoola.com\/accueil\/wp-json\/wp\/v2\/pages\/883"}],"collection":[{"href":"https:\/\/www.tewhoola.com\/accueil\/wp-json\/wp\/v2\/pages"}],"about":[{"href":"https:\/\/www.tewhoola.com\/accueil\/wp-json\/wp\/v2\/types\/page"}],"author":[{"embeddable":true,"href":"https:\/\/www.tewhoola.com\/accueil\/wp-json\/wp\/v2\/users\/1"}],"replies":[{"embeddable":true,"href":"https:\/\/www.tewhoola.com\/accueil\/wp-json\/wp\/v2\/comments?post=883"}],"version-history":[{"count":2,"href":"https:\/\/www.tewhoola.com\/accueil\/wp-json\/wp\/v2\/pages\/883\/revisions"}],"predecessor-version":[{"id":5977,"href":"https:\/\/www.tewhoola.com\/accueil\/wp-json\/wp\/v2\/pages\/883\/revisions\/5977"}],"up":[{"embeddable":true,"href":"https:\/\/www.tewhoola.com\/accueil\/wp-json\/wp\/v2\/pages\/905"}],"wp:attachment":[{"href":"https:\/\/www.tewhoola.com\/accueil\/wp-json\/wp\/v2\/media?parent=883"}],"curies":[{"name":"wp","href":"https:\/\/api.w.org\/{rel}","templated":true}]}}