{"id":9358,"date":"2020-07-24T16:49:12","date_gmt":"2020-07-24T15:49:12","guid":{"rendered":"http:\/\/www.tewhoola.com\/accueil\/?page_id=9358"},"modified":"2020-08-19T16:53:42","modified_gmt":"2020-08-19T15:53:42","slug":"wiki-juggling","status":"publish","type":"page","link":"https:\/\/www.tewhoola.com\/accueil\/ecole-de-cirque-tewhoola\/jonglage-diego\/wiki-juggling\/","title":{"rendered":"Wiki Juggling"},"content":{"rendered":"\n<h2 class=\"wp-block-heading\"><span style=\"color:#011b25\" class=\"has-inline-color\">Ici nous mettons \u00e0 disposition des ressources en ligne sur diff\u00e9rents th\u00e8mes de jonglage. Avec le temps, cette m\u00e9diath\u00e8que du jonglage s&#8217;enrichit des apports de chacun des participants. Envoyez-nous vos recherches, vos id\u00e9es et vos trouvailles en laissant un commentaire ci-dessous pour qu&#8217;elles soient publi\u00e9es ici: <\/span><\/h2>\n\n\n\n<figure class=\"wp-block-image size-large\"><img loading=\"lazy\" decoding=\"async\" width=\"260\" height=\"236\" src=\"https:\/\/www.tewhoola.com\/wp-content\/uploads\/2020\/08\/filmreel2.gif\" alt=\"\" class=\"wp-image-10913\"\/><\/figure>\n\n\n\n<p style=\"font-size:18px\">\n<table id=\"tablepress-3\" class=\"tablepress tablepress-id-3\">\n<thead>\n<tr class=\"row-1 odd\">\n\t<th class=\"column-1\">Liens <\/th><th class=\"column-2\">Apport\u00e9 par<\/th><th class=\"column-3\">Sujet (s)<\/th>\n<\/tr>\n<\/thead>\n<tbody class=\"row-hover\">\n<tr class=\"row-2 even\">\n\t<td class=\"column-1\"><a href=\"https:\/\/www.youtube.com\/watch?v=hXbSmvKGEKw&amp;list=LLZFO8VbXKhXmtA1swqee9dA\" rel=\"noopener noreferrer\" target=\"_blank\">Fabriquer ses balles de jonglage<\/a><\/td><td class=\"column-2\">Karen<\/td><td class=\"column-3\">G\u00e9n\u00e9ral<\/td>\n<\/tr>\n<tr class=\"row-3 odd\">\n\t<td class=\"column-1\"><a href=\"https:\/\/www.youtube.com\/watch?v=zFid9J8iUWY\" rel=\"noopener noreferrer\" target=\"_blank\">Jongler \u00e0 3 balles (Espa\u00f1ol) <\/a><\/td><td class=\"column-2\">Karen<\/td><td class=\"column-3\">Cascades<\/td>\n<\/tr>\n<tr class=\"row-4 even\">\n\t<td class=\"column-1\"><a href=\"https:\/\/www.youtube.com\/watch?v=gNDiW4O3oUE\" rel=\"noopener noreferrer\" target=\"_blank\">Jongler \u00e0 3 balles (Fran\u00e7ais)<\/a><\/td><td class=\"column-2\">Iwa<\/td><td class=\"column-3\">Cascades<\/td>\n<\/tr>\n<tr class=\"row-5 odd\">\n\t<td class=\"column-1\"><a href=\"https:\/\/fr.wikipedia.org\/wiki\/Siteswap\" rel=\"noopener noreferrer\" target=\"_blank\">Coder et \u00e9crire le jonglage<\/a><\/td><td class=\"column-2\">Diego<\/td><td class=\"column-3\">Notation<\/td>\n<\/tr>\n<tr class=\"row-6 even\">\n\t<td class=\"column-1\"><a href=\"https:\/\/youtu.be\/dCYDZDlcO6g\" rel=\"noopener noreferrer\" target=\"_blank\">taylor tries cascade<\/a><\/td><td class=\"column-2\">Val\u00e9rie<\/td><td class=\"column-3\">tuto cascade 3 balles<\/td>\n<\/tr>\n<tr class=\"row-7 odd\">\n\t<td class=\"column-1\"><a href=\"https:\/\/www.youtube.com\/watch?v=kuBFm9QTomM\" rel=\"noopener noreferrer\" target=\"_blank\">Jonglage 3 balles pour s'inspirer<\/a><\/td><td class=\"column-2\">Diego<\/td><td class=\"column-3\">G\u00e9n\u00e9ral, cascades, douches, bo\u00eetes, croisements<\/td>\n<\/tr>\n<tr class=\"row-8 even\">\n\t<td class=\"column-1\"><a href=\"https:\/\/fr.wikipedia.org\/wiki\/Lancer_%28jonglerie%29\" rel=\"noopener noreferrer\" target=\"_blank\">Les grandes familles de jonglage 3 balles<\/a><\/td><td class=\"column-2\">Diego<\/td><td class=\"column-3\">G\u00e9n\u00e9ral, cascades, douches, bo\u00eetes,croisements<\/td>\n<\/tr>\n<tr class=\"row-9 odd\">\n\t<td class=\"column-1\"><a href=\"https:\/\/www.youtube.com\/watch?time_continue=17&amp;v=mZA97Ay0Bzs&amp;feature=emb_logo\" rel=\"noopener noreferrer\" target=\"_blank\"><br \/>\nSecrets du jonglage<\/a><\/td><td class=\"column-2\">Diego<\/td><td class=\"column-3\">G\u00e9n\u00e9ral<\/td>\n<\/tr>\n<tr class=\"row-10 even\">\n\t<td class=\"column-1\"><a href=\"https:\/\/www.youtube.com\/watch?time_continue=10&amp;v=r_OyB3RQKEg&amp;feature=emb_logo\" rel=\"noopener noreferrer\" target=\"_blank\">Le jonglage expliqu\u00e9 par la science<\/a><\/td><td class=\"column-2\">Diego<\/td><td class=\"column-3\">G\u00e9n\u00e9ral<\/td>\n<\/tr>\n<tr class=\"row-11 odd\">\n\t<td class=\"column-1\"><a href=\"http:\/\/www.tewhoola.com\/accueil\/representer-le-jonglage-line\/?preview_id=9444&amp;preview_nonce=794b79fd79&amp;preview=true\" rel=\"noopener noreferrer\" target=\"_blank\">Repr\u00e9senter le jonglage<\/a><\/td><td class=\"column-2\">Line<\/td><td class=\"column-3\">Notation<\/td>\n<\/tr>\n<tr class=\"row-12 even\">\n\t<td class=\"column-1\"><a href=\"https:\/\/www.francetvinfo.fr\/monde\/norvege\/video-a-90-ans-la-norvegienne-ase-marie-jongle-toute-la-journee-avec-son-ballon-de-foot_1211377.html\" rel=\"noopener noreferrer\" target=\"_blank\">Jonglage s\u00e9nior<\/a><\/td><td class=\"column-2\">Sa\u00e9<\/td><td class=\"column-3\">G\u00e9n\u00e9ral<\/td>\n<\/tr>\n<tr class=\"row-13 odd\">\n\t<td class=\"column-1\"><a href=\"https:\/\/youtu.be\/SU0vBuWtMNo\" rel=\"noopener noreferrer\" target=\"_blank\">jonglage \u00e0 2 balles<\/a><\/td><td class=\"column-2\">Val\u00e9rie<\/td><td class=\"column-3\">num\u00e9ro <\/td>\n<\/tr>\n<tr class=\"row-14 even\">\n\t<td class=\"column-1\"><a href=\"https:\/\/youtu.be\/u9LdSG45i50\" rel=\"noopener noreferrer\" target=\"_blank\">jonglage enfants<\/a><\/td><td class=\"column-2\">Javier<\/td><td class=\"column-3\">G\u00e9n\u00e9ral, cascades<\/td>\n<\/tr>\n<tr class=\"row-15 odd\">\n\t<td class=\"column-1\"><a href=\"https:\/\/youtu.be\/BOjOGKu3jTc\" rel=\"noopener noreferrer\" target=\"_blank\">Jonglage \u00e9quilibre<\/a><\/td><td class=\"column-2\">Iwa<\/td><td class=\"column-3\">num\u00e9ro <\/td>\n<\/tr>\n<tr class=\"row-16 even\">\n\t<td class=\"column-1\"><a href=\"https:\/\/www.youtube.com\/watch?v=w5kXKvjdRQ0&amp;list=PLjBVP8rvg6HFG_zmFS2Jbd5649YorJpiH&amp;index=2\" rel=\"noopener noreferrer\" target=\"_blank\">jonglage 3 balles au ralenti<\/a><\/td><td class=\"column-2\">Diego<\/td><td class=\"column-3\">G\u00e9n\u00e9ral, cascades, douches, bo\u00eetes, croisements<\/td>\n<\/tr>\n<tr class=\"row-17 odd\">\n\t<td class=\"column-1\"><a href=\"http:\/\/1001figuresjonglerie.fr\/jongle\/index.htm\" rel=\"noopener noreferrer\" target=\"_blank\">figures \u00e0 1, 2, 3 balles et plus. avec \u00e9ducatifs, difficult\u00e9s et solutions<\/a><\/td><td class=\"column-2\">Diego<\/td><td class=\"column-3\">G\u00e9n\u00e9ral, description de figures, \u00e9ducatifs, ressource p\u00e9dagogique<\/td>\n<\/tr>\n<tr class=\"row-18 even\">\n\t<td class=\"column-1\"><a href=\"https:\/\/youtu.be\/9SHAxrcDVHQ\" rel=\"noopener noreferrer\" target=\"_blank\">Carton- luis sartori Do vale<\/a><\/td><td class=\"column-2\">Val\u00e9rie<\/td><td class=\"column-3\">spectacle court <\/td>\n<\/tr>\n<tr class=\"row-19 odd\">\n\t<td class=\"column-1\"><a href=\"http:\/\/yoan.gregoire.free.fr\/articles.php?lng=fr&amp;pg=9\" rel=\"noopener noreferrer\" target=\"_blank\">11 figures simples \u00e0 3 balles avec repr\u00e9sentation visuelle<\/a><\/td><td class=\"column-2\">Diego<\/td><td class=\"column-3\">G\u00e9n\u00e9ral, cascades, douche, croisements<\/td>\n<\/tr>\n<tr class=\"row-20 even\">\n\t<td class=\"column-1\"><a href=\"https:\/\/youtu.be\/kbZp3B3MoB0\" rel=\"noopener noreferrer\" target=\"_blank\">Entra\u00eenement Viktor Kie<\/a><\/td><td class=\"column-2\">Val\u00e9rie<\/td><td class=\"column-3\">Travail jongleur professionnel<\/td>\n<\/tr>\n<tr class=\"row-21 odd\">\n\t<td class=\"column-1\"><a href=\"https:\/\/youtu.be\/jEBx0ERA1d4\" rel=\"noopener noreferrer\" target=\"_blank\">jonglage et percussions<\/a><\/td><td class=\"column-2\">karen<\/td><td class=\"column-3\">num\u00e9ro<\/td>\n<\/tr>\n<tr class=\"row-22 even\">\n\t<td class=\"column-1\"><a href=\"https:\/\/www.facebook.com\/1369337376448129\/videos\/333526964341019\" rel=\"noopener noreferrer\" target=\"_blank\">Jonglage et rythme<\/a><\/td><td class=\"column-2\">Diego<\/td><td class=\"column-3\">jonglage et musique<\/td>\n<\/tr>\n<tr class=\"row-23 odd\">\n\t<td class=\"column-1\"><a href=\"https:\/\/www.youtube.com\/watch?v=TLs9LzJyxKU&amp;feature=youtu.be\" rel=\"noopener noreferrer\" target=\"_blank\">Marco Paoletti- jonglage rebond<\/a><\/td><td class=\"column-2\">karen<\/td><td class=\"column-3\">Jonglage et rythme<\/td>\n<\/tr>\n<tr class=\"row-24 even\">\n\t<td class=\"column-1\"><a href=\"https:\/\/youtu.be\/3b3hwvszbmw\" rel=\"noopener noreferrer\" target=\"_blank\">Juzzie Smith<\/a><\/td><td class=\"column-2\">Aur\u00e9lien<\/td><td class=\"column-3\">jonglage et rythme<\/td>\n<\/tr>\n<tr class=\"row-25 odd\">\n\t<td class=\"column-1\"><a href=\"https:\/\/www.youtube.com\/watch?v=OTxlFOPYdfw\" rel=\"noopener noreferrer\" target=\"_blank\">Funny drumming<\/a><\/td><td class=\"column-2\">Javier<\/td><td class=\"column-3\">jonglage et rythme<\/td>\n<\/tr>\n<tr class=\"row-26 even\">\n\t<td class=\"column-1\"><a href=\"https:\/\/www.youtube.com\/watch?v=Xug2k3uw06o&amp;list=RD6i0mltupImI&amp;index=25&amp;ab_channel=NationalCentreforCircusArts\" rel=\"noopener noreferrer\" target=\"_blank\"><\/a><\/td><td class=\"column-2\">Diego<\/td><td class=\"column-3\"><\/td>\n<\/tr>\n<tr class=\"row-27 odd\">\n\t<td class=\"column-1\"><a href=\"https:\/\/youtu.be\/Xug2k3uw06o?list=RD6i0mltupImI\" rel=\"noopener noreferrer\" target=\"_blank\">Mike Corr acrobatic juggling<\/a><\/td><td class=\"column-2\">Diego<\/td><td class=\"column-3\">Jonglage et acrobatie<\/td>\n<\/tr>\n<tr class=\"row-28 even\">\n\t<td class=\"column-1\"><a href=\"https:\/\/youtu.be\/7PpxrpkLw-8\" rel=\"noopener noreferrer\" target=\"_blank\">toutes les figures \u00e0 3 balles!<\/a><\/td><td class=\"column-2\">Diego<\/td><td class=\"column-3\">figures \u00e0 3 balles<\/td>\n<\/tr>\n<tr class=\"row-29 odd\">\n\t<td class=\"column-1\"><a href=\"https:\/\/youtu.be\/epTpItzlcuM\" rel=\"noopener noreferrer\" target=\"_blank\">num\u00e9ro balles Messaoudi Brothers<\/a><\/td><td class=\"column-2\">Karen<\/td><td class=\"column-3\">num\u00e9ro de jonglage collectif<\/td>\n<\/tr>\n<tr class=\"row-30 even\">\n\t<td class=\"column-1\"><a href=\"https:\/\/youtu.be\/LNigMfLNhpg\" rel=\"noopener noreferrer\" target=\"_blank\">taylor tries <\/a><\/td><td class=\"column-2\">Diego<\/td><td class=\"column-3\">tutoriel figure \"tissage\"<\/td>\n<\/tr>\n<tr class=\"row-31 odd\">\n\t<td class=\"column-1\"><a href=\"https:\/\/youtu.be\/YB_sfnwbgvk\" rel=\"noopener noreferrer\" target=\"_blank\">Jay Gilligan<\/a><\/td><td class=\"column-2\">Diego<\/td><td class=\"column-3\">les \u00e9volutions d jonglage<\/td>\n<\/tr>\n<tr class=\"row-32 even\">\n\t<td class=\"column-1\"><a href=\"https:\/\/www.circus-planet.com\/fr\/content\/31-comment-devenir-un-bon-jongleur\" rel=\"noopener noreferrer\" target=\"_blank\">circus Planet<\/a><\/td><td class=\"column-2\">Diego<\/td><td class=\"column-3\">Comment progresser?<\/td>\n<\/tr>\n<tr class=\"row-33 odd\">\n\t<td class=\"column-1\"><a href=\"https:\/\/youtu.be\/e6SIZQYOqKU\" rel=\"noopener noreferrer\" target=\"_blank\">Wes peden<\/a><\/td><td class=\"column-2\">Diego<\/td><td class=\"column-3\">num\u00e9ro de jonglage 4 balles<\/td>\n<\/tr>\n<tr class=\"row-34 even\">\n\t<td class=\"column-1\"><a href=\"https:\/\/youtu.be\/dF_ZKoqNgAo\" rel=\"noopener noreferrer\" target=\"_blank\">Gena Shvartsman<\/a><\/td><td class=\"column-2\">Diego<\/td><td class=\"column-3\">championnat du monde de jonglage<\/td>\n<\/tr>\n<tr class=\"row-35 odd\">\n\t<td class=\"column-1\"><a href=\"http:\/\/gentlemanjongleur.com\/jonglerieetjonglages\/stars.html\" rel=\"noopener noreferrer\" target=\"_blank\">jongleries et jongleurs<\/a><\/td><td class=\"column-2\">Diego<\/td><td class=\"column-3\">stars du jonglage<\/td>\n<\/tr>\n<tr class=\"row-36 even\">\n\t<td class=\"column-1\"><a href=\"https:\/\/youtu.be\/LE_2nfT07gI\" rel=\"noopener noreferrer\" target=\"_blank\">combat juggling<\/a><\/td><td class=\"column-2\">Val\u00e9rie<\/td><td class=\"column-3\">jeux<\/td>\n<\/tr>\n<tr class=\"row-37 odd\">\n\t<td class=\"column-1\"><a href=\"https:\/\/youtu.be\/K7acYRjQ01U\" rel=\"noopener noreferrer\" target=\"_blank\">Vova Galchenko vs Anthony Gatto<\/a><\/td><td class=\"column-2\">Val\u00e9rie<\/td><td class=\"column-3\">comp\u00e9tition entre 2 jongleurs hors pair<\/td>\n<\/tr>\n<tr class=\"row-38 even\">\n\t<td class=\"column-1\"><a href=\"https:\/\/youtu.be\/rvxfXEHML4s\" rel=\"noopener noreferrer\" target=\"_blank\">taylor tries<\/a><\/td><td class=\"column-2\">Val\u00e9rie<\/td><td class=\"column-3\">les 5 premi\u00e8res figures en 3 balles<\/td>\n<\/tr>\n<tr class=\"row-39 odd\">\n\t<td class=\"column-1\"><a href=\"https:\/\/youtu.be\/GY37p99Sskk\" rel=\"noopener noreferrer\" target=\"_blank\">taylor tries<\/a><\/td><td class=\"column-2\">Val\u00e9rie<\/td><td class=\"column-3\">les 5 figures suivantes \u00e0 3 balles<\/td>\n<\/tr>\n<tr class=\"row-40 even\">\n\t<td class=\"column-1\"><a href=\"https:\/\/youtu.be\/yg0nMzrXgjA\" rel=\"noopener noreferrer\" target=\"_blank\">29 figures \u00e0 3 balles<\/a><\/td><td class=\"column-2\">Val\u00e9rie<\/td><td class=\"column-3\">d\u00e9monstration defigures 3 balles<\/td>\n<\/tr>\n<tr class=\"row-41 odd\">\n\t<td class=\"column-1\"><a href=\"https:\/\/youtu.be\/6htEgjE5Opo\" rel=\"noopener noreferrer\" target=\"_blank\">taylor tries<\/a><\/td><td class=\"column-2\">Val\u00e9rie<\/td><td class=\"column-3\">tuto Mill's mess 3 balles<\/td>\n<\/tr>\n<tr class=\"row-42 even\">\n\t<td class=\"column-1\"><a href=\"https:\/\/youtu.be\/q6AsllXpKBU\" rel=\"noopener noreferrer\" target=\"_blank\">jonglage rubiks cube<\/a><\/td><td class=\"column-2\">Karen<\/td><td class=\"column-3\">jonglage et rubik's cubes<\/td>\n<\/tr>\n<tr class=\"row-43 odd\">\n\t<td class=\"column-1\"><a href=\"https:\/\/youtu.be\/0rqeR-iLKYA\" rel=\"noopener noreferrer\" target=\"_blank\">balles contact<\/a><\/td><td class=\"column-2\">Sa\u00e9<\/td><td class=\"column-3\">Balles contact<\/td>\n<\/tr>\n<tr class=\"row-44 even\">\n\t<td class=\"column-1\"><a href=\"https:\/\/youtu.be\/voqYX8_VjvQ\" rel=\"noopener noreferrer\" target=\"_blank\">stylos<\/a><\/td><td class=\"column-2\">Iwa<\/td><td class=\"column-3\">Jonglage de stylos<\/td>\n<\/tr>\n<tr class=\"row-45 odd\">\n\t<td class=\"column-1\"><a href=\"https:\/\/youtu.be\/9SyrUV7sJ8Q\" rel=\"noopener noreferrer\" target=\"_blank\">anneaux<\/a><\/td><td class=\"column-2\">Val\u00e9rie<\/td><td class=\"column-3\">anneaux<\/td>\n<\/tr>\n<tr class=\"row-46 even\">\n\t<td class=\"column-1\"><a href=\"https:\/\/youtu.be\/xRSq-qZQLF4\" rel=\"noopener noreferrer\" target=\"_blank\">Convention de jonglage au Japon<\/a><\/td><td class=\"column-2\">Karen<\/td><td class=\"column-3\">Une convention de jonglage, qu'est ce que c'est?<\/td>\n<\/tr>\n<tr class=\"row-47 odd\">\n\t<td class=\"column-1\"><a href=\"https:\/\/youtu.be\/lP30u5kQznw\" rel=\"noopener noreferrer\" target=\"_blank\">records de jonglage<\/a><\/td><td class=\"column-2\">Diego<\/td><td class=\"column-3\">jonglage virtuose<\/td>\n<\/tr>\n<tr class=\"row-48 even\">\n\t<td class=\"column-1\"><a href=\"https:\/\/youtu.be\/NHOJAVjz2VE\" rel=\"noopener noreferrer\" target=\"_blank\">Cirque du Soleil Speed Juggler<\/a><\/td><td class=\"column-2\">Diego<\/td><td class=\"column-3\">num\u00e9ro<\/td>\n<\/tr>\n<tr class=\"row-49 odd\">\n\t<td class=\"column-1\"><a href=\"https:\/\/youtu.be\/esM8oHOO_rw\" rel=\"noopener noreferrer\" target=\"_blank\">jonglage enfant<\/a><\/td><td class=\"column-2\">Diego<\/td><td class=\"column-3\">Num\u00e9ro de jonglage enfant<\/td>\n<\/tr>\n<tr class=\"row-50 even\">\n\t<td class=\"column-1\"><a href=\"https:\/\/youtu.be\/w5MqvtiHpOw\" rel=\"noopener noreferrer\" target=\"_blank\">Joseph Viatte<\/a><\/td><td class=\"column-2\">Val\u00e9rie<\/td><td class=\"column-3\">Jonglage contact<\/td>\n<\/tr>\n<tr class=\"row-51 odd\">\n\t<td class=\"column-1\"><a href=\"https:\/\/youtu.be\/lOBy_8hF9ao\" rel=\"noopener noreferrer\" target=\"_blank\">jonglagge contact<\/a><\/td><td class=\"column-2\">Sa\u00e9<\/td><td class=\"column-3\">Bases du jonglage contact<\/td>\n<\/tr>\n<tr class=\"row-52 even\">\n\t<td class=\"column-1\"><a href=\"https:\/\/youtu.be\/chs0FTKywyU\" rel=\"noopener noreferrer\" target=\"_blank\">contact<\/a><\/td><td class=\"column-2\">Iwa<\/td><td class=\"column-3\">contact bases 2<\/td>\n<\/tr>\n<tr class=\"row-53 odd\">\n\t<td class=\"column-1\"><a href=\"https:\/\/youtu.be\/nwlhyrsWK7c\" rel=\"noopener noreferrer\" target=\"_blank\">contact<\/a><\/td><td class=\"column-2\">Val\u00e9rie<\/td><td class=\"column-3\">contact bases 1<\/td>\n<\/tr>\n<tr class=\"row-54 even\">\n\t<td class=\"column-1\"><a href=\"https:\/\/www.youtube.com\/watch?v=9fO6FRqyfN8\" rel=\"noopener noreferrer\" target=\"_blank\">douche<\/a><\/td><td class=\"column-2\">Line<\/td><td class=\"column-3\">douche \u00e0 2 et \u00e0 3 balles, \u00e9tapes interm\u00e9diaires<\/td>\n<\/tr>\n<tr class=\"row-55 odd\">\n\t<td class=\"column-1\"><a href=\"https:\/\/www.youtube.com\/watch?v=k6JTrnZ44gk&amp;t=33s\" rel=\"noopener noreferrer\" target=\"_blank\">\u00e9cole de cirque de Lyon<\/a><\/td><td class=\"column-2\">Chantal<\/td><td class=\"column-3\">figures 3 balles, initiation 4 balles<\/td>\n<\/tr>\n<tr class=\"row-56 even\">\n\t<td class=\"column-1\"><a href=\"https:\/\/www.youtube.com\/watch?v=B-myEeWe0LE&amp;t=83s\" rel=\"noopener noreferrer\" target=\"_blank\">\u00e9cole de cirque de Lyon<\/a><\/td><td class=\"column-2\">Chantal<\/td><td class=\"column-3\">\u00e9ducatifs 5 balles<\/td>\n<\/tr>\n<tr class=\"row-57 odd\">\n\t<td class=\"column-1\"><a href=\"https:\/\/www.youtube.com\/watch?v=sgDL8nAviI8&amp;t=4s\" rel=\"noopener noreferrer\" target=\"_blank\">\u00e9cole de cirque de Lyon<\/a><\/td><td class=\"column-2\">Chantal<\/td><td class=\"column-3\">figures 3 balles<\/td>\n<\/tr>\n<tr class=\"row-58 even\">\n\t<td class=\"column-1\"><a href=\"https:\/\/www.youtube.com\/watch?v=sgDL8nAviI8&amp;t=4s\" rel=\"noopener noreferrer\" target=\"_blank\">\u00e9cole de cirque de Lyon<\/a><\/td><td class=\"column-2\">Chantal<\/td><td class=\"column-3\">figures \u00e0 3 balles, suite<\/td>\n<\/tr>\n<tr class=\"row-59 odd\">\n\t<td class=\"column-1\"><\/td><td class=\"column-2\"><\/td><td class=\"column-3\"><\/td>\n<\/tr>\n<tr class=\"row-60 even\">\n\t<td class=\"column-1\"><\/td><td class=\"column-2\"><\/td><td class=\"column-3\"><\/td>\n<\/tr>\n<\/tbody>\n<\/table>\n<!-- #tablepress-3 from cache --><\/p>\n\n\n\n<div class=\"wp-block-image\"><figure class=\"aligncenter size-large is-resized\"><a href=\"https:\/\/www.tewhoola.com\/accueil\/ecole-de-cirque-tewhoola\/cirquecole-en-ligne\/jonglage-diego\/wiki-juggling\/modeles-de-jonglage\/\"><img loading=\"lazy\" decoding=\"async\" src=\"https:\/\/www.tewhoola.com\/wp-content\/uploads\/2020\/07\/60043.gif\" alt=\"\" class=\"wp-image-9749\" width=\"182\" height=\"281\"\/><\/a><figcaption><strong><span class=\"has-inline-color has-vivid-red-color\">Salut les jongleurs!<\/span><\/strong> <strong><span class=\"has-inline-color has-vivid-red-color\">si vous arrivez \u00e0 cliquer sur une balle, je vous montre d&#8217;autres figures<span class=\"has-inline-color has-vivid-red-color\"><\/span><\/span><\/strong><\/figcaption><\/figure><\/div>\n\n\n\n<div style=\"height:125px\" aria-hidden=\"true\" class=\"wp-block-spacer\"><\/div>\n\n\n\n<p><\/p>\n","protected":false},"excerpt":{"rendered":"<p>Ici nous mettons \u00e0 disposition des ressources en ligne sur diff\u00e9rents th\u00e8mes de jonglage. Avec le temps, cette m\u00e9diath\u00e8que du jonglage s&#8217;enrichit des apports de chacun des participants. Envoyez-nous vos recherches, vos id\u00e9es et vos trouvailles en laissant un commentaire ci-dessous pour qu&#8217;elles soient publi\u00e9es ici:<\/p>\n","protected":false},"author":1,"featured_media":0,"parent":9037,"menu_order":0,"comment_status":"open","ping_status":"closed","template":"","meta":{"footnotes":""},"class_list":["post-9358","page","type-page","status-publish","hentry"],"_links":{"self":[{"href":"https:\/\/www.tewhoola.com\/accueil\/wp-json\/wp\/v2\/pages\/9358"}],"collection":[{"href":"https:\/\/www.tewhoola.com\/accueil\/wp-json\/wp\/v2\/pages"}],"about":[{"href":"https:\/\/www.tewhoola.com\/accueil\/wp-json\/wp\/v2\/types\/page"}],"author":[{"embeddable":true,"href":"https:\/\/www.tewhoola.com\/accueil\/wp-json\/wp\/v2\/users\/1"}],"replies":[{"embeddable":true,"href":"https:\/\/www.tewhoola.com\/accueil\/wp-json\/wp\/v2\/comments?post=9358"}],"version-history":[{"count":19,"href":"https:\/\/www.tewhoola.com\/accueil\/wp-json\/wp\/v2\/pages\/9358\/revisions"}],"predecessor-version":[{"id":10918,"href":"https:\/\/www.tewhoola.com\/accueil\/wp-json\/wp\/v2\/pages\/9358\/revisions\/10918"}],"up":[{"embeddable":true,"href":"https:\/\/www.tewhoola.com\/accueil\/wp-json\/wp\/v2\/pages\/9037"}],"wp:attachment":[{"href":"https:\/\/www.tewhoola.com\/accueil\/wp-json\/wp\/v2\/media?parent=9358"}],"curies":[{"name":"wp","href":"https:\/\/api.w.org\/{rel}","templated":true}]}}